{"id":115703,"date":"2026-03-19T11:56:33","date_gmt":"2026-03-19T10:56:33","guid":{"rendered":"https:\/\/www.sport4club.be\/?post_type=product&#038;p=115703"},"modified":"2026-03-19T11:56:34","modified_gmt":"2026-03-19T10:56:34","slug":"nox-pants-men-team-moon-grey","status":"publish","type":"product","link":"https:\/\/www.sport4club.be\/index.php\/product\/nox-pants-men-team-moon-grey\/","title":{"rendered":"Nox Pants Men Team Moon Grey"},"content":{"rendered":"<p><span dir=\"auto\">Confort, design et technologie se conjuguent dans ce pantalon gris lunaire, issu de la nouvelle collection NOX.<\/span><\/p>\n<p><span dir=\"auto\">Confectionn\u00e9es dans un tissu respirant, extra doux au toucher et d&#8217;une grande souplesse, elles s&#8217;adaptent parfaitement au corps et offrent une totale libert\u00e9 de mouvement.<\/span><\/p>\n<p><span dir=\"auto\">Sa coupe classique et sa conception l\u00e9g\u00e8re offrent chaleur et confort sur et en dehors du terrain.<\/span><\/p>\n<p><span dir=\"auto\">Gr\u00e2ce \u00e0 sa composition de 90 % de polyester et 10 % d&#8217;\u00e9lasthanne, ce v\u00eatement garantit r\u00e9sistance, \u00e9lasticit\u00e9 et style \u00e0 chaque match.<\/span><\/p>\n","protected":false},"excerpt":{"rendered":"<p>Confort, design et technologie se conjuguent dans ce pantalon gris lunaire, issu de la nouvelle collection NOX. Confectionn\u00e9es dans un tissu respirant, extra doux au toucher et d&#8217;une grande souplesse, elles s&#8217;adaptent parfaitement au corps et offrent une totale libert\u00e9 de mouvement. Sa coupe classique et sa conception l\u00e9g\u00e8re offrent chaleur et confort sur et [&hellip;]<\/p>\n","protected":false},"featured_media":115704,"comment_status":"open","ping_status":"closed","template":"","meta":[],"product_cat":[85],"product_tag":[],"_links":{"self":[{"href":"https:\/\/www.sport4club.be\/index.php\/wp-json\/wp\/v2\/product\/115703"}],"collection":[{"href":"https:\/\/www.sport4club.be\/index.php\/wp-json\/wp\/v2\/product"}],"about":[{"href":"https:\/\/www.sport4club.be\/index.php\/wp-json\/wp\/v2\/types\/product"}],"replies":[{"embeddable":true,"href":"https:\/\/www.sport4club.be\/index.php\/wp-json\/wp\/v2\/comments?post=115703"}],"wp:featuredmedia":[{"embeddable":true,"href":"https:\/\/www.sport4club.be\/index.php\/wp-json\/wp\/v2\/media\/115704"}],"wp:attachment":[{"href":"https:\/\/www.sport4club.be\/index.php\/wp-json\/wp\/v2\/media?parent=115703"}],"wp:term":[{"taxonomy":"product_cat","embeddable":true,"href":"https:\/\/www.sport4club.be\/index.php\/wp-json\/wp\/v2\/product_cat?post=115703"},{"taxonomy":"product_tag","embeddable":true,"href":"https:\/\/www.sport4club.be\/index.php\/wp-json\/wp\/v2\/product_tag?post=115703"}],"curies":[{"name":"wp","href":"https:\/\/api.w.org\/{rel}","templated":true}]}}