{"id":115683,"date":"2026-03-19T11:43:42","date_gmt":"2026-03-19T10:43:42","guid":{"rendered":"https:\/\/www.sport4club.be\/?post_type=product&#038;p=115683"},"modified":"2026-03-19T11:43:42","modified_gmt":"2026-03-19T10:43:42","slug":"nox-pants-men-team-black","status":"publish","type":"product","link":"https:\/\/www.sport4club.be\/index.php\/product\/nox-pants-men-team-black\/","title":{"rendered":"Nox Pants Men Team Black"},"content":{"rendered":"<p><span dir=\"auto\">Ce pantalon noir classique est con\u00e7u pour offrir un \u00e9quilibre parfait entre performance et confort.<\/span><\/p>\n<p><span dir=\"auto\">Fabriqu\u00e9es dans un tissu technique respirant, extra doux au toucher et d&#8217;une grande flexibilit\u00e9, elles s&#8217;adaptent au corps, favorisant la libert\u00e9 de mouvement pendant le jeu.<\/span><\/p>\n<p><span dir=\"auto\">Sa coupe classique et sa composition \u00e0 90 % de polyester et 10 % d&#8217;\u00e9lasthanne garantissent une structure l\u00e9g\u00e8re, chaude et confortable, aussi bien pour les entra\u00eenements intensifs que pour vos moments de d\u00e9tente en dehors du terrain.<\/span><\/p>\n","protected":false},"excerpt":{"rendered":"<p>Ce pantalon noir classique est con\u00e7u pour offrir un \u00e9quilibre parfait entre performance et confort. Fabriqu\u00e9es dans un tissu technique respirant, extra doux au toucher et d&#8217;une grande flexibilit\u00e9, elles s&#8217;adaptent au corps, favorisant la libert\u00e9 de mouvement pendant le jeu. Sa coupe classique et sa composition \u00e0 90 % de polyester et 10 % [&hellip;]<\/p>\n","protected":false},"featured_media":115684,"comment_status":"open","ping_status":"closed","template":"","meta":[],"product_cat":[85],"product_tag":[],"_links":{"self":[{"href":"https:\/\/www.sport4club.be\/index.php\/wp-json\/wp\/v2\/product\/115683"}],"collection":[{"href":"https:\/\/www.sport4club.be\/index.php\/wp-json\/wp\/v2\/product"}],"about":[{"href":"https:\/\/www.sport4club.be\/index.php\/wp-json\/wp\/v2\/types\/product"}],"replies":[{"embeddable":true,"href":"https:\/\/www.sport4club.be\/index.php\/wp-json\/wp\/v2\/comments?post=115683"}],"wp:featuredmedia":[{"embeddable":true,"href":"https:\/\/www.sport4club.be\/index.php\/wp-json\/wp\/v2\/media\/115684"}],"wp:attachment":[{"href":"https:\/\/www.sport4club.be\/index.php\/wp-json\/wp\/v2\/media?parent=115683"}],"wp:term":[{"taxonomy":"product_cat","embeddable":true,"href":"https:\/\/www.sport4club.be\/index.php\/wp-json\/wp\/v2\/product_cat?post=115683"},{"taxonomy":"product_tag","embeddable":true,"href":"https:\/\/www.sport4club.be\/index.php\/wp-json\/wp\/v2\/product_tag?post=115683"}],"curies":[{"name":"wp","href":"https:\/\/api.w.org\/{rel}","templated":true}]}}