{"id":115673,"date":"2026-03-19T11:36:01","date_gmt":"2026-03-19T10:36:01","guid":{"rendered":"https:\/\/www.sport4club.be\/?post_type=product&#038;p=115673"},"modified":"2026-03-19T11:36:01","modified_gmt":"2026-03-19T10:36:01","slug":"nox-sweat-men-street-oat-cream","status":"publish","type":"product","link":"https:\/\/www.sport4club.be\/index.php\/product\/nox-sweat-men-street-oat-cream\/","title":{"rendered":"Nox Sweat Men Street Oat Cream"},"content":{"rendered":"<p><span dir=\"auto\">Parfait aussi bien pour les entra\u00eenements intensifs que pour vos moments de d\u00e9tente, ce sweat-shirt pour homme couleur cr\u00e8me d&#8217;avoine se distingue par son \u00e9quilibre entre confort et performance.<\/span><\/p>\n<p><span dir=\"auto\">Confectionn\u00e9e dans un tissu respirant, extra doux au toucher et d&#8217;une grande \u00e9lasticit\u00e9, elle s&#8217;adapte au corps, offrant une totale libert\u00e9 de mouvement et une chaleur constante.<\/span><\/p>\n<p><span dir=\"auto\">Il int\u00e8gre \u00e9galement un syst\u00e8me pratique pour fixer ou ranger les cordons du cou, ajoutant ainsi une fonctionnalit\u00e9 suppl\u00e9mentaire \u00e0 sa conception.<\/span><\/p>\n<p><span dir=\"auto\">Sa structure l\u00e9g\u00e8re et flexible, compos\u00e9e \u00e0 84 % de polyester et \u00e0 10 % d&#8217;\u00e9lasthanne, en fait un v\u00eatement id\u00e9al pour ajouter style et fonctionnalit\u00e9 \u00e0 votre \u00e9quipement sportif.<\/span><\/p>\n","protected":false},"excerpt":{"rendered":"<p>Parfait aussi bien pour les entra\u00eenements intensifs que pour vos moments de d\u00e9tente, ce sweat-shirt pour homme couleur cr\u00e8me d&#8217;avoine se distingue par son \u00e9quilibre entre confort et performance. Confectionn\u00e9e dans un tissu respirant, extra doux au toucher et d&#8217;une grande \u00e9lasticit\u00e9, elle s&#8217;adapte au corps, offrant une totale libert\u00e9 de mouvement et une chaleur [&hellip;]<\/p>\n","protected":false},"featured_media":115674,"comment_status":"open","ping_status":"closed","template":"","meta":[],"product_cat":[85],"product_tag":[],"_links":{"self":[{"href":"https:\/\/www.sport4club.be\/index.php\/wp-json\/wp\/v2\/product\/115673"}],"collection":[{"href":"https:\/\/www.sport4club.be\/index.php\/wp-json\/wp\/v2\/product"}],"about":[{"href":"https:\/\/www.sport4club.be\/index.php\/wp-json\/wp\/v2\/types\/product"}],"replies":[{"embeddable":true,"href":"https:\/\/www.sport4club.be\/index.php\/wp-json\/wp\/v2\/comments?post=115673"}],"wp:featuredmedia":[{"embeddable":true,"href":"https:\/\/www.sport4club.be\/index.php\/wp-json\/wp\/v2\/media\/115674"}],"wp:attachment":[{"href":"https:\/\/www.sport4club.be\/index.php\/wp-json\/wp\/v2\/media?parent=115673"}],"wp:term":[{"taxonomy":"product_cat","embeddable":true,"href":"https:\/\/www.sport4club.be\/index.php\/wp-json\/wp\/v2\/product_cat?post=115673"},{"taxonomy":"product_tag","embeddable":true,"href":"https:\/\/www.sport4club.be\/index.php\/wp-json\/wp\/v2\/product_tag?post=115673"}],"curies":[{"name":"wp","href":"https:\/\/api.w.org\/{rel}","templated":true}]}}