{"id":115595,"date":"2026-02-16T12:36:21","date_gmt":"2026-02-16T11:36:21","guid":{"rendered":"https:\/\/www.sport4club.be\/?post_type=product&#038;p=115595"},"modified":"2026-02-16T12:36:22","modified_gmt":"2026-02-16T11:36:22","slug":"nox-ea10-ventus-attack-12k-26","status":"publish","type":"product","link":"https:\/\/www.sport4club.be\/index.php\/product\/nox-ea10-ventus-attack-12k-26\/","title":{"rendered":"Nox EA10 Ventus Attack 12K 26"},"content":{"rendered":"<p><span dir=\"auto\">La raquette\u00a0<\/span><strong><span dir=\"auto\">EA10 Ventus Attack 12K XTREM,<\/span><\/strong><span dir=\"auto\">\u00a0con\u00e7ue en collaboration avec Edu Alonso, est destin\u00e9e aux joueurs souhaitant dominer le jeu offensif et faire la diff\u00e9rence \u00e0 chaque smash. Elle int\u00e8gre le\u00a0<\/span><strong><span dir=\"auto\">nouveau moule de la collection Luxury 2026<\/span><\/strong><span dir=\"auto\">\u00a0, qui am\u00e9liore l&#8217;a\u00e9rodynamisme et les performances globales.<\/span><\/p>\n<p><span dir=\"auto\">Sa forme en diamant, son manche plus long et son \u00e9quilibre \u00e9lev\u00e9 pour l&#8217;attaque permettent des coups puissants tout en conservant la pr\u00e9cision n\u00e9cessaire pour contr\u00f4ler les moments d\u00e9cisifs du jeu.<\/span><\/p>\n<p><span dir=\"auto\">L&#8217;association du\u00a0\u00a0<\/span><strong><span dir=\"auto\">carbone 12K Xtrem<\/span><\/strong><span dir=\"auto\">\u00a0sur ses faces et du noyau\u00a0<\/span><strong><span dir=\"auto\">MLD Black Eva<\/span><\/strong><span dir=\"auto\">\u00a0garantit un toucher ferme, un excellent retour de balle et une stabilit\u00e9 m\u00eame lors des \u00e9changes les plus exigeants.<\/span><\/p>\n<p><strong><span dir=\"auto\">CARBONE 12K XTREM<\/span><\/strong><\/p>\n<p><span dir=\"auto\">Carbone avec une finition haut de gamme et une surface plus uniforme et raffin\u00e9e, offrant une esth\u00e9tique \u00e9l\u00e9gante et distinctive. Sa structure optimis\u00e9e am\u00e9liore la rigidit\u00e9 et la durabilit\u00e9, garantissant des performances optimales sur chaque frappe.<\/span><\/p>\n<p><strong><span dir=\"auto\">EVA NOIR MULTICOUCHE (EVA MLD)<\/span><\/strong><br \/>\n<span dir=\"auto\">Noyau multicouche offrant diff\u00e9rentes densit\u00e9s de caoutchouc pour optimiser la vitesse de sortie de balle sur les coups d\u00e9fensifs \u00e0 basse vitesse et la puissance sur les smashs.\u00a0<\/span><\/p>\n<p><strong><span dir=\"auto\">CADRE EN CARBONE<\/span><\/strong><br \/>\n<span dir=\"auto\">Cadre en carbone. L&#8217;utilisation de ce mat\u00e9riau conf\u00e8re une rigidit\u00e9 et une durabilit\u00e9 accrues au cadre et \u00e0 la raquette dans son ensemble.<\/span><\/p>\n<p><strong><span dir=\"auto\">DOUBLE EFFET<\/span><\/strong><br \/>\n<span dir=\"auto\">La combinaison de deux textures de surface, avec une texture 3D et une finition sabl\u00e9e, \u00e9largit la gamme de frappes, permettant tous les types d&#8217;effets. Cette double texture combin\u00e9e maximise la g\u00e9n\u00e9ration d&#8217;effets sans compromettre la durabilit\u00e9 de la raquette.<\/span><\/p>\n<p><strong><span dir=\"auto\">STRUCTURE COMPOSITE DYNAMIQUE (DCS) :<\/span><\/strong><br \/>\n<span dir=\"auto\">En int\u00e9grant davantage de mat\u00e9riau du cadre jusqu&#8217;\u00e0 quatre centim\u00e8tres vers le tamis, nous \u00e9liminons la diff\u00e9rence notable de duret\u00e9 entre le cadre et le tamis. Ceci r\u00e9duit le risque de rupture des fibres lors de la frappe de la balle avec la partie ext\u00e9rieure de la raquette.<\/span><\/p>\n<p><strong><span dir=\"auto\">SYST\u00c8ME PULSE :<\/span><\/strong><br \/>\n<span dir=\"auto\">Les vibrations transmises \u00e0 la main du joueur sont r\u00e9duites gr\u00e2ce \u00e0 l&#8217;insertion de caoutchoucs lat\u00e9raux s&#8217;\u00e9tendant de la base du cadre jusqu&#8217;au bas du capuchon de la raquette.<\/span><\/p>\n<p><strong><span dir=\"auto\">GRIP PERSONNALIS\u00c9 :<\/span><\/strong><br \/>\n<span dir=\"auto\">Technologie novatrice int\u00e9grant le grip NOX Custom Grip\u00ae brevet\u00e9, certifi\u00e9 par Testea Padel pour une meilleure adh\u00e9rence et des vibrations r\u00e9duites.<\/span><\/p>\n<p><strong><span dir=\"auto\">SMARTSTRAP :<\/span><\/strong><br \/>\n<span dir=\"auto\">La nouvelle Smart Strap est la toute derni\u00e8re technologie int\u00e9gr\u00e9e \u00e0 la nouvelle collection de raquettes, permettant un changement de cordon de grip simple et rapide.<\/span><\/p>\n<p><strong><span dir=\"auto\">EOS TUNNEL :<\/span><\/strong><br \/>\n<span dir=\"auto\">Les perforations lat\u00e9rales int\u00e9gr\u00e9es au manche am\u00e9liorent l&#8217;a\u00e9rodynamisme, la maniabilit\u00e9 et optimisent la r\u00e9partition du poids, pour une raquette plus rapide, plus agile et plus pr\u00e9cise \u00e0 chaque frappe.<\/span><\/p>\n","protected":false},"excerpt":{"rendered":"<p>La raquette\u00a0EA10 Ventus Attack 12K XTREM,\u00a0con\u00e7ue en collaboration avec Edu Alonso, est destin\u00e9e aux joueurs souhaitant dominer le jeu offensif et faire la diff\u00e9rence \u00e0 chaque smash. Elle int\u00e8gre le\u00a0nouveau moule de la collection Luxury 2026\u00a0, qui am\u00e9liore l&#8217;a\u00e9rodynamisme et les performances globales. Sa forme en diamant, son manche plus long et son \u00e9quilibre \u00e9lev\u00e9 [&hellip;]<\/p>\n","protected":false},"featured_media":115596,"comment_status":"open","ping_status":"closed","template":"","meta":[],"product_cat":[84],"product_tag":[],"_links":{"self":[{"href":"https:\/\/www.sport4club.be\/index.php\/wp-json\/wp\/v2\/product\/115595"}],"collection":[{"href":"https:\/\/www.sport4club.be\/index.php\/wp-json\/wp\/v2\/product"}],"about":[{"href":"https:\/\/www.sport4club.be\/index.php\/wp-json\/wp\/v2\/types\/product"}],"replies":[{"embeddable":true,"href":"https:\/\/www.sport4club.be\/index.php\/wp-json\/wp\/v2\/comments?post=115595"}],"wp:featuredmedia":[{"embeddable":true,"href":"https:\/\/www.sport4club.be\/index.php\/wp-json\/wp\/v2\/media\/115596"}],"wp:attachment":[{"href":"https:\/\/www.sport4club.be\/index.php\/wp-json\/wp\/v2\/media?parent=115595"}],"wp:term":[{"taxonomy":"product_cat","embeddable":true,"href":"https:\/\/www.sport4club.be\/index.php\/wp-json\/wp\/v2\/product_cat?post=115595"},{"taxonomy":"product_tag","embeddable":true,"href":"https:\/\/www.sport4club.be\/index.php\/wp-json\/wp\/v2\/product_tag?post=115595"}],"curies":[{"name":"wp","href":"https:\/\/api.w.org\/{rel}","templated":true}]}}