{"id":11559,"date":"2018-12-15T08:51:26","date_gmt":"2018-12-15T07:51:26","guid":{"rendered":"https:\/\/www.sport4club.be\/?post_type=product&#038;p=11559"},"modified":"2020-03-15T10:41:38","modified_gmt":"2020-03-15T09:41:38","slug":"babolat-core-flag-club-tee-filles","status":"publish","type":"product","link":"https:\/\/www.sport4club.be\/index.php\/product\/babolat-core-flag-club-tee-filles\/","title":{"rendered":"Babolat Core Flag club tee filles"},"content":{"rendered":"<h4 class=\"fs16 none fbold color3\"><em>TECHNICIT\u00c9 ET LIBERT\u00c9 DE MOUVEMENT POUR CE TEE-SHIRT D&#8217;ENTRA\u00ceNEMENT<\/em><\/h4>\n<div class=\"grid_12 omega\"><em>Tee\u00a0shirt de tennis d&#8217;entra\u00eenement. <\/em><\/div>\n<div class=\"grid_12 omega\"><em>L\u00e9ger et doux gr\u00e2ce \u00e0 sa technologie Fiberdry, ce produit au design \u00e9pur\u00e9\u00a0est id\u00e9al pour les clubs souhaitant ajouter leur logo et\/ou celui des sponsors. <\/em><\/div>\n<div class=\"grid_12 omega\"><em>Gr\u00e2ce \u00e0 ses 2 bandes r\u00e9fl\u00e9chissantes sur la manche, le Core Flag Club Tee pourra \u00eatre \u00e9galement utilis\u00e9 pour le running. <\/em><\/div>\n<div class=\"grid_12 omega\"><em>Existe en adulte et en junior.<\/em><\/div>\n","protected":false},"excerpt":{"rendered":"<p>TECHNICIT\u00c9 ET LIBERT\u00c9 DE MOUVEMENT POUR CE TEE-SHIRT D&#8217;ENTRA\u00ceNEMENT Tee\u00a0shirt de tennis d&#8217;entra\u00eenement. L\u00e9ger et doux gr\u00e2ce \u00e0 sa technologie Fiberdry, ce produit au design \u00e9pur\u00e9\u00a0est id\u00e9al pour les clubs souhaitant ajouter leur logo et\/ou celui des sponsors. Gr\u00e2ce \u00e0 ses 2 bandes r\u00e9fl\u00e9chissantes sur la manche, le Core Flag Club Tee pourra \u00eatre \u00e9galement [&hellip;]<\/p>\n","protected":false},"featured_media":11560,"comment_status":"open","ping_status":"closed","template":"","meta":[],"product_cat":[483],"product_tag":[],"_links":{"self":[{"href":"https:\/\/www.sport4club.be\/index.php\/wp-json\/wp\/v2\/product\/11559"}],"collection":[{"href":"https:\/\/www.sport4club.be\/index.php\/wp-json\/wp\/v2\/product"}],"about":[{"href":"https:\/\/www.sport4club.be\/index.php\/wp-json\/wp\/v2\/types\/product"}],"replies":[{"embeddable":true,"href":"https:\/\/www.sport4club.be\/index.php\/wp-json\/wp\/v2\/comments?post=11559"}],"wp:featuredmedia":[{"embeddable":true,"href":"https:\/\/www.sport4club.be\/index.php\/wp-json\/wp\/v2\/media\/11560"}],"wp:attachment":[{"href":"https:\/\/www.sport4club.be\/index.php\/wp-json\/wp\/v2\/media?parent=11559"}],"wp:term":[{"taxonomy":"product_cat","embeddable":true,"href":"https:\/\/www.sport4club.be\/index.php\/wp-json\/wp\/v2\/product_cat?post=11559"},{"taxonomy":"product_tag","embeddable":true,"href":"https:\/\/www.sport4club.be\/index.php\/wp-json\/wp\/v2\/product_tag?post=11559"}],"curies":[{"name":"wp","href":"https:\/\/api.w.org\/{rel}","templated":true}]}}