{"id":115583,"date":"2026-02-16T12:09:57","date_gmt":"2026-02-16T11:09:57","guid":{"rendered":"https:\/\/www.sport4club.be\/?post_type=product&#038;p=115583"},"modified":"2026-02-16T12:09:58","modified_gmt":"2026-02-16T11:09:58","slug":"nox-at10-genius-attack-12k-alum-xtrem-26","status":"publish","type":"product","link":"https:\/\/www.sport4club.be\/index.php\/product\/nox-at10-genius-attack-12k-alum-xtrem-26\/","title":{"rendered":"Nox AT10 Genius Attack 12K Alum Xtrem 26"},"content":{"rendered":"<p><span dir=\"auto\">La\u00a0<\/span><strong><span dir=\"auto\">raquette AT10 12K Alum XTREM Attack 2026<\/span><\/strong><span dir=\"auto\">\u00a0a \u00e9t\u00e9 d\u00e9velopp\u00e9e en collaboration avec Agust\u00edn Tapia pour les joueurs les plus agressifs \u00e0 la recherche d&#8217;une puissance maximale et d&#8217;une sensation solide et ferme \u00e0 chaque frappe.\u00a0<\/span><\/p>\n<p><span dir=\"auto\">Avec sa forme en diamant, son \u00e9quilibre \u00e9lev\u00e9 et son manche allong\u00e9, elle offre un jeu offensif sans sacrifier le contr\u00f4le. Elle int\u00e8gre les principales innovations de la nouvelle collection AT10\u00a0: le syst\u00e8me\u00a0<\/span><strong><span dir=\"auto\">Weight Balance<\/span><\/strong><span dir=\"auto\">\u00a0, qui permet de personnaliser l\u2019\u00e9quilibre de la raquette\u00a0; la\u00a0<\/span><strong><span dir=\"auto\">peinture Chromic Paint r\u00e9active\u00a0;<\/span><\/strong><span dir=\"auto\">\u00a0et la surface\u00a0<\/span><strong><span dir=\"auto\">Dual Spin<\/span><\/strong><span dir=\"auto\">\u00a0, qui am\u00e9liore la prise d\u2019effet.<\/span><\/p>\n<p><span dir=\"auto\">En plus d&#8217;\u00eatre con\u00e7u avec un nouveau moule, il inaugure le nouveau\u00a0<\/span><strong><span dir=\"auto\">12K Alum Xtrem Carbon<\/span><\/strong><span dir=\"auto\"> , un d\u00e9veloppement exclusif de NOX qui offre une plus grande rigidit\u00e9, une surface plus fine et plus uniforme, une plus grande durabilit\u00e9 et des performances stables m\u00eame en cas de\u00a0<\/span><span dir=\"auto\">variations de temp\u00e9rature extr\u00eames.<\/span><\/p>\n<p><strong><span dir=\"auto\">CARBON 12K ALUM XTREM :<\/span><\/strong><\/p>\n<p><span dir=\"auto\">Fibre de carbone r\u00e9duisant de 50 % l&#8217;ondulation et l&#8217;entrelacement des fibres, pour une surface plus fine, plus lisse et plus uniforme. Elle offre une rigidit\u00e9 accrue, une finition plus nette et plus durable, et gr\u00e2ce au rev\u00eatement aluminis\u00e9, des performances constantes malgr\u00e9 les variations de temp\u00e9rature.<\/span><\/p>\n<p><strong><span dir=\"auto\">HR3 BLACK EVA :<\/span><\/strong><br \/>\n<span dir=\"auto\">Noyau en caoutchouc HR3 noir haute densit\u00e9 pour un effet m\u00e9moire sup\u00e9rieur. Il en r\u00e9sulte une puissance de frappe accrue, notamment sur les smashs.<\/span><\/p>\n<p><strong><span dir=\"auto\">\u00c9QUILIBRE DU POIDS<\/span><\/strong><br \/>\n<span dir=\"auto\">Syst\u00e8me de contrepoids interchangeable permettant d&#8217;ajuster le poids et l&#8217;\u00e9quilibre de la raquette selon les pr\u00e9f\u00e9rences du joueur. Il comprend des pi\u00e8ces de 2 g et 4 g faciles \u00e0 installer et compatibles avec l&#8217;utilisation de prot\u00e8ge-lames de marque.\u00a0<\/span><\/p>\n<p><strong><span dir=\"auto\">CADRE EN CARBONE<\/span><\/strong><br \/>\n<span dir=\"auto\">Cadre en carbone. L&#8217;utilisation de ce mat\u00e9riau conf\u00e8re une rigidit\u00e9 et une durabilit\u00e9 accrues au cadre et \u00e0 la raquette dans son ensemble.<\/span><\/p>\n<p><strong><span dir=\"auto\">DOUBLE EFFET\u00a0<\/span><\/strong><br \/>\n<span dir=\"auto\">Combinaison de deux techniques de surface rugueuse, avec une texture 3D et une finition sabl\u00e9e, qui \u00e9largit la palette de coups et permet de r\u00e9aliser tous types d&#8217;effets. Cette double rugosit\u00e9 combin\u00e9e maximise la g\u00e9n\u00e9ration d&#8217;effets sans compromettre la durabilit\u00e9 de la raquette.<\/span><\/p>\n<p><strong><span dir=\"auto\">EOS TUNNEL :<\/span><\/strong><br \/>\n<span dir=\"auto\">Les perforations lat\u00e9rales int\u00e9gr\u00e9es au m\u00e2t am\u00e9liorent l&#8217;a\u00e9rodynamisme, la maniabilit\u00e9 et optimisent la r\u00e9partition du poids, pour une raquette plus rapide, plus agile et plus pr\u00e9cise \u00e0 chaque frappe.<\/span><\/p>\n<p><strong><span dir=\"auto\">STRUCTURE COMPOSITE DYNAMIQUE (DCS) :<\/span><\/strong><br \/>\n<span dir=\"auto\">En int\u00e9grant davantage de mat\u00e9riau du cadre jusqu&#8217;\u00e0 quatre centim\u00e8tres dans la face, nous \u00e9liminons la diff\u00e9rence de duret\u00e9 perceptible entre le cadre et la face. Cela r\u00e9duit le risque de casse des fibres lors de la frappe avec la partie ext\u00e9rieure de la raquette.<\/span><\/p>\n<p><strong><span dir=\"auto\">GRIP OVERSIZE :<\/span><\/strong><br \/>\n<span dir=\"auto\">Une extension de grip de 30 mm pour les joueurs ayant besoin d&#8217;une prise en main plus longue, qu&#8217;ils aient de grandes mains ou pr\u00e9f\u00e8rent simplement un manche plus long.<\/span><\/p>\n<p><strong><span dir=\"auto\">PEINTURE PHOTOCHROMIQUE :<\/span><\/strong><br \/>\n<span dir=\"auto\">Une peinture r\u00e9active au c\u0153ur de la raquette se synchronise avec la couleur du caoutchouc, offrant une esth\u00e9tique harmonieuse et saisissante.<\/span><\/p>\n<p><strong><span dir=\"auto\">SYST\u00c8ME PULSE :<\/span><\/strong><br \/>\n<span dir=\"auto\">Les vibrations transmises \u00e0 la main du joueur sont r\u00e9duites gr\u00e2ce \u00e0 l&#8217;insertion de caoutchoucs lat\u00e9raux s&#8217;\u00e9tendant de la base du cadre jusqu&#8217;au bas du capuchon de la raquette.<\/span><\/p>\n<p><strong><span dir=\"auto\">POIGN\u00c9E PERSONNALIS\u00c9E<\/span><\/strong><br \/>\n<span dir=\"auto\">Une technologie novatrice int\u00e9grant la technologie brevet\u00e9e NOX Custom Grip\u00ae, certifi\u00e9e par Testea Padel pour une meilleure adh\u00e9rence et des vibrations r\u00e9duites.<\/span><\/p>\n<p><strong><span dir=\"auto\">SMARTSTRAP<\/span><\/strong><br \/>\n<span dir=\"auto\">La nouvelle Smart Strap est la toute derni\u00e8re technologie int\u00e9gr\u00e9e \u00e0 la nouvelle collection de raquettes, permettant de changer facilement et rapidement le cordon de la poign\u00e9e.<\/span><\/p>\n","protected":false},"excerpt":{"rendered":"<p>La\u00a0raquette AT10 12K Alum XTREM Attack 2026\u00a0a \u00e9t\u00e9 d\u00e9velopp\u00e9e en collaboration avec Agust\u00edn Tapia pour les joueurs les plus agressifs \u00e0 la recherche d&#8217;une puissance maximale et d&#8217;une sensation solide et ferme \u00e0 chaque frappe.\u00a0 Avec sa forme en diamant, son \u00e9quilibre \u00e9lev\u00e9 et son manche allong\u00e9, elle offre un jeu offensif sans sacrifier le [&hellip;]<\/p>\n","protected":false},"featured_media":115584,"comment_status":"open","ping_status":"closed","template":"","meta":[],"product_cat":[84],"product_tag":[],"_links":{"self":[{"href":"https:\/\/www.sport4club.be\/index.php\/wp-json\/wp\/v2\/product\/115583"}],"collection":[{"href":"https:\/\/www.sport4club.be\/index.php\/wp-json\/wp\/v2\/product"}],"about":[{"href":"https:\/\/www.sport4club.be\/index.php\/wp-json\/wp\/v2\/types\/product"}],"replies":[{"embeddable":true,"href":"https:\/\/www.sport4club.be\/index.php\/wp-json\/wp\/v2\/comments?post=115583"}],"wp:featuredmedia":[{"embeddable":true,"href":"https:\/\/www.sport4club.be\/index.php\/wp-json\/wp\/v2\/media\/115584"}],"wp:attachment":[{"href":"https:\/\/www.sport4club.be\/index.php\/wp-json\/wp\/v2\/media?parent=115583"}],"wp:term":[{"taxonomy":"product_cat","embeddable":true,"href":"https:\/\/www.sport4club.be\/index.php\/wp-json\/wp\/v2\/product_cat?post=115583"},{"taxonomy":"product_tag","embeddable":true,"href":"https:\/\/www.sport4club.be\/index.php\/wp-json\/wp\/v2\/product_tag?post=115583"}],"curies":[{"name":"wp","href":"https:\/\/api.w.org\/{rel}","templated":true}]}}