{"id":115460,"date":"2026-01-17T12:43:13","date_gmt":"2026-01-17T11:43:13","guid":{"rendered":"https:\/\/www.sport4club.be\/?post_type=product&#038;p=115460"},"modified":"2026-01-17T12:43:13","modified_gmt":"2026-01-17T11:43:13","slug":"nox-short-men-pro-deep-purple","status":"publish","type":"product","link":"https:\/\/www.sport4club.be\/index.php\/product\/nox-short-men-pro-deep-purple\/","title":{"rendered":"Nox Short Men pro Deep purple"},"content":{"rendered":"<p dir=\"ltr\">onctionnalit\u00e9 et confort sont r\u00e9unis dans le short technique de NOX pour homme. Dot\u00e9 de poches lat\u00e9rales et d\u2019un filet int\u00e9rieur pour apporter plus de maintien et un extra de confort pendant le jeu.<\/p>\n<p dir=\"ltr\">La taille \u00e9lastique assure un ajustement\u00a0<strong>ferme\u00a0<\/strong>et\u00a0<strong>adaptable<\/strong>, tandis que la poche arri\u00e8re est pratique pour ranger des petits objets et les garder \u00e0 port\u00e9e de main.<\/p>\n<p dir=\"ltr\">Fabriqu\u00e9 dans un tissu l\u00e9ger et tr\u00e8s respirant, il est dot\u00e9 de la technologie\u00a0<strong>BALANCE FRESH\u00ae<\/strong>, qui optimise la ventilation et aide \u00e0 rester au frais m\u00eame pendant les matchs les plus intenses. Un v\u00eatement con\u00e7u pour offrir une totale libert\u00e9 de mouvement sur le terrain.<\/p>\n<h3 dir=\"ltr\">Caract\u00e9ristiques techniques<\/h3>\n<ul>\n<li dir=\"ltr\" aria-level=\"1\">\n<p dir=\"ltr\" role=\"presentation\">Technologie Balance Fresh\u00a0: Confectionn\u00e9 avec la technologie avanc\u00e9e de NOX, ce short garantit une respirabilit\u00e9 sup\u00e9rieure, vous gardant au frais et \u00e0 l\u2019aise pendant les matchs les plus intenses. La technologie Balance Fresh aide \u00e0 r\u00e9guler la temp\u00e9rature corporelle, pour des performances optimales.<\/p>\n<\/li>\n<li dir=\"ltr\" aria-level=\"1\">\n<p dir=\"ltr\" role=\"presentation\">Mati\u00e8re de haute qualit\u00e9\u00a0: Fabriqu\u00e9 dans un m\u00e9lange de 92\u00a0% de polyester et de 8\u00a0% d\u2019\u00e9lasthanne, le short PRO DEEP PURPLE est l\u00e9ger, extensible et durable. Ces mat\u00e9riaux permettent une libert\u00e9 de mouvement totale, essentielle pour les mouvements rapides et dynamiques sur le terrain.<\/p>\n<\/li>\n<li dir=\"ltr\" aria-level=\"1\">\n<p dir=\"ltr\" role=\"presentation\">Taille \u00e9lastique\u00a0: La taille \u00e9lastique de ce short permet un ajustement s\u00fbr et confortable.<\/p>\n<\/li>\n<li dir=\"ltr\" aria-level=\"1\">\n<p dir=\"ltr\" role=\"presentation\">Poches lat\u00e9rales pratiques\u00a0: Le short est dot\u00e9 de grandes poches lat\u00e9rales, id\u00e9ales pour ranger les balles de padel ou d\u2019autres petits accessoires, tout en s\u2019assurant de les avoir toujours \u00e0 port\u00e9e de main.<\/p>\n<\/li>\n<li dir=\"ltr\" aria-level=\"1\">\n<p dir=\"ltr\" role=\"presentation\">Entretien facile\u00a0: La mati\u00e8re r\u00e9sistante est facile \u00e0 entretenir et conserve sa forme et sa couleur au fil des lavages, ce qui garantit un v\u00eatement longue dur\u00e9e.<\/p>\n<\/li>\n<\/ul>\n<h3 dir=\"ltr\">Avantages de choisir le Short de padel PRO DEEP PURPLE<\/h3>\n<ul>\n<li dir=\"ltr\" aria-level=\"1\">\n<p dir=\"ltr\" role=\"presentation\">Confort et fonctionnalit\u00e9\u00a0: Ce short a \u00e9t\u00e9 con\u00e7u pour offrir un ajustement confortable sans renoncer \u00e0 la fonctionnalit\u00e9, ce qui le rend id\u00e9al pour tous les niveaux de jeu.<\/p>\n<\/li>\n<li dir=\"ltr\" aria-level=\"1\">\n<p dir=\"ltr\" role=\"presentation\">Style sportif et moderne\u00a0: Mod\u00e8le minimaliste et sophistiqu\u00e9, ce short vous permettra d\u2019avoir de l\u2019allure et de vous sentir en confiance sur le terrain.<\/p>\n<\/li>\n<li dir=\"ltr\" aria-level=\"1\">\n<p dir=\"ltr\" role=\"presentation\">Polyvalence dans le jeu\u00a0: Parfait pour l\u2019entra\u00eenement et la comp\u00e9tition, ce mod\u00e8le avec des poches lat\u00e9rales et une taille ajustable est extr\u00eamement pratique pour le padel.<\/p>\n<\/li>\n<\/ul>\n<h3 dir=\"ltr\">Sp\u00e9cifications du produit<\/h3>\n<ul>\n<li dir=\"ltr\" aria-level=\"1\">\n<p dir=\"ltr\" role=\"presentation\">Composition\u00a0: Polyester 92\u00a0% &#8211; \u00c9lasthanne 8\u00a0%<\/p>\n<\/li>\n<li dir=\"ltr\" aria-level=\"1\">\n<p dir=\"ltr\" role=\"presentation\">Mod\u00e8le\u00a0: taille M &#8211; hauteur 1,85\u00a0m<\/p>\n<h2>SHORTS POUR HOMMES<\/h2>\n<table data-end=\"863\" data-start=\"452\">\n<thead data-end=\"509\" data-start=\"452\">\n<tr data-end=\"509\" data-start=\"452\">\n<th data-end=\"460\" data-start=\"452\">Taille<\/th>\n<th data-end=\"475\" data-start=\"460\">Taille (cm)<\/th>\n<th data-end=\"489\" data-start=\"475\">Hanches (cm)<\/th>\n<th data-end=\"509\" data-start=\"489\">Longueur totale (cm)<\/th>\n<\/tr>\n<\/thead>\n<tbody data-end=\"863\" data-start=\"569\">\n<tr data-end=\"627\" data-start=\"569\">\n<td>S<\/td>\n<td>37<\/td>\n<td>56<\/td>\n<td>43<\/td>\n<\/tr>\n<tr data-end=\"686\" data-start=\"628\">\n<td>M<\/td>\n<td>38<\/td>\n<td>58<\/td>\n<td>43.5<\/td>\n<\/tr>\n<tr data-end=\"745\" data-start=\"687\">\n<td>L<\/td>\n<td>39<\/td>\n<td>60<\/td>\n<td>44<\/td>\n<\/tr>\n<tr data-end=\"804\" data-start=\"746\">\n<td>XL<\/td>\n<td>40<\/td>\n<td>62<\/td>\n<td>45<\/td>\n<\/tr>\n<tr data-end=\"863\" data-start=\"805\">\n<td>2XL<\/td>\n<td>41<\/td>\n<td>64<\/td>\n<td>46<\/td>\n<\/tr>\n<\/tbody>\n<\/table>\n<\/li>\n<\/ul>\n","protected":false},"excerpt":{"rendered":"<p>onctionnalit\u00e9 et confort sont r\u00e9unis dans le short technique de NOX pour homme. Dot\u00e9 de poches lat\u00e9rales et d\u2019un filet int\u00e9rieur pour apporter plus de maintien et un extra de confort pendant le jeu. La taille \u00e9lastique assure un ajustement\u00a0ferme\u00a0et\u00a0adaptable, tandis que la poche arri\u00e8re est pratique pour ranger des petits objets et les garder [&hellip;]<\/p>\n","protected":false},"featured_media":115461,"comment_status":"open","ping_status":"closed","template":"","meta":[],"product_cat":[85],"product_tag":[],"_links":{"self":[{"href":"https:\/\/www.sport4club.be\/index.php\/wp-json\/wp\/v2\/product\/115460"}],"collection":[{"href":"https:\/\/www.sport4club.be\/index.php\/wp-json\/wp\/v2\/product"}],"about":[{"href":"https:\/\/www.sport4club.be\/index.php\/wp-json\/wp\/v2\/types\/product"}],"replies":[{"embeddable":true,"href":"https:\/\/www.sport4club.be\/index.php\/wp-json\/wp\/v2\/comments?post=115460"}],"wp:featuredmedia":[{"embeddable":true,"href":"https:\/\/www.sport4club.be\/index.php\/wp-json\/wp\/v2\/media\/115461"}],"wp:attachment":[{"href":"https:\/\/www.sport4club.be\/index.php\/wp-json\/wp\/v2\/media?parent=115460"}],"wp:term":[{"taxonomy":"product_cat","embeddable":true,"href":"https:\/\/www.sport4club.be\/index.php\/wp-json\/wp\/v2\/product_cat?post=115460"},{"taxonomy":"product_tag","embeddable":true,"href":"https:\/\/www.sport4club.be\/index.php\/wp-json\/wp\/v2\/product_tag?post=115460"}],"curies":[{"name":"wp","href":"https:\/\/api.w.org\/{rel}","templated":true}]}}