{"id":115449,"date":"2026-01-17T12:34:23","date_gmt":"2026-01-17T11:34:23","guid":{"rendered":"https:\/\/www.sport4club.be\/?post_type=product&#038;p=115449"},"modified":"2026-01-17T12:34:24","modified_gmt":"2026-01-17T11:34:24","slug":"nox-short-men-pro-blackberry","status":"publish","type":"product","link":"https:\/\/www.sport4club.be\/index.php\/product\/nox-short-men-pro-blackberry\/","title":{"rendered":"Nox Short men Pro Blackberry"},"content":{"rendered":"<p dir=\"ltr\">Ajoutez une touche distinctive \u00e0 votre tenue avec le short technique NOX violet, un v\u00eatement con\u00e7u pour allier innovation, confort et performance sur le terrain.<\/p>\n<p dir=\"ltr\">Il est dot\u00e9 de poches lat\u00e9rales et d\u2019une maille int\u00e9rieure qui apporte maintien et confort \u00e0 chaque d\u00e9placement. La taille \u00e9lastique avec un cordon de serrage ajustable assure un ajustement personnalis\u00e9, tandis que la petite poche arri\u00e8re ajoute de la fonctionnalit\u00e9 pour ranger l\u2019essentiel.<\/p>\n<p dir=\"ltr\">Son tissu ultra-l\u00e9ger et respirant, \u00e0 technologie\u00a0<strong>BALANCE FRESH\u00ae<\/strong>, favorise la ventilation et l\u2019\u00e9vaporation rapide de la transpiration, ce qui vous permet de vous sentir frais et l\u00e9ger tout au long du match ou de la s\u00e9ance d\u2019entra\u00eenement.<\/p>\n<h3 dir=\"ltr\">Caract\u00e9ristiques techniques<\/h3>\n<ul>\n<li dir=\"ltr\" aria-level=\"1\">\n<p dir=\"ltr\" role=\"presentation\">Technologie Balance Fresh\u00a0: Confectionn\u00e9 avec la technologie avanc\u00e9e de NOX, ce short garantit une respirabilit\u00e9 sup\u00e9rieure, vous gardant au frais et \u00e0 l\u2019aise pendant les matchs les plus intenses. La technologie Balance Fresh aide \u00e0 r\u00e9guler la temp\u00e9rature corporelle, pour des performances optimales.<\/p>\n<\/li>\n<li dir=\"ltr\" aria-level=\"1\">\n<p dir=\"ltr\" role=\"presentation\">Mati\u00e8re de haute qualit\u00e9\u00a0: Fabriqu\u00e9 dans un m\u00e9lange de 92\u00a0% de polyester et de 8\u00a0% d\u2019\u00e9lasthanne, le Short BLACKBERRY PRO est l\u00e9ger, extensible et durable. Ces mat\u00e9riaux permettent une libert\u00e9 de mouvement totale, essentielle pour les mouvements rapides et dynamiques sur le terrain.<\/p>\n<\/li>\n<li dir=\"ltr\" aria-level=\"1\">\n<p dir=\"ltr\" role=\"presentation\">Taille \u00c9lastique avec Cordon de Serrage Ajustable\u00a0: La taille \u00e9lastique de ce short assure un ajustement s\u00fbr et confortable, tandis que le cordon de serrage vous permet de l\u2019adapter \u00e0 vos pr\u00e9f\u00e9rences individuelles.<\/p>\n<\/li>\n<li dir=\"ltr\" aria-level=\"1\">\n<p dir=\"ltr\" role=\"presentation\">Poches lat\u00e9rales pratiques\u00a0: Le short est dot\u00e9 de grandes poches lat\u00e9rales, id\u00e9ales pour ranger les balles de padel ou d\u2019autres petits accessoires, tout en s\u2019assurant de les avoir toujours \u00e0 port\u00e9e de main.<\/p>\n<\/li>\n<li dir=\"ltr\" aria-level=\"1\">\n<p dir=\"ltr\" role=\"presentation\">Entretien facile\u00a0: La mati\u00e8re r\u00e9sistante est facile \u00e0 entretenir et conserve sa forme et sa couleur au fil des lavages, ce qui garantit un v\u00eatement longue dur\u00e9e.<\/p>\n<\/li>\n<\/ul>\n<h3 dir=\"ltr\">Les avantages de choisir le Short de padel PRO BLACKBERRY<\/h3>\n<ul>\n<li dir=\"ltr\" aria-level=\"1\">\n<p dir=\"ltr\" role=\"presentation\">Confort et fonctionnalit\u00e9\u00a0: Ce short a \u00e9t\u00e9 con\u00e7u pour offrir un ajustement confortable sans renoncer \u00e0 la fonctionnalit\u00e9, ce qui le rend id\u00e9al pour tous les niveaux de jeu.<\/p>\n<\/li>\n<li dir=\"ltr\" aria-level=\"1\">\n<p dir=\"ltr\" role=\"presentation\">Style sportif et moderne\u00a0: Mod\u00e8le minimaliste et sophistiqu\u00e9, ce short vous permettra d\u2019avoir de l\u2019allure et de vous sentir en confiance sur le terrain.<\/p>\n<\/li>\n<li dir=\"ltr\" aria-level=\"1\">\n<p dir=\"ltr\" role=\"presentation\">Polyvalence dans le jeu\u00a0: Parfait pour l\u2019entra\u00eenement et la comp\u00e9tition, ce mod\u00e8le avec des poches lat\u00e9rales et une taille ajustable est extr\u00eamement pratique pour le padel.<\/p>\n<\/li>\n<\/ul>\n<h3 dir=\"ltr\">Sp\u00e9cifications du produit<\/h3>\n<ul>\n<li dir=\"ltr\" aria-level=\"1\">\n<p dir=\"ltr\" role=\"presentation\">Composition\u00a0: Polyester 92\u00a0% &#8211; \u00c9lasthanne 8\u00a0%<\/p>\n<\/li>\n<li dir=\"ltr\" aria-level=\"1\">\n<p dir=\"ltr\" role=\"presentation\">Mod\u00e8le\u00a0: taille M &#8211; hauteur 1,85\u00a0m<\/p>\n<h2>SHORTS POUR HOMMES<\/h2>\n<table data-end=\"863\" data-start=\"452\">\n<thead data-end=\"509\" data-start=\"452\">\n<tr data-end=\"509\" data-start=\"452\">\n<th data-end=\"460\" data-start=\"452\">Taille<\/th>\n<th data-end=\"475\" data-start=\"460\">Taille (cm)<\/th>\n<th data-end=\"489\" data-start=\"475\">Hanches (cm)<\/th>\n<th data-end=\"509\" data-start=\"489\">Longueur totale (cm)<\/th>\n<\/tr>\n<\/thead>\n<tbody data-end=\"863\" data-start=\"569\">\n<tr data-end=\"627\" data-start=\"569\">\n<td>S<\/td>\n<td>37<\/td>\n<td>56<\/td>\n<td>43<\/td>\n<\/tr>\n<tr data-end=\"686\" data-start=\"628\">\n<td>M<\/td>\n<td>38<\/td>\n<td>58<\/td>\n<td>43.5<\/td>\n<\/tr>\n<tr data-end=\"745\" data-start=\"687\">\n<td>L<\/td>\n<td>39<\/td>\n<td>60<\/td>\n<td>44<\/td>\n<\/tr>\n<tr data-end=\"804\" data-start=\"746\">\n<td>XL<\/td>\n<td>40<\/td>\n<td>62<\/td>\n<td>45<\/td>\n<\/tr>\n<tr data-end=\"863\" data-start=\"805\">\n<td>2XL<\/td>\n<td>41<\/td>\n<td>64<\/td>\n<td>46<\/td>\n<\/tr>\n<\/tbody>\n<\/table>\n<\/li>\n<\/ul>\n<p>&nbsp;<\/p>\n","protected":false},"excerpt":{"rendered":"<p>Ajoutez une touche distinctive \u00e0 votre tenue avec le short technique NOX violet, un v\u00eatement con\u00e7u pour allier innovation, confort et performance sur le terrain. Il est dot\u00e9 de poches lat\u00e9rales et d\u2019une maille int\u00e9rieure qui apporte maintien et confort \u00e0 chaque d\u00e9placement. La taille \u00e9lastique avec un cordon de serrage ajustable assure un ajustement [&hellip;]<\/p>\n","protected":false},"featured_media":115450,"comment_status":"open","ping_status":"closed","template":"","meta":[],"product_cat":[85],"product_tag":[],"_links":{"self":[{"href":"https:\/\/www.sport4club.be\/index.php\/wp-json\/wp\/v2\/product\/115449"}],"collection":[{"href":"https:\/\/www.sport4club.be\/index.php\/wp-json\/wp\/v2\/product"}],"about":[{"href":"https:\/\/www.sport4club.be\/index.php\/wp-json\/wp\/v2\/types\/product"}],"replies":[{"embeddable":true,"href":"https:\/\/www.sport4club.be\/index.php\/wp-json\/wp\/v2\/comments?post=115449"}],"wp:featuredmedia":[{"embeddable":true,"href":"https:\/\/www.sport4club.be\/index.php\/wp-json\/wp\/v2\/media\/115450"}],"wp:attachment":[{"href":"https:\/\/www.sport4club.be\/index.php\/wp-json\/wp\/v2\/media?parent=115449"}],"wp:term":[{"taxonomy":"product_cat","embeddable":true,"href":"https:\/\/www.sport4club.be\/index.php\/wp-json\/wp\/v2\/product_cat?post=115449"},{"taxonomy":"product_tag","embeddable":true,"href":"https:\/\/www.sport4club.be\/index.php\/wp-json\/wp\/v2\/product_tag?post=115449"}],"curies":[{"name":"wp","href":"https:\/\/api.w.org\/{rel}","templated":true}]}}