{"id":115434,"date":"2026-01-17T12:18:03","date_gmt":"2026-01-17T11:18:03","guid":{"rendered":"https:\/\/www.sport4club.be\/?post_type=product&#038;p=115434"},"modified":"2026-01-17T12:24:54","modified_gmt":"2026-01-17T11:24:54","slug":"nox-polo-men-pro-deep-purple","status":"publish","type":"product","link":"https:\/\/www.sport4club.be\/index.php\/product\/nox-polo-men-pro-deep-purple\/","title":{"rendered":"Nox Polo Men Pro Deep Purple"},"content":{"rendered":"<p dir=\"ltr\">Osez vous d\u00e9marquer sur le terrain avec le polo PRO DEEP PURPLE de NOX, un v\u00eatement qui allie style moderne et performance de haut niveau. Ce mod\u00e8le moderne original ajoute une touche unique \u00e0 votre tenue sans sacrifier le confort.<\/p>\n<p dir=\"ltr\">La\u00a0<strong>coupe\u00a0<\/strong><strong>regular fit<\/strong>\u00a0assure un \u00e9quilibre parfait entre la mobilit\u00e9 et une silhouette impeccable, tandis que le col boutonn\u00e9 permet de personnaliser la ventilation en fonction des exigences du match.<\/p>\n<p dir=\"ltr\">Fabriqu\u00e9 en tissu technique\u00a0<strong>respirant<\/strong>, il favorise la circulation de l\u2019air et l\u2019expulsion rapide de l\u2019humidit\u00e9, vous gardant au frais et au sec pendant toute la dur\u00e9e du match. Sa l\u00e9g\u00e8ret\u00e9 et sa douceur au toucher garantissent un confort sup\u00e9rieur, m\u00eame lors des confrontations les plus intenses.<\/p>\n<h3 dir=\"ltr\">Caract\u00e9ristiques techniques<\/h3>\n<ul>\n<li dir=\"ltr\" aria-level=\"1\">\n<p dir=\"ltr\" role=\"presentation\">Technologie Balance Fresh\u00a0: \u00c9quip\u00e9 de la technologie exclusive de NOX, le tissu l\u00e9ger assure une respirabilit\u00e9 et un confort sup\u00e9rieurs, en vous maintenant au frais pendant les matchs les plus exigeants.<\/p>\n<\/li>\n<li dir=\"ltr\" aria-level=\"1\">\n<p dir=\"ltr\" role=\"presentation\">Mat\u00e9riau de haute qualit\u00e9\u00a0: Fabriqu\u00e9 dans un m\u00e9lange de 92\u00a0% de polyester et de 8\u00a0% d\u2019\u00e9lasthanne, ce polo est extensible et r\u00e9sistant, ce qui permet une totale libert\u00e9 de mouvement sans compromettre la durabilit\u00e9.<\/p>\n<\/li>\n<li dir=\"ltr\" aria-level=\"1\">\n<p dir=\"ltr\" role=\"presentation\">Coupe ergonomique\u00a0: La coupe de ce polo a \u00e9t\u00e9 optimis\u00e9e pour s\u2019adapter confortablement au corps, assurant un ajustement parfait qui bouge avec vous, id\u00e9al pour l\u2019agilit\u00e9 requise par le padel.<\/p>\n<\/li>\n<\/ul>\n<h3 dir=\"ltr\">Avantages de choisir le polo de padel PRO DEEP PURPLE<\/h3>\n<ul>\n<li dir=\"ltr\" aria-level=\"1\">\n<p dir=\"ltr\" role=\"presentation\">Confort durable\u00a0: Con\u00e7u pour les matchs longue dur\u00e9e, la combinaison de mat\u00e9riaux et de technologies vous assure confort et fra\u00eecheur tout au long de la rencontre.<\/p>\n<\/li>\n<li dir=\"ltr\" aria-level=\"1\">\n<p dir=\"ltr\" role=\"presentation\">Style et fonctionnalit\u00e9\u00a0: La forme minimaliste vous permet non seulement de vous d\u00e9marquer, mais elle offre aussi une fonctionnalit\u00e9 sup\u00e9rieure.<\/p>\n<\/li>\n<li dir=\"ltr\" aria-level=\"1\">\n<p dir=\"ltr\" role=\"presentation\">Polyvalence sur le terrain\u00a0: Id\u00e9al pour l\u2019entra\u00eenement et la comp\u00e9tition, sa coupe ergonomique s\u2019adapte aux exigences de tous les joueurs.<\/p>\n<\/li>\n<\/ul>\n<h3 dir=\"ltr\">Sp\u00e9cifications du produit<\/h3>\n<ul>\n<li dir=\"ltr\" aria-level=\"1\">\n<p dir=\"ltr\" role=\"presentation\">Composition\u00a0: Polyester 92\u00a0% &#8211; \u00c9lasthanne 8\u00a0%<\/p>\n<\/li>\n<li dir=\"ltr\" aria-level=\"1\">\n<p dir=\"ltr\" role=\"presentation\">Mod\u00e8le\u00a0: taille M &#8211; hauteur 1,85\u00a0m<\/p>\n<h2>T-shirt homme<\/h2>\n<table data-start=\"740\" data-end=\"1587\">\n<thead data-start=\"740\" data-end=\"855\">\n<tr data-start=\"740\" data-end=\"855\">\n<th data-start=\"740\" data-end=\"748\">Taille<\/th>\n<th data-start=\"748\" data-end=\"771\">Longueur (cm)<\/th>\n<th data-start=\"792\" data-end=\"805\">Poitrine (cm)<\/th>\n<th data-start=\"805\" data-end=\"820\">Epaule (cm)<\/th>\n<th data-start=\"820\" data-end=\"842\">Largeur du bas (cm)<\/th>\n<th data-start=\"842\" data-end=\"855\">Emmanchures (cm)<\/th>\n<\/tr>\n<\/thead>\n<tbody data-start=\"978\" data-end=\"1587\">\n<tr data-start=\"978\" data-end=\"1099\">\n<td>S<\/td>\n<td>59.3<\/td>\n<td>102<\/td>\n<td>13<\/td>\n<td>102<\/td>\n<td>24.1<\/td>\n<\/tr>\n<tr data-start=\"1100\" data-end=\"1221\">\n<td>M<\/td>\n<td>61<\/td>\n<td>106<\/td>\n<td>13.5<\/td>\n<td>106<\/td>\n<td>25<\/td>\n<\/tr>\n<tr data-start=\"1222\" data-end=\"1343\">\n<td>L<\/td>\n<td>62.7<\/td>\n<td>110<\/td>\n<td>14<\/td>\n<td>110<\/td>\n<td>25.9<\/td>\n<\/tr>\n<tr data-start=\"1344\" data-end=\"1465\">\n<td>XL<\/td>\n<td>64.4<\/td>\n<td>114<\/td>\n<td>14.5<\/td>\n<td>114<\/td>\n<td>26.8<\/td>\n<\/tr>\n<tr data-start=\"1466\" data-end=\"1587\">\n<td>2XL<\/td>\n<td>66.1<\/td>\n<td>118<\/td>\n<td>15<\/td>\n<td>118<\/td>\n<td>27.7<\/td>\n<\/tr>\n<\/tbody>\n<\/table>\n<\/li>\n<\/ul>\n<p>&nbsp;<\/p>\n","protected":false},"excerpt":{"rendered":"<p>Osez vous d\u00e9marquer sur le terrain avec le polo PRO DEEP PURPLE de NOX, un v\u00eatement qui allie style moderne et performance de haut niveau. Ce mod\u00e8le moderne original ajoute une touche unique \u00e0 votre tenue sans sacrifier le confort. La\u00a0coupe\u00a0regular fit\u00a0assure un \u00e9quilibre parfait entre la mobilit\u00e9 et une silhouette impeccable, tandis que le [&hellip;]<\/p>\n","protected":false},"featured_media":115435,"comment_status":"open","ping_status":"closed","template":"","meta":[],"product_cat":[85],"product_tag":[],"_links":{"self":[{"href":"https:\/\/www.sport4club.be\/index.php\/wp-json\/wp\/v2\/product\/115434"}],"collection":[{"href":"https:\/\/www.sport4club.be\/index.php\/wp-json\/wp\/v2\/product"}],"about":[{"href":"https:\/\/www.sport4club.be\/index.php\/wp-json\/wp\/v2\/types\/product"}],"replies":[{"embeddable":true,"href":"https:\/\/www.sport4club.be\/index.php\/wp-json\/wp\/v2\/comments?post=115434"}],"wp:featuredmedia":[{"embeddable":true,"href":"https:\/\/www.sport4club.be\/index.php\/wp-json\/wp\/v2\/media\/115435"}],"wp:attachment":[{"href":"https:\/\/www.sport4club.be\/index.php\/wp-json\/wp\/v2\/media?parent=115434"}],"wp:term":[{"taxonomy":"product_cat","embeddable":true,"href":"https:\/\/www.sport4club.be\/index.php\/wp-json\/wp\/v2\/product_cat?post=115434"},{"taxonomy":"product_tag","embeddable":true,"href":"https:\/\/www.sport4club.be\/index.php\/wp-json\/wp\/v2\/product_tag?post=115434"}],"curies":[{"name":"wp","href":"https:\/\/api.w.org\/{rel}","templated":true}]}}