{"id":115425,"date":"2026-01-17T12:06:25","date_gmt":"2026-01-17T11:06:25","guid":{"rendered":"https:\/\/www.sport4club.be\/?post_type=product&#038;p=115425"},"modified":"2026-01-17T12:06:26","modified_gmt":"2026-01-17T11:06:26","slug":"nox-tshirt-men-pro-blackberry-rose","status":"publish","type":"product","link":"https:\/\/www.sport4club.be\/index.php\/product\/nox-tshirt-men-pro-blackberry-rose\/","title":{"rendered":"Nox Tshirt Men Pro Blackberry Rose"},"content":{"rendered":"<p dir=\"ltr\">Style, technologie et performance sont r\u00e9unis dans le PRO BLACKBERRY ROSE DEGRADED de NOX. Avec un \u00e9l\u00e9gant d\u00e9grad\u00e9 de violet et de rose, ce t-shirt technique est con\u00e7u pour offrir confort et style sur le terrain.<\/p>\n<p dir=\"ltr\">L\u2019innovante\u00a0<strong>BALANCE FRESH\u00ae<\/strong>\u00a0stimule la ventilation et acc\u00e9l\u00e8re l\u2019\u00e9vaporation de la transpiration, vous aidant \u00e0 rester au sec et \u00e0 vous sentir l\u00e9ger tout au long du match.<\/p>\n<p dir=\"ltr\">\u00c0 manches courtes et de forme\u00a0regular fit, il vous permet de bouger avec aisance et naturel \u00e0 chaque mouvement.<\/p>\n<h3 dir=\"ltr\">Caract\u00e9ristiques techniques<\/h3>\n<ul>\n<li dir=\"ltr\" aria-level=\"1\">\n<p dir=\"ltr\" role=\"presentation\">Technologie Balance Fresh\u00a0: Ce t-shirt int\u00e8gre la technologie exclusive de NOX, con\u00e7ue pour offrir une excellente respirabilit\u00e9 et un grand confort. Le tissu avanc\u00e9 aide \u00e0 maintenir une temp\u00e9rature corporelle optimale pendant les matchs intenses.<\/p>\n<\/li>\n<li dir=\"ltr\" aria-level=\"1\">\n<p dir=\"ltr\" role=\"presentation\">Mat\u00e9riau de haute qualit\u00e9\u00a0: Fabriqu\u00e9 dans un m\u00e9lange de 92\u00a0% de polyester et de 8\u00a0% d\u2019\u00e9lasthanne, le t-shirt PRO BLACKBERRY ROSE DEGRADED est r\u00e9sistant, extensible et durable. Ces mat\u00e9riaux permettent une libert\u00e9 de mouvement totale sans compromettre la durabilit\u00e9, ce qui est id\u00e9al pour un jeu de padel dynamique.<\/p>\n<\/li>\n<li dir=\"ltr\" aria-level=\"1\">\n<p dir=\"ltr\" role=\"presentation\">Coupe ergonomique\u00a0: Sa coupe a \u00e9t\u00e9 soigneusement \u00e9tudi\u00e9e pour s\u2019adapter au corps du joueur, offrant un ajustement confortable et naturel. Les coutures plates r\u00e9duisent les frottements, ce qui vous permet de vous concentrer pleinement sur votre jeu.<\/p>\n<\/li>\n<li dir=\"ltr\" aria-level=\"1\">\n<p dir=\"ltr\" role=\"presentation\">Entretien facile\u00a0: Ce v\u00eatement est facile \u00e0 entretenir et conserve sa forme et sa couleur au fil des lavages, ce qui lui assure une longue dur\u00e9e de vie.<\/p>\n<\/li>\n<\/ul>\n<h3 dir=\"ltr\">Avantages de choisir le t-shirt de padel PRO BLACKBERRY ROSE DEGRADED<\/h3>\n<ul>\n<li dir=\"ltr\" aria-level=\"1\">\n<p dir=\"ltr\" role=\"presentation\">Confort sup\u00e9rieur\u00a0: Con\u00e7u pour les longues s\u00e9ances d\u2019entra\u00eenement, ce t-shirt vous garde au frais et \u00e0 l\u2019aise, pour vous permettre de donner le meilleur de vous-m\u00eame.<\/p>\n<\/li>\n<li dir=\"ltr\" aria-level=\"1\">\n<p dir=\"ltr\" role=\"presentation\">Style et fonctionnalit\u00e9\u00a0: Ce mod\u00e8le \u00e9l\u00e9gant et pratique est id\u00e9al pour toutes les situations sur le court.<\/p>\n<\/li>\n<li dir=\"ltr\" aria-level=\"1\">\n<p dir=\"ltr\" role=\"presentation\">Adaptabilit\u00e9 pendant le jeu\u00a0: Parfait pour les joueurs qui recherchent un v\u00eatement \u00e0 porter \u00e0 l\u2019entra\u00eenement aussi bien qu\u2019en comp\u00e9tition, coup\u00e9 pour s\u2019adapter \u00e0 tous les mouvements.<\/p>\n<\/li>\n<\/ul>\n<h3 dir=\"ltr\">Sp\u00e9cifications du produit<\/h3>\n<ul>\n<li dir=\"ltr\" aria-level=\"1\">\n<p dir=\"ltr\" role=\"presentation\">Composition\u00a0: Polyester 92\u00a0% &#8211; \u00c9lasthanne 8\u00a0%<\/p>\n<\/li>\n<li dir=\"ltr\" aria-level=\"1\">\n<p dir=\"ltr\" role=\"presentation\">Mod\u00e8le\u00a0: taille M &#8211; hauteur 1,85\u00a0m<\/p>\n<h2>T-shirt homme<\/h2>\n<table data-start=\"740\" data-end=\"1587\">\n<thead data-start=\"740\" data-end=\"855\">\n<tr data-start=\"740\" data-end=\"855\">\n<th data-start=\"740\" data-end=\"748\">Taille<\/th>\n<th data-start=\"748\" data-end=\"771\">Longueur (cm)<\/th>\n<th data-start=\"792\" data-end=\"805\">Poitrine (cm)<\/th>\n<th data-start=\"805\" data-end=\"820\">Epaule (cm)<\/th>\n<th data-start=\"820\" data-end=\"842\">Largeur du bas (cm)<\/th>\n<th data-start=\"842\" data-end=\"855\">Emmanchures (cm)<\/th>\n<\/tr>\n<\/thead>\n<tbody data-start=\"978\" data-end=\"1587\">\n<tr data-start=\"978\" data-end=\"1099\">\n<td>S<\/td>\n<td>59.3<\/td>\n<td>102<\/td>\n<td>13<\/td>\n<td>102<\/td>\n<td>24.1<\/td>\n<\/tr>\n<tr data-start=\"1100\" data-end=\"1221\">\n<td>M<\/td>\n<td>61<\/td>\n<td>106<\/td>\n<td>13.5<\/td>\n<td>106<\/td>\n<td>25<\/td>\n<\/tr>\n<tr data-start=\"1222\" data-end=\"1343\">\n<td>L<\/td>\n<td>62.7<\/td>\n<td>110<\/td>\n<td>14<\/td>\n<td>110<\/td>\n<td>25.9<\/td>\n<\/tr>\n<tr data-start=\"1344\" data-end=\"1465\">\n<td>XL<\/td>\n<td>64.4<\/td>\n<td>114<\/td>\n<td>14.5<\/td>\n<td>114<\/td>\n<td>26.8<\/td>\n<\/tr>\n<tr data-start=\"1466\" data-end=\"1587\">\n<td>2XL<\/td>\n<td>66.1<\/td>\n<td>118<\/td>\n<td>15<\/td>\n<td>118<\/td>\n<td>27.7<\/td>\n<\/tr>\n<\/tbody>\n<\/table>\n<\/li>\n<\/ul>\n","protected":false},"excerpt":{"rendered":"<p>Style, technologie et performance sont r\u00e9unis dans le PRO BLACKBERRY ROSE DEGRADED de NOX. Avec un \u00e9l\u00e9gant d\u00e9grad\u00e9 de violet et de rose, ce t-shirt technique est con\u00e7u pour offrir confort et style sur le terrain. L\u2019innovante\u00a0BALANCE FRESH\u00ae\u00a0stimule la ventilation et acc\u00e9l\u00e8re l\u2019\u00e9vaporation de la transpiration, vous aidant \u00e0 rester au sec et \u00e0 vous [&hellip;]<\/p>\n","protected":false},"featured_media":115426,"comment_status":"open","ping_status":"closed","template":"","meta":[],"product_cat":[85],"product_tag":[],"_links":{"self":[{"href":"https:\/\/www.sport4club.be\/index.php\/wp-json\/wp\/v2\/product\/115425"}],"collection":[{"href":"https:\/\/www.sport4club.be\/index.php\/wp-json\/wp\/v2\/product"}],"about":[{"href":"https:\/\/www.sport4club.be\/index.php\/wp-json\/wp\/v2\/types\/product"}],"replies":[{"embeddable":true,"href":"https:\/\/www.sport4club.be\/index.php\/wp-json\/wp\/v2\/comments?post=115425"}],"wp:featuredmedia":[{"embeddable":true,"href":"https:\/\/www.sport4club.be\/index.php\/wp-json\/wp\/v2\/media\/115426"}],"wp:attachment":[{"href":"https:\/\/www.sport4club.be\/index.php\/wp-json\/wp\/v2\/media?parent=115425"}],"wp:term":[{"taxonomy":"product_cat","embeddable":true,"href":"https:\/\/www.sport4club.be\/index.php\/wp-json\/wp\/v2\/product_cat?post=115425"},{"taxonomy":"product_tag","embeddable":true,"href":"https:\/\/www.sport4club.be\/index.php\/wp-json\/wp\/v2\/product_tag?post=115425"}],"curies":[{"name":"wp","href":"https:\/\/api.w.org\/{rel}","templated":true}]}}