{"id":115256,"date":"2025-09-18T07:54:48","date_gmt":"2025-09-18T05:54:48","guid":{"rendered":"https:\/\/www.sport4club.be\/?post_type=product&#038;p=115256"},"modified":"2025-11-28T08:49:56","modified_gmt":"2025-11-28T07:49:56","slug":"nox-nerbo-x3balls-2","status":"publish","type":"product","link":"https:\/\/www.sport4club.be\/index.php\/product\/nox-nerbo-x3balls-2\/","title":{"rendered":"Nox Nerbo x3balls"},"content":{"rendered":"<h2><strong><span dir=\"auto\">Balles de padel NERBO : vitesse et performance professionnelle<\/span><\/strong><\/h2>\n<p><span dir=\"auto\">Les\u00a0<\/span><strong><span dir=\"auto\">nouvelles balles de padel NERBO<\/span><\/strong><span dir=\"auto\">\u00a0ont \u00e9t\u00e9 con\u00e7ues pour offrir un\u00a0<\/span><strong><span dir=\"auto\">jeu dynamique et intense<\/span><\/strong><span dir=\"auto\">\u00a0, avec un rebond vif permettant des \u00e9changes rapides et spectaculaires \u00e0 chaque point. Leur grande durabilit\u00e9 en fait le choix id\u00e9al pour les joueurs de\u00a0<\/span><strong><span dir=\"auto\">tous niveaux<\/span><\/strong><span dir=\"auto\">\u00a0en qu\u00eate de\u00a0<\/span><strong><span dir=\"auto\">vitesse et de performances sup\u00e9rieures sur le court<\/span><\/strong><span dir=\"auto\">\u00a0.<\/span><\/p>\n<h3><strong><span dir=\"auto\">Balle officielle du circuit A1 Padel<\/span><\/strong><\/h3>\n<p><span dir=\"auto\">Approuv\u00e9es par la\u00a0<\/span><strong><span dir=\"auto\">F\u00e9d\u00e9ration Internationale de Padel (FIP)<\/span><\/strong><span dir=\"auto\">\u00a0, les balles NERBO sont les\u00a0<\/span><strong><span dir=\"auto\">balles officielles du circuit professionnel A1 Padel<\/span><\/strong><span dir=\"auto\">\u00a0, garantissant\u00a0<\/span><strong><span dir=\"auto\">qualit\u00e9, fiabilit\u00e9 et durabilit\u00e9<\/span><\/strong><span dir=\"auto\">\u00a0dans les comp\u00e9titions les plus exigeantes.<\/span><\/p>\n<h3><strong><span dir=\"auto\">Caract\u00e9ristiques principales<\/span><\/strong><\/h3>\n<ul>\n<li><strong><span dir=\"auto\">Jeu rapide et dynamique<\/span><\/strong><span dir=\"auto\">\u00a0, id\u00e9al pour les joueurs offensifs.<\/span><\/li>\n<li><strong><span dir=\"auto\">Rebond vif et stable<\/span><\/strong><span dir=\"auto\">\u00a0, assurant contr\u00f4le et pr\u00e9cision \u00e0 chaque coup.<\/span><\/li>\n<li><strong><span dir=\"auto\">Haute r\u00e9sistance<\/span><\/strong><span dir=\"auto\">\u00a0, conservant ses performances match apr\u00e8s match.<\/span><\/li>\n<\/ul>\n<p><span dir=\"auto\">Faites passer votre jeu au niveau sup\u00e9rieur avec\u00a0<\/span><strong><span dir=\"auto\">les balles de padel NERBO<\/span><\/strong><span dir=\"auto\">\u00a0, le choix parfait pour ceux qui recherchent\u00a0<\/span><strong><span dir=\"auto\">une qualit\u00e9 professionnelle sur chaque point<\/span><\/strong><span dir=\"auto\">\u00a0.<\/span><\/p>\n","protected":false},"excerpt":{"rendered":"<p>Balles de padel NERBO : vitesse et performance professionnelle Les\u00a0nouvelles balles de padel NERBO\u00a0ont \u00e9t\u00e9 con\u00e7ues pour offrir un\u00a0jeu dynamique et intense\u00a0, avec un rebond vif permettant des \u00e9changes rapides et spectaculaires \u00e0 chaque point. Leur grande durabilit\u00e9 en fait le choix id\u00e9al pour les joueurs de\u00a0tous niveaux\u00a0en qu\u00eate de\u00a0vitesse et de performances sup\u00e9rieures sur [&hellip;]<\/p>\n","protected":false},"featured_media":115258,"comment_status":"open","ping_status":"closed","template":"","meta":[],"product_cat":[88],"product_tag":[],"_links":{"self":[{"href":"https:\/\/www.sport4club.be\/index.php\/wp-json\/wp\/v2\/product\/115256"}],"collection":[{"href":"https:\/\/www.sport4club.be\/index.php\/wp-json\/wp\/v2\/product"}],"about":[{"href":"https:\/\/www.sport4club.be\/index.php\/wp-json\/wp\/v2\/types\/product"}],"replies":[{"embeddable":true,"href":"https:\/\/www.sport4club.be\/index.php\/wp-json\/wp\/v2\/comments?post=115256"}],"wp:featuredmedia":[{"embeddable":true,"href":"https:\/\/www.sport4club.be\/index.php\/wp-json\/wp\/v2\/media\/115258"}],"wp:attachment":[{"href":"https:\/\/www.sport4club.be\/index.php\/wp-json\/wp\/v2\/media?parent=115256"}],"wp:term":[{"taxonomy":"product_cat","embeddable":true,"href":"https:\/\/www.sport4club.be\/index.php\/wp-json\/wp\/v2\/product_cat?post=115256"},{"taxonomy":"product_tag","embeddable":true,"href":"https:\/\/www.sport4club.be\/index.php\/wp-json\/wp\/v2\/product_tag?post=115256"}],"curies":[{"name":"wp","href":"https:\/\/api.w.org\/{rel}","templated":true}]}}