{"id":115230,"date":"2025-09-01T17:17:39","date_gmt":"2025-09-01T15:17:39","guid":{"rendered":"https:\/\/www.sport4club.be\/?post_type=product&#038;p=115230"},"modified":"2026-04-03T13:17:35","modified_gmt":"2026-04-03T11:17:35","slug":"nox-quantum-cobalt-12k-25","status":"publish","type":"product","link":"https:\/\/www.sport4club.be\/index.php\/product\/nox-quantum-cobalt-12k-25\/","title":{"rendered":"Nox Quantum Cobalt 12K 25"},"content":{"rendered":"<p><span dir=\"auto\">La nouvelle raquette\u00a0<\/span><span dir=\"auto\">COBALT<\/span><span dir=\"auto\">\u00a0pr\u00e9sente un nouveau design, des mat\u00e9riaux de pointe et la technologie\u00a0<\/span><span dir=\"auto\">Photochromic Paint<\/span><span dir=\"auto\">\u00a0, qui synchronise la peinture avec la couleur du rev\u00eatement. Son format hybride offre un \u00e9quilibre parfait entre\u00a0<\/span><span dir=\"auto\">contr\u00f4le d\u00e9fensif<\/span><span dir=\"auto\">\u00a0et\u00a0<\/span><span dir=\"auto\">agressivit\u00e9 en attaque<\/span><span dir=\"auto\">\u00a0.<\/span><\/p>\n<h2><span dir=\"auto\">\u00c9quilibre parfait, vitesse imparable<\/span><\/h2>\n<p><strong><span dir=\"auto\">Les bords<\/span><\/strong><span dir=\"auto\">\u00a0des profils ont \u00e9t\u00e9 profil\u00e9s\u00a0pour augmenter l&#8217;a\u00e9rodynamisme, la poign\u00e9e a \u00e9t\u00e9 allong\u00e9e pour faciliter la prise en main, mais ce qui ressort le plus est l&#8217;incorporation de la technologie\u00a0<\/span><strong><span dir=\"auto\">EOS Flap<\/span><\/strong><span dir=\"auto\">\u00a0, des perforations lat\u00e9rales con\u00e7ues pour augmenter la\u00a0<\/span><strong><span dir=\"auto\">maniabilit\u00e9<\/span><\/strong><span dir=\"auto\">\u00a0de la raquette et r\u00e9partir le poids afin que vous ayez une raquette rapide et mortelle dans vos mains.<\/span><\/p>\n<h2><span dir=\"auto\">Carbone 12K, noyau HR3<\/span><\/h2>\n<p><span dir=\"auto\">La nouvelle Quantum 12K\u00a0<\/span><strong><span dir=\"auto\">COBALT<\/span><\/strong><span dir=\"auto\">\u00a0associe\u00a0 fibre\u00a0<\/span><strong><span dir=\"auto\">de carbone 12K<\/span><\/strong><span dir=\"auto\">\u00a0et noyau\u00a0<\/span><strong><span dir=\"auto\">EVA HR3 Color<\/span><\/strong><span dir=\"auto\">\u00a0, offrant un confort de frappe exceptionnel, avec un toucher moyen et familier pour tous les joueurs qui utilisent nos raquettes. Elle est dot\u00e9e de\u00a0<\/span><strong><span dir=\"auto\">la technologie EXCLUSIVE SPIN,<\/span><\/strong><span dir=\"auto\">\u00a0avec\u00a0<\/span><strong><span dir=\"auto\">une double finition rugueuse\u00a0:<\/span><\/strong><span dir=\"auto\">\u00a0une forme hexagonale 3D au centre et une texture sable sur le reste. Cette combinaison am\u00e9liore le contr\u00f4le et permet une meilleure\u00a0<\/span><strong><span dir=\"auto\">prise d&#8217;effet<\/span><\/strong><span dir=\"auto\">\u00a0.<\/span><\/p>\n<h2><span dir=\"auto\">Moins de vibrations, meilleure adh\u00e9rence<\/span><\/h2>\n<p><span dir=\"auto\">La technologie\u00a0<\/span><strong><span dir=\"auto\">NOX Custom Grip\u00ae<\/span><\/strong><span dir=\"auto\">\u00a0(certifi\u00e9e par Testea Padel) et\u00a0<\/span><strong><span dir=\"auto\">le syst\u00e8me Pulse<\/span><\/strong><span dir=\"auto\">\u00a0absorbent les vibrations qui atteignent la main, r\u00e9duisant ainsi la fatigue articulaire. Elle int\u00e8gre le syst\u00e8me innovant de lacets de s\u00e9curit\u00e9 rempla\u00e7ables\u00a0<\/span><strong><span dir=\"auto\">Smartstrap\u00ae<\/span><\/strong><span dir=\"auto\">\u00a0. Plus hygi\u00e9nique, plus s\u00fbr et enti\u00e8rement personnalisable.<\/span><\/p>\n","protected":false},"excerpt":{"rendered":"<p>La nouvelle raquette\u00a0COBALT\u00a0pr\u00e9sente un nouveau design, des mat\u00e9riaux de pointe et la technologie\u00a0Photochromic Paint\u00a0, qui synchronise la peinture avec la couleur du rev\u00eatement. Son format hybride offre un \u00e9quilibre parfait entre\u00a0contr\u00f4le d\u00e9fensif\u00a0et\u00a0agressivit\u00e9 en attaque\u00a0. \u00c9quilibre parfait, vitesse imparable Les bords\u00a0des profils ont \u00e9t\u00e9 profil\u00e9s\u00a0pour augmenter l&#8217;a\u00e9rodynamisme, la poign\u00e9e a \u00e9t\u00e9 allong\u00e9e pour faciliter la prise [&hellip;]<\/p>\n","protected":false},"featured_media":115231,"comment_status":"open","ping_status":"closed","template":"","meta":[],"product_cat":[84],"product_tag":[],"_links":{"self":[{"href":"https:\/\/www.sport4club.be\/index.php\/wp-json\/wp\/v2\/product\/115230"}],"collection":[{"href":"https:\/\/www.sport4club.be\/index.php\/wp-json\/wp\/v2\/product"}],"about":[{"href":"https:\/\/www.sport4club.be\/index.php\/wp-json\/wp\/v2\/types\/product"}],"replies":[{"embeddable":true,"href":"https:\/\/www.sport4club.be\/index.php\/wp-json\/wp\/v2\/comments?post=115230"}],"wp:featuredmedia":[{"embeddable":true,"href":"https:\/\/www.sport4club.be\/index.php\/wp-json\/wp\/v2\/media\/115231"}],"wp:attachment":[{"href":"https:\/\/www.sport4club.be\/index.php\/wp-json\/wp\/v2\/media?parent=115230"}],"wp:term":[{"taxonomy":"product_cat","embeddable":true,"href":"https:\/\/www.sport4club.be\/index.php\/wp-json\/wp\/v2\/product_cat?post=115230"},{"taxonomy":"product_tag","embeddable":true,"href":"https:\/\/www.sport4club.be\/index.php\/wp-json\/wp\/v2\/product_tag?post=115230"}],"curies":[{"name":"wp","href":"https:\/\/api.w.org\/{rel}","templated":true}]}}