{"id":115227,"date":"2025-09-01T16:59:29","date_gmt":"2025-09-01T14:59:29","guid":{"rendered":"https:\/\/www.sport4club.be\/?post_type=product&#038;p=115227"},"modified":"2026-02-07T11:50:15","modified_gmt":"2026-02-07T10:50:15","slug":"nox-quantum-carbon-12k-25","status":"publish","type":"product","link":"https:\/\/www.sport4club.be\/index.php\/product\/nox-quantum-carbon-12k-25\/","title":{"rendered":"Nox quantum Carbon 12K 25"},"content":{"rendered":"<p><span dir=\"auto\">La nouvelle raquette\u00a0<\/span><span dir=\"auto\">CARBON<\/span><span dir=\"auto\">\u00a0se distingue par son nouveau design, ses mat\u00e9riaux de pointe et sa technologie innovante\u00a0<\/span><span dir=\"auto\">de peinture photochromique<\/span><span dir=\"auto\">\u00a0. Avec sa forme\u00a0<\/span><span dir=\"auto\">en losange<\/span><span dir=\"auto\">\u00a0, elle s&#8217;adresse aux joueurs recherchant une agressivit\u00e9 maximale dans leurs coups\u00a0<\/span><span dir=\"auto\">offensifs<\/span><span dir=\"auto\">\u00a0.<\/span><\/p>\n<h2><span dir=\"auto\">\u00c9quilibre parfait, vitesse imparable<\/span><\/h2>\n<p><span dir=\"auto\">Les bords des profils ont \u00e9t\u00e9 profil\u00e9s pour augmenter\u00a0<\/span><span dir=\"auto\">l&#8217;a\u00e9rodynamisme , la\u00a0<\/span><span dir=\"auto\">poign\u00e9e\u00a0<\/span><span dir=\"auto\">\u00a0a \u00e9t\u00e9 allong\u00e9e\u00a0pour faciliter la prise en main, mais ce qui ressort le plus est l&#8217;incorporation de la technologie\u00a0<\/span><span dir=\"auto\">EOS Flap , des perforations lat\u00e9rales con\u00e7ues pour augmenter la maniabilit\u00e9 de la raquette et r\u00e9partir le poids afin que vous ayez une\u00a0<\/span><span dir=\"auto\">raquette rapide et mortelle\u00a0dans vos mains .<\/span><\/p>\n<h2><span dir=\"auto\">Carbone 12K, noyau HR3<\/span><\/h2>\n<p><span dir=\"auto\">Le nouveau\u00a0<\/span><span dir=\"auto\">\u00a0Quantum 12K\u00a0<\/span><span dir=\"auto\">CARBON<\/span><span dir=\"auto\">\u00a0associe fibre de carbone 12K et\u00a0 noyau\u00a0<\/span><span dir=\"auto\">EVA HR3 Color<\/span><span dir=\"auto\">\u00a0pour un confort de frappe exceptionnel tout en conservant une\u00a0<\/span><span dir=\"auto\">sensation de solidit\u00e9 et de duret\u00e9 moyenne.<\/span><span dir=\"auto\">\u00a0Il est dot\u00e9 de la technologie EXCLUSIVE SPIN, avec\u00a0<\/span><span dir=\"auto\">une double finition rugueuse\u00a0:<\/span><span dir=\"auto\">\u00a0une surface hexagonale 3D au centre et une texture sable sur le reste. Cette combinaison am\u00e9liore le contr\u00f4le et favorise la\u00a0<\/span><span dir=\"auto\">prise d&#8217;effet<\/span><span dir=\"auto\">\u00a0.<\/span><\/p>\n<h2><span dir=\"auto\">Moins de vibrations, meilleure adh\u00e9rence<\/span><\/h2>\n<p><span dir=\"auto\">La technologie\u00a0<\/span><span dir=\"auto\">NOX Custom Grip\u00ae<\/span><span dir=\"auto\">\u00a0(certifi\u00e9e par Testea Padel) et\u00a0<\/span><span dir=\"auto\">le syst\u00e8me Pulse<\/span><span dir=\"auto\">\u00a0absorbent les vibrations qui atteignent la main, r\u00e9duisant ainsi la fatigue articulaire. Elle int\u00e8gre le syst\u00e8me innovant de lacets de s\u00e9curit\u00e9 rempla\u00e7ables\u00a0<\/span><span dir=\"auto\">Smartstrap\u00ae<\/span><span dir=\"auto\">\u00a0. Plus hygi\u00e9nique, plus s\u00fbr et enti\u00e8rement personnalisable.<\/span><\/p>\n","protected":false},"excerpt":{"rendered":"<p>La nouvelle raquette\u00a0CARBON\u00a0se distingue par son nouveau design, ses mat\u00e9riaux de pointe et sa technologie innovante\u00a0de peinture photochromique\u00a0. Avec sa forme\u00a0en losange\u00a0, elle s&#8217;adresse aux joueurs recherchant une agressivit\u00e9 maximale dans leurs coups\u00a0offensifs\u00a0. \u00c9quilibre parfait, vitesse imparable Les bords des profils ont \u00e9t\u00e9 profil\u00e9s pour augmenter\u00a0l&#8217;a\u00e9rodynamisme , la\u00a0poign\u00e9e\u00a0\u00a0a \u00e9t\u00e9 allong\u00e9e\u00a0pour faciliter la prise en main, [&hellip;]<\/p>\n","protected":false},"featured_media":115217,"comment_status":"open","ping_status":"closed","template":"","meta":[],"product_cat":[84],"product_tag":[],"_links":{"self":[{"href":"https:\/\/www.sport4club.be\/index.php\/wp-json\/wp\/v2\/product\/115227"}],"collection":[{"href":"https:\/\/www.sport4club.be\/index.php\/wp-json\/wp\/v2\/product"}],"about":[{"href":"https:\/\/www.sport4club.be\/index.php\/wp-json\/wp\/v2\/types\/product"}],"replies":[{"embeddable":true,"href":"https:\/\/www.sport4club.be\/index.php\/wp-json\/wp\/v2\/comments?post=115227"}],"wp:featuredmedia":[{"embeddable":true,"href":"https:\/\/www.sport4club.be\/index.php\/wp-json\/wp\/v2\/media\/115217"}],"wp:attachment":[{"href":"https:\/\/www.sport4club.be\/index.php\/wp-json\/wp\/v2\/media?parent=115227"}],"wp:term":[{"taxonomy":"product_cat","embeddable":true,"href":"https:\/\/www.sport4club.be\/index.php\/wp-json\/wp\/v2\/product_cat?post=115227"},{"taxonomy":"product_tag","embeddable":true,"href":"https:\/\/www.sport4club.be\/index.php\/wp-json\/wp\/v2\/product_tag?post=115227"}],"curies":[{"name":"wp","href":"https:\/\/api.w.org\/{rel}","templated":true}]}}