{"id":115171,"date":"2025-08-02T10:21:28","date_gmt":"2025-08-02T08:21:28","guid":{"rendered":"https:\/\/www.sport4club.be\/?post_type=product&#038;p=115171"},"modified":"2025-08-11T09:38:50","modified_gmt":"2025-08-11T07:38:50","slug":"dunlop-atp-tour-18x4balles","status":"publish","type":"product","link":"https:\/\/www.sport4club.be\/index.php\/product\/dunlop-atp-tour-18x4balles\/","title":{"rendered":"Dunlop ATP Tour (18x4balles)"},"content":{"rendered":"<p>Retrouvez la balle de tennis\u00a0Dunlop ATP en\u00a0carton de 18 tubes\u00a0contenant chacun\u00a04 balles.<\/p>\n<p>Dunlop\u00a0devient en 2019 le nouveau partenaire de l&#8217;ATP. De ce partenariat est n\u00e9e la balle Dunlop ATP, cr\u00e9\u00e9e avec des mat\u00e9riaux de haute qualit\u00e9 pour garantir un rebond durable dans le temps. Une v\u00e9ritable r\u00e9f\u00e9rence pour les comp\u00e9titions !<\/p>\n<p>Les balles de tennis Dunlop ATP intr\u00e8gre deux technologies :<\/p>\n<ul>\n<li>le\u00a0HD Pro Core issu de la balle Dunlop Fort a \u00e9t\u00e9 am\u00e9lior\u00e9 pour offrir encore plus de r\u00e9sistance\u00a0et de\u00a0durabilit\u00e9\u00a0\u00e0 la balle ;<\/li>\n<li>le\u00a0HD Pro Cloth\u00a0permet de renforcer le feutre avec des mat\u00e9riaux de qualit\u00e9 premium afin de garantir une excellente vivacit\u00e9.<\/li>\n<\/ul>\n","protected":false},"excerpt":{"rendered":"<p>Retrouvez la balle de tennis\u00a0Dunlop ATP en\u00a0carton de 18 tubes\u00a0contenant chacun\u00a04 balles. Dunlop\u00a0devient en 2019 le nouveau partenaire de l&#8217;ATP. De ce partenariat est n\u00e9e la balle Dunlop ATP, cr\u00e9\u00e9e avec des mat\u00e9riaux de haute qualit\u00e9 pour garantir un rebond durable dans le temps. Une v\u00e9ritable r\u00e9f\u00e9rence pour les comp\u00e9titions ! Les balles de tennis [&hellip;]<\/p>\n","protected":false},"featured_media":115172,"comment_status":"open","ping_status":"closed","template":"","meta":[],"product_cat":[106],"product_tag":[],"_links":{"self":[{"href":"https:\/\/www.sport4club.be\/index.php\/wp-json\/wp\/v2\/product\/115171"}],"collection":[{"href":"https:\/\/www.sport4club.be\/index.php\/wp-json\/wp\/v2\/product"}],"about":[{"href":"https:\/\/www.sport4club.be\/index.php\/wp-json\/wp\/v2\/types\/product"}],"replies":[{"embeddable":true,"href":"https:\/\/www.sport4club.be\/index.php\/wp-json\/wp\/v2\/comments?post=115171"}],"wp:featuredmedia":[{"embeddable":true,"href":"https:\/\/www.sport4club.be\/index.php\/wp-json\/wp\/v2\/media\/115172"}],"wp:attachment":[{"href":"https:\/\/www.sport4club.be\/index.php\/wp-json\/wp\/v2\/media?parent=115171"}],"wp:term":[{"taxonomy":"product_cat","embeddable":true,"href":"https:\/\/www.sport4club.be\/index.php\/wp-json\/wp\/v2\/product_cat?post=115171"},{"taxonomy":"product_tag","embeddable":true,"href":"https:\/\/www.sport4club.be\/index.php\/wp-json\/wp\/v2\/product_tag?post=115171"}],"curies":[{"name":"wp","href":"https:\/\/api.w.org\/{rel}","templated":true}]}}