{"id":115110,"date":"2025-07-22T08:29:05","date_gmt":"2025-07-22T06:29:05","guid":{"rendered":"https:\/\/www.sport4club.be\/?post_type=product&#038;p=115110"},"modified":"2026-01-18T09:39:24","modified_gmt":"2026-01-18T08:39:24","slug":"nox-shoes-lifestyle-white-blue","status":"publish","type":"product","link":"https:\/\/www.sport4club.be\/index.php\/product\/nox-shoes-lifestyle-white-blue\/","title":{"rendered":"Nox Shoes Lifestyle White\/Blue"},"content":{"rendered":"<p>Chez NOX, nous d\u00e9veloppons depuis des ann\u00e9es des chaussures techniques pour le padel, cliniquement approuv\u00e9es et con\u00e7ues<br \/>\npour garantir une performance sportive maximale.<\/p>\n<p>Aujourd&#8217;hui, nous allons encore plus loin. En nous appuyant sur notre expertise en biom\u00e9canique, sur la s\u00e9lection de mat\u00e9riaux de premi\u00e8re qualit\u00e9 et sur un design ergonomique, nous pr\u00e9sentons nos premi\u00e8res chaussures lifestyle : une proposition<br \/>\ncon\u00e7ue pour ceux qui appr\u00e9cient le confort, le style et l&#8217;authenticit\u00e9, m\u00eame en dehors de la piste.<\/p>\n<p>Fabriqu\u00e9es en Espagne et compos\u00e9es \u00e0 100% de cuir naturel, ces chaussures repr\u00e9sentent l&#8217;engagement de NOX pour la qualit\u00e9, la proximit\u00e9 et la production responsable. Nous avons opt\u00e9 pour des fournisseurs locaux afin d&#8217;offrir un produit final qui se distingue par sa durabilit\u00e9 et sa finition sup\u00e9rieure.<\/p>\n<p><strong>CARACT\u00c9RISTIQUES TECHNIQUES<\/strong><\/p>\n<p>. Mod\u00e8le 100% cuir : Dessus en cuir nappa, doublure en cuir et semelle int\u00e9rieure \u00e9galement doubl\u00e9e en cuir. Maximum de douceur, ajustement et respirabilit\u00e9 naturelle.<br \/>\n. Semelle en caoutchouc EVA : Ultra-l\u00e9g\u00e8re et flexible, avec une excellente r\u00e9sistance \u00e0 l&#8217;abrasion. Id\u00e9ale pour le rythme urbain de la vie quotidienne.<br \/>\n. Structure renforc\u00e9e : Semelle cousue et coll\u00e9e, une solution qui garantit une plus grande durabilit\u00e9 contre les d\u00e9chirures ou le d\u00e9tachement<br \/>\n. D\u00e9tails de finition haut de gamme : Gravure laser, tampographie, cordons personnalis\u00e9s avec t\u00eate NOX et \u0153illets m\u00e9talliques blancs<br \/>\n. Assemblage technique : Structure interne con\u00e7ue pour une foul\u00e9e confortable, stable et bien soutenue.<\/p>\n<p>&nbsp;<\/p>\n","protected":false},"excerpt":{"rendered":"<p>Chez NOX, nous d\u00e9veloppons depuis des ann\u00e9es des chaussures techniques pour le padel, cliniquement approuv\u00e9es et con\u00e7ues pour garantir une performance sportive maximale. Aujourd&#8217;hui, nous allons encore plus loin. En nous appuyant sur notre expertise en biom\u00e9canique, sur la s\u00e9lection de mat\u00e9riaux de premi\u00e8re qualit\u00e9 et sur un design ergonomique, nous pr\u00e9sentons nos premi\u00e8res chaussures [&hellip;]<\/p>\n","protected":false},"featured_media":115111,"comment_status":"open","ping_status":"closed","template":"","meta":[],"product_cat":[124,786],"product_tag":[],"_links":{"self":[{"href":"https:\/\/www.sport4club.be\/index.php\/wp-json\/wp\/v2\/product\/115110"}],"collection":[{"href":"https:\/\/www.sport4club.be\/index.php\/wp-json\/wp\/v2\/product"}],"about":[{"href":"https:\/\/www.sport4club.be\/index.php\/wp-json\/wp\/v2\/types\/product"}],"replies":[{"embeddable":true,"href":"https:\/\/www.sport4club.be\/index.php\/wp-json\/wp\/v2\/comments?post=115110"}],"wp:featuredmedia":[{"embeddable":true,"href":"https:\/\/www.sport4club.be\/index.php\/wp-json\/wp\/v2\/media\/115111"}],"wp:attachment":[{"href":"https:\/\/www.sport4club.be\/index.php\/wp-json\/wp\/v2\/media?parent=115110"}],"wp:term":[{"taxonomy":"product_cat","embeddable":true,"href":"https:\/\/www.sport4club.be\/index.php\/wp-json\/wp\/v2\/product_cat?post=115110"},{"taxonomy":"product_tag","embeddable":true,"href":"https:\/\/www.sport4club.be\/index.php\/wp-json\/wp\/v2\/product_tag?post=115110"}],"curies":[{"name":"wp","href":"https:\/\/api.w.org\/{rel}","templated":true}]}}