{"id":115077,"date":"2025-07-03T08:03:45","date_gmt":"2025-07-03T06:03:45","guid":{"rendered":"https:\/\/www.sport4club.be\/?post_type=product&#038;p=115077"},"modified":"2025-07-23T15:07:57","modified_gmt":"2025-07-23T13:07:57","slug":"merco-tennis-court-broom-universal-kunstoff-2","status":"publish","type":"product","link":"https:\/\/www.sport4club.be\/index.php\/product\/merco-tennis-court-broom-universal-kunstoff-2\/","title":{"rendered":"Merco Tennis Court Broom Universal Kunstoff"},"content":{"rendered":"<p>Le balai pour terre battue Merco Universal Kunstoff est compos\u00e9 de quatre parties, qui peuvent \u00eatre \u00e9chang\u00e9es si n\u00e9cessaire.<\/p>\n<p>Le balai a un cadre en aluminium et un manche en aluminium.<\/p>\n<p>Le balai a une largeur de 150 ou 200 cm.<\/p>\n","protected":false},"excerpt":{"rendered":"<p>Le balai pour terre battue Merco Universal Kunstoff est compos\u00e9 de quatre parties, qui peuvent \u00eatre \u00e9chang\u00e9es si n\u00e9cessaire. Le balai a un cadre en aluminium et un manche en aluminium. Le balai a une largeur de 150 ou 200 cm.<\/p>\n","protected":false},"featured_media":115078,"comment_status":"open","ping_status":"closed","template":"","meta":[],"product_cat":[79],"product_tag":[],"_links":{"self":[{"href":"https:\/\/www.sport4club.be\/index.php\/wp-json\/wp\/v2\/product\/115077"}],"collection":[{"href":"https:\/\/www.sport4club.be\/index.php\/wp-json\/wp\/v2\/product"}],"about":[{"href":"https:\/\/www.sport4club.be\/index.php\/wp-json\/wp\/v2\/types\/product"}],"replies":[{"embeddable":true,"href":"https:\/\/www.sport4club.be\/index.php\/wp-json\/wp\/v2\/comments?post=115077"}],"wp:featuredmedia":[{"embeddable":true,"href":"https:\/\/www.sport4club.be\/index.php\/wp-json\/wp\/v2\/media\/115078"}],"wp:attachment":[{"href":"https:\/\/www.sport4club.be\/index.php\/wp-json\/wp\/v2\/media?parent=115077"}],"wp:term":[{"taxonomy":"product_cat","embeddable":true,"href":"https:\/\/www.sport4club.be\/index.php\/wp-json\/wp\/v2\/product_cat?post=115077"},{"taxonomy":"product_tag","embeddable":true,"href":"https:\/\/www.sport4club.be\/index.php\/wp-json\/wp\/v2\/product_tag?post=115077"}],"curies":[{"name":"wp","href":"https:\/\/api.w.org\/{rel}","templated":true}]}}