{"id":115042,"date":"2025-06-24T10:25:20","date_gmt":"2025-06-24T08:25:20","guid":{"rendered":"https:\/\/www.sport4club.be\/?post_type=product&#038;p=115042"},"modified":"2025-06-24T10:25:21","modified_gmt":"2025-06-24T08:25:21","slug":"solinco-mach-10-200m","status":"publish","type":"product","link":"https:\/\/www.sport4club.be\/index.php\/product\/solinco-mach-10-200m\/","title":{"rendered":"Solinco Mach-10 (200M)"},"content":{"rendered":"<p>Le cordage\u00a0Solinco Mach-10\u00a0int\u00e8gre au c\u0153ur de sa composition la technologie\u00a0CloudFORM, une formulation chimique innovante qui offre un\u00a0\u00e9quilibre naturel entre puissance, confort et maintien de tension. Ce cordage se d\u00e9marque des trois grandes familles traditionnelles de Solinco en proposant une nouvelle gamme de cordages en copolyester, ax\u00e9e sur la puissance et le confort.<\/p>\n<p>Gr\u00e2ce \u00e0 une composition enti\u00e8rement revue, il combine les qualit\u00e9s appr\u00e9ci\u00e9es de ses pr\u00e9d\u00e9cesseurs tout en\u00a0am\u00e9liorant la sensation \u00e0 l&#8217;impact et le contr\u00f4le de la balle. Sa capacit\u00e9 \u00e0 restituer une certaine \u00ab vitesse \u00bb et \u00e0 bien contr\u00f4ler la balle lui conf\u00e8re un rendement sup\u00e9rieur, apportant ainsi une dimension suppl\u00e9mentaire \u00e0 chaque \u00e9change.<\/p>\n<p>Le Solinco Mach-10 permet de jouer des coups puissants et pr\u00e9cis tout en gardant un toucher naturel et une tension stable au fil du match.<\/p>\n<p>&nbsp;<\/p>\n<p>&nbsp;<\/p>\n","protected":false},"excerpt":{"rendered":"<p>Le cordage\u00a0Solinco Mach-10\u00a0int\u00e8gre au c\u0153ur de sa composition la technologie\u00a0CloudFORM, une formulation chimique innovante qui offre un\u00a0\u00e9quilibre naturel entre puissance, confort et maintien de tension. Ce cordage se d\u00e9marque des trois grandes familles traditionnelles de Solinco en proposant une nouvelle gamme de cordages en copolyester, ax\u00e9e sur la puissance et le confort. Gr\u00e2ce \u00e0 une [&hellip;]<\/p>\n","protected":false},"featured_media":115043,"comment_status":"open","ping_status":"closed","template":"","meta":[],"product_cat":[108],"product_tag":[],"_links":{"self":[{"href":"https:\/\/www.sport4club.be\/index.php\/wp-json\/wp\/v2\/product\/115042"}],"collection":[{"href":"https:\/\/www.sport4club.be\/index.php\/wp-json\/wp\/v2\/product"}],"about":[{"href":"https:\/\/www.sport4club.be\/index.php\/wp-json\/wp\/v2\/types\/product"}],"replies":[{"embeddable":true,"href":"https:\/\/www.sport4club.be\/index.php\/wp-json\/wp\/v2\/comments?post=115042"}],"wp:featuredmedia":[{"embeddable":true,"href":"https:\/\/www.sport4club.be\/index.php\/wp-json\/wp\/v2\/media\/115043"}],"wp:attachment":[{"href":"https:\/\/www.sport4club.be\/index.php\/wp-json\/wp\/v2\/media?parent=115042"}],"wp:term":[{"taxonomy":"product_cat","embeddable":true,"href":"https:\/\/www.sport4club.be\/index.php\/wp-json\/wp\/v2\/product_cat?post=115042"},{"taxonomy":"product_tag","embeddable":true,"href":"https:\/\/www.sport4club.be\/index.php\/wp-json\/wp\/v2\/product_tag?post=115042"}],"curies":[{"name":"wp","href":"https:\/\/api.w.org\/{rel}","templated":true}]}}