{"id":11504,"date":"2018-12-15T08:27:21","date_gmt":"2018-12-15T07:27:21","guid":{"rendered":"https:\/\/www.sport4club.be\/?post_type=product&#038;p=11504"},"modified":"2020-03-15T14:54:27","modified_gmt":"2020-03-15T13:54:27","slug":"babolat-core-short-garcons","status":"publish","type":"product","link":"https:\/\/www.sport4club.be\/index.php\/product\/babolat-core-short-garcons\/","title":{"rendered":"Babolat Core Short Gar\u00e7ons"},"content":{"rendered":"<h4 class=\"fs16 none fbold color3\"><em>SHORT DE TENNIS CONFORTABLE ET L\u00c9GER.<\/em><\/h4>\n<div class=\"grid_12 omega\">\n<em>Ce short, con\u00e7u avec un tissu FiberDry l\u00e9ger et confortable, sa technologie 360\u00b0 Motion permet une grande libert\u00e9 de mouvement.<\/em><\/div>\n","protected":false},"excerpt":{"rendered":"<p>SHORT DE TENNIS CONFORTABLE ET L\u00c9GER. Ce short, con\u00e7u avec un tissu FiberDry l\u00e9ger et confortable, sa technologie 360\u00b0 Motion permet une grande libert\u00e9 de mouvement.<\/p>\n","protected":false},"featured_media":11027,"comment_status":"open","ping_status":"closed","template":"","meta":[],"product_cat":[483],"product_tag":[],"_links":{"self":[{"href":"https:\/\/www.sport4club.be\/index.php\/wp-json\/wp\/v2\/product\/11504"}],"collection":[{"href":"https:\/\/www.sport4club.be\/index.php\/wp-json\/wp\/v2\/product"}],"about":[{"href":"https:\/\/www.sport4club.be\/index.php\/wp-json\/wp\/v2\/types\/product"}],"replies":[{"embeddable":true,"href":"https:\/\/www.sport4club.be\/index.php\/wp-json\/wp\/v2\/comments?post=11504"}],"wp:featuredmedia":[{"embeddable":true,"href":"https:\/\/www.sport4club.be\/index.php\/wp-json\/wp\/v2\/media\/11027"}],"wp:attachment":[{"href":"https:\/\/www.sport4club.be\/index.php\/wp-json\/wp\/v2\/media?parent=11504"}],"wp:term":[{"taxonomy":"product_cat","embeddable":true,"href":"https:\/\/www.sport4club.be\/index.php\/wp-json\/wp\/v2\/product_cat?post=11504"},{"taxonomy":"product_tag","embeddable":true,"href":"https:\/\/www.sport4club.be\/index.php\/wp-json\/wp\/v2\/product_tag?post=11504"}],"curies":[{"name":"wp","href":"https:\/\/api.w.org\/{rel}","templated":true}]}}