{"id":115028,"date":"2025-06-16T09:45:38","date_gmt":"2025-06-16T07:45:38","guid":{"rendered":"https:\/\/www.sport4club.be\/?post_type=product&#038;p=115028"},"modified":"2025-06-16T09:45:38","modified_gmt":"2025-06-16T07:45:38","slug":"head-padel-pro-s-x3balles","status":"publish","type":"product","link":"https:\/\/www.sport4club.be\/index.php\/product\/head-padel-pro-s-x3balles\/","title":{"rendered":"Head Padel Pro S+ x3balles"},"content":{"rendered":"<p>La balle Head Padel Pro S+ est une version am\u00e9lior\u00e9e de la balle de padel Head Pro S.<\/p>\n<p>Cette balle de padel offre une\u00a0durabilit\u00e9 accrue par rapport \u00e0 la version Pro S classique. Elle est con\u00e7ue avec un nouveau noyau plus durable et un nouveau feutre plus r\u00e9sistant, afin de b\u00e9n\u00e9ficier de performances de jeu exceptionnelles plus longtemps.<\/p>\n<p>Toujours aussi vive, elle est parfaite pour une pratique r\u00e9guli\u00e8re du padel, que ce soit en entra\u00eenement ou en comp\u00e9tition.<\/p>\n","protected":false},"excerpt":{"rendered":"<p>La balle Head Padel Pro S+ est une version am\u00e9lior\u00e9e de la balle de padel Head Pro S. Cette balle de padel offre une\u00a0durabilit\u00e9 accrue par rapport \u00e0 la version Pro S classique. Elle est con\u00e7ue avec un nouveau noyau plus durable et un nouveau feutre plus r\u00e9sistant, afin de b\u00e9n\u00e9ficier de performances de jeu [&hellip;]<\/p>\n","protected":false},"featured_media":115029,"comment_status":"open","ping_status":"closed","template":"","meta":[],"product_cat":[88],"product_tag":[],"_links":{"self":[{"href":"https:\/\/www.sport4club.be\/index.php\/wp-json\/wp\/v2\/product\/115028"}],"collection":[{"href":"https:\/\/www.sport4club.be\/index.php\/wp-json\/wp\/v2\/product"}],"about":[{"href":"https:\/\/www.sport4club.be\/index.php\/wp-json\/wp\/v2\/types\/product"}],"replies":[{"embeddable":true,"href":"https:\/\/www.sport4club.be\/index.php\/wp-json\/wp\/v2\/comments?post=115028"}],"wp:featuredmedia":[{"embeddable":true,"href":"https:\/\/www.sport4club.be\/index.php\/wp-json\/wp\/v2\/media\/115029"}],"wp:attachment":[{"href":"https:\/\/www.sport4club.be\/index.php\/wp-json\/wp\/v2\/media?parent=115028"}],"wp:term":[{"taxonomy":"product_cat","embeddable":true,"href":"https:\/\/www.sport4club.be\/index.php\/wp-json\/wp\/v2\/product_cat?post=115028"},{"taxonomy":"product_tag","embeddable":true,"href":"https:\/\/www.sport4club.be\/index.php\/wp-json\/wp\/v2\/product_tag?post=115028"}],"curies":[{"name":"wp","href":"https:\/\/api.w.org\/{rel}","templated":true}]}}