{"id":115026,"date":"2025-06-16T09:41:22","date_gmt":"2025-06-16T07:41:22","guid":{"rendered":"https:\/\/www.sport4club.be\/?post_type=product&#038;p=115026"},"modified":"2025-06-16T09:41:22","modified_gmt":"2025-06-16T07:41:22","slug":"head-padel-pro-24x3balles","status":"publish","type":"product","link":"https:\/\/www.sport4club.be\/index.php\/product\/head-padel-pro-24x3balles\/","title":{"rendered":"Head Padel Pro+ 24x3balles"},"content":{"rendered":"<p>La balle Head Padel Pro+ est une r\u00e9f\u00e9rence incontournable pour les joueurs de padel exigeants \u00e0 la recherche d&#8217;une balle durable.<\/p>\n<p>Avec un noyau renforc\u00e9 et un nouveau feutre exclusif plus durable, la Head Padel Pro+ est con\u00e7ue pour offrir une\u00a0pr\u00e9cision et un contr\u00f4le exceptionnels, pendant plus longtemps. Elle est id\u00e9ale pour une pratique intensive du padel et conviendra m\u00eame aux comp\u00e9titeurs les plus exigeants.<\/p>\n<p>La balle Head Padel Pro+ est un choix s\u00fbr et fiable pour tous les amateurs de padel qui souhaitent am\u00e9liorer leur jeu avec une balle de qualit\u00e9 sup\u00e9rieure.<\/p>\n","protected":false},"excerpt":{"rendered":"<p>La balle Head Padel Pro+ est une r\u00e9f\u00e9rence incontournable pour les joueurs de padel exigeants \u00e0 la recherche d&#8217;une balle durable. Avec un noyau renforc\u00e9 et un nouveau feutre exclusif plus durable, la Head Padel Pro+ est con\u00e7ue pour offrir une\u00a0pr\u00e9cision et un contr\u00f4le exceptionnels, pendant plus longtemps. Elle est id\u00e9ale pour une pratique intensive [&hellip;]<\/p>\n","protected":false},"featured_media":115027,"comment_status":"open","ping_status":"closed","template":"","meta":[],"product_cat":[88],"product_tag":[],"_links":{"self":[{"href":"https:\/\/www.sport4club.be\/index.php\/wp-json\/wp\/v2\/product\/115026"}],"collection":[{"href":"https:\/\/www.sport4club.be\/index.php\/wp-json\/wp\/v2\/product"}],"about":[{"href":"https:\/\/www.sport4club.be\/index.php\/wp-json\/wp\/v2\/types\/product"}],"replies":[{"embeddable":true,"href":"https:\/\/www.sport4club.be\/index.php\/wp-json\/wp\/v2\/comments?post=115026"}],"wp:featuredmedia":[{"embeddable":true,"href":"https:\/\/www.sport4club.be\/index.php\/wp-json\/wp\/v2\/media\/115027"}],"wp:attachment":[{"href":"https:\/\/www.sport4club.be\/index.php\/wp-json\/wp\/v2\/media?parent=115026"}],"wp:term":[{"taxonomy":"product_cat","embeddable":true,"href":"https:\/\/www.sport4club.be\/index.php\/wp-json\/wp\/v2\/product_cat?post=115026"},{"taxonomy":"product_tag","embeddable":true,"href":"https:\/\/www.sport4club.be\/index.php\/wp-json\/wp\/v2\/product_tag?post=115026"}],"curies":[{"name":"wp","href":"https:\/\/api.w.org\/{rel}","templated":true}]}}