{"id":114992,"date":"2025-05-27T09:08:32","date_gmt":"2025-05-27T07:08:32","guid":{"rendered":"https:\/\/www.sport4club.be\/?post_type=product&#038;p=114992"},"modified":"2025-05-27T09:16:27","modified_gmt":"2025-05-27T07:16:27","slug":"wilson-clash-100-v3-295gr","status":"publish","type":"product","link":"https:\/\/www.sport4club.be\/index.php\/product\/wilson-clash-100-v3-295gr\/","title":{"rendered":"Wilson Clash 100 V3 (295gr)"},"content":{"rendered":"<p>La\u00a0<strong>Wilson Clash 100 V3<\/strong>\u00a0continue d\u2019\u00e9voluer pour offrir aux joueurs un \u00e9quilibre parfait entre confort, puissance et contr\u00f4le. Cette nouvelle version reprend la souplesse l\u00e9gendaire de la\u00a0<strong>V1<\/strong>, tout en y ajoutant une meilleure stabilit\u00e9 \u00e0 l\u2019impact. Elle s\u2019adresse aux joueurs recherchant une raquette polyvalente, tol\u00e9rante et agr\u00e9able \u00e0 jouer sur toutes les surfaces.<\/p>\n<p>Wilson conserve l\u2019<strong>ADN unique de la Clash<\/strong>\u00a0avec son cadre flexible et sa tol\u00e9rance exceptionnelle, tout en am\u00e9liorant la consistance des frappes et la r\u00e9activit\u00e9 sur les balles d\u00e9centr\u00e9es.<\/p>\n<p>La principale \u00e9volution de cette\u00a0<strong>Wilson Clash 100 V3<\/strong>\u00a0r\u00e9side dans l\u2019am\u00e9lioration de sa stabilit\u00e9. Gr\u00e2ce \u00e0 un travail sur la structure du cadre et la disposition des mat\u00e9riaux, cette version corrige les l\u00e9g\u00e8res faiblesses de la\u00a0<strong>V2<\/strong>\u00a0pour offrir un retour plus homog\u00e8ne et pr\u00e9cis.<\/p>\n<p>Le\u00a0<strong>nouveau syst\u00e8me de renforts<\/strong>\u00a0apporte une meilleure tenue de la raquette lors des frappes puissantes, garantissant une sensation plus s\u00e9curisante et stable \u00e0 chaque \u00e9change.<\/p>\n<p>Wilson a choisi de\u00a0<strong>se rapprocher de la souplesse de la premi\u00e8re g\u00e9n\u00e9ration<\/strong>, offrant ainsi une sensation plus douce \u00e0 la frappe. Cette caract\u00e9ristique en fait une raquette id\u00e9ale pour les joueurs souffrant de douleurs au poignet ou au coude, sans sacrifier la r\u00e9activit\u00e9 en fond de court.<\/p>\n<p>Le m\u00e9lange de flexibilit\u00e9 et de stabilit\u00e9 permet d\u2019<strong>acc\u00e9l\u00e9rer la balle avec contr\u00f4le<\/strong>, tout en absorbant efficacement les vibrations.<\/p>\n<p>Cette raquette s\u2019adresse \u00e0 un\u00a0<strong>large panel de joueurs<\/strong>, du niveau interm\u00e9diaire \u00e0 avanc\u00e9, qui recherchent une raquette alliant\u00a0<strong>souplesse, maniabilit\u00e9 et confort<\/strong>.<\/p>\n<p>Elle conviendra particuli\u00e8rement :<\/p>\n<ul>\n<li>Aux\u00a0<strong>joueurs polyvalents<\/strong>, qui aiment alterner entre frappes puissantes et contr\u00f4le pr\u00e9cis.<\/li>\n<li>Aux\u00a0<strong>joueurs de fond de court<\/strong>, recherchant une raquette tol\u00e9rante et r\u00e9active.<\/li>\n<li>Aux\u00a0<strong>joueurs sensibles aux vibrations<\/strong>, gr\u00e2ce \u00e0 sa souplesse qui r\u00e9duit l\u2019impact sur le bras.<\/li>\n<\/ul>\n<p>La\u00a0<strong>Wilson Clash 100 V3<\/strong>\u00a0s\u2019impose comme une r\u00e9f\u00e9rence pour les joueurs cherchant\u00a0<strong>une raquette confortable, stable et facile \u00e0 jouer<\/strong>.<\/p>\n","protected":false},"excerpt":{"rendered":"<p>La\u00a0Wilson Clash 100 V3\u00a0continue d\u2019\u00e9voluer pour offrir aux joueurs un \u00e9quilibre parfait entre confort, puissance et contr\u00f4le. Cette nouvelle version reprend la souplesse l\u00e9gendaire de la\u00a0V1, tout en y ajoutant une meilleure stabilit\u00e9 \u00e0 l\u2019impact. Elle s\u2019adresse aux joueurs recherchant une raquette polyvalente, tol\u00e9rante et agr\u00e9able \u00e0 jouer sur toutes les surfaces. Wilson conserve l\u2019ADN [&hellip;]<\/p>\n","protected":false},"featured_media":114993,"comment_status":"open","ping_status":"closed","template":"","meta":[],"product_cat":[145],"product_tag":[],"_links":{"self":[{"href":"https:\/\/www.sport4club.be\/index.php\/wp-json\/wp\/v2\/product\/114992"}],"collection":[{"href":"https:\/\/www.sport4club.be\/index.php\/wp-json\/wp\/v2\/product"}],"about":[{"href":"https:\/\/www.sport4club.be\/index.php\/wp-json\/wp\/v2\/types\/product"}],"replies":[{"embeddable":true,"href":"https:\/\/www.sport4club.be\/index.php\/wp-json\/wp\/v2\/comments?post=114992"}],"wp:featuredmedia":[{"embeddable":true,"href":"https:\/\/www.sport4club.be\/index.php\/wp-json\/wp\/v2\/media\/114993"}],"wp:attachment":[{"href":"https:\/\/www.sport4club.be\/index.php\/wp-json\/wp\/v2\/media?parent=114992"}],"wp:term":[{"taxonomy":"product_cat","embeddable":true,"href":"https:\/\/www.sport4club.be\/index.php\/wp-json\/wp\/v2\/product_cat?post=114992"},{"taxonomy":"product_tag","embeddable":true,"href":"https:\/\/www.sport4club.be\/index.php\/wp-json\/wp\/v2\/product_tag?post=114992"}],"curies":[{"name":"wp","href":"https:\/\/api.w.org\/{rel}","templated":true}]}}