{"id":114975,"date":"2025-05-21T15:47:35","date_gmt":"2025-05-21T13:47:35","guid":{"rendered":"https:\/\/www.sport4club.be\/?post_type=product&#038;p=114975"},"modified":"2025-09-25T09:27:37","modified_gmt":"2025-09-25T07:27:37","slug":"nox-ml10-pro-cup-2025","status":"publish","type":"product","link":"https:\/\/www.sport4club.be\/index.php\/product\/nox-ml10-pro-cup-2025\/","title":{"rendered":"Nox ML10 Pro Cup 2025"},"content":{"rendered":"<p dir=\"ltr\">Elle conserve les mat\u00e9riaux de haute qualit\u00e9 de ses pr\u00e9d\u00e9cesseurs, mais avec un caoutchouc optimis\u00e9 pour un swing plus souple et plus pr\u00e9cis, id\u00e9al pour les exigences de ce sport.<\/p>\n<p dir=\"ltr\">Son profil de 20 mm offre un confort exceptionnel, une raquette con\u00e7ue pour dominer le sable et tirer le meilleur parti de tous les joueurs : des d\u00e9butants aux professionnels.<\/p>\n","protected":false},"excerpt":{"rendered":"<p>Elle conserve les mat\u00e9riaux de haute qualit\u00e9 de ses pr\u00e9d\u00e9cesseurs, mais avec un caoutchouc optimis\u00e9 pour un swing plus souple et plus pr\u00e9cis, id\u00e9al pour les exigences de ce sport. Son profil de 20 mm offre un confort exceptionnel, une raquette con\u00e7ue pour dominer le sable et tirer le meilleur parti de tous les joueurs [&hellip;]<\/p>\n","protected":false},"featured_media":114976,"comment_status":"open","ping_status":"closed","template":"","meta":[],"product_cat":[770],"product_tag":[],"_links":{"self":[{"href":"https:\/\/www.sport4club.be\/index.php\/wp-json\/wp\/v2\/product\/114975"}],"collection":[{"href":"https:\/\/www.sport4club.be\/index.php\/wp-json\/wp\/v2\/product"}],"about":[{"href":"https:\/\/www.sport4club.be\/index.php\/wp-json\/wp\/v2\/types\/product"}],"replies":[{"embeddable":true,"href":"https:\/\/www.sport4club.be\/index.php\/wp-json\/wp\/v2\/comments?post=114975"}],"wp:featuredmedia":[{"embeddable":true,"href":"https:\/\/www.sport4club.be\/index.php\/wp-json\/wp\/v2\/media\/114976"}],"wp:attachment":[{"href":"https:\/\/www.sport4club.be\/index.php\/wp-json\/wp\/v2\/media?parent=114975"}],"wp:term":[{"taxonomy":"product_cat","embeddable":true,"href":"https:\/\/www.sport4club.be\/index.php\/wp-json\/wp\/v2\/product_cat?post=114975"},{"taxonomy":"product_tag","embeddable":true,"href":"https:\/\/www.sport4club.be\/index.php\/wp-json\/wp\/v2\/product_tag?post=114975"}],"curies":[{"name":"wp","href":"https:\/\/api.w.org\/{rel}","templated":true}]}}