{"id":114965,"date":"2025-05-21T15:27:18","date_gmt":"2025-05-21T13:27:18","guid":{"rendered":"https:\/\/www.sport4club.be\/?post_type=product&#038;p=114965"},"modified":"2025-05-21T15:38:24","modified_gmt":"2025-05-21T13:38:24","slug":"nox-ng17-2025","status":"publish","type":"product","link":"https:\/\/www.sport4club.be\/index.php\/product\/nox-ng17-2025\/","title":{"rendered":"Nox NG17 Luxury 2025"},"content":{"rendered":"<p dir=\"ltr\">Con\u00e7ue pour ma\u00eetriser tous les aspects du jeu, elle allie\u00a0<strong>puissance, pr\u00e9cision<\/strong>\u00a0et\u00a0<strong>style<\/strong>.<\/p>\n<p dir=\"ltr\">Avec ses tons sombres qui mettent en valeur son design unique, cette raquette se distingue non seulement par son esth\u00e9tique \u00e9tonnante, mais aussi par sa technologie de pointe. Sa construction en\u00a0<strong>carbone alumin\u00e9 18K<\/strong>\u00a0offre une r\u00e9ponse explosive en attaque, tandis que le\u00a0<strong>rev\u00eatement Black Eva 15<\/strong>\u00a0assure un contr\u00f4le impeccable, m\u00eame sur les coups les plus techniques.<\/p>\n<p dir=\"ltr\">Un \u00e9quilibre parfaitement optimis\u00e9 et un motif de perforation unique garantissent une exp\u00e9rience tr\u00e8s confortable et adaptable \u00e0 toutes les situations sur le court. La NG17 Luxury 2025 est la quintessence de l&#8217;\u00e9lite : sophistication et haute performance r\u00e9unies en une seule raquette.<\/p>\n<p dir=\"ltr\">\n","protected":false},"excerpt":{"rendered":"<p>Con\u00e7ue pour ma\u00eetriser tous les aspects du jeu, elle allie\u00a0puissance, pr\u00e9cision\u00a0et\u00a0style. Avec ses tons sombres qui mettent en valeur son design unique, cette raquette se distingue non seulement par son esth\u00e9tique \u00e9tonnante, mais aussi par sa technologie de pointe. Sa construction en\u00a0carbone alumin\u00e9 18K\u00a0offre une r\u00e9ponse explosive en attaque, tandis que le\u00a0rev\u00eatement Black Eva 15\u00a0assure [&hellip;]<\/p>\n","protected":false},"featured_media":114966,"comment_status":"open","ping_status":"closed","template":"","meta":[],"product_cat":[770],"product_tag":[],"_links":{"self":[{"href":"https:\/\/www.sport4club.be\/index.php\/wp-json\/wp\/v2\/product\/114965"}],"collection":[{"href":"https:\/\/www.sport4club.be\/index.php\/wp-json\/wp\/v2\/product"}],"about":[{"href":"https:\/\/www.sport4club.be\/index.php\/wp-json\/wp\/v2\/types\/product"}],"replies":[{"embeddable":true,"href":"https:\/\/www.sport4club.be\/index.php\/wp-json\/wp\/v2\/comments?post=114965"}],"wp:featuredmedia":[{"embeddable":true,"href":"https:\/\/www.sport4club.be\/index.php\/wp-json\/wp\/v2\/media\/114966"}],"wp:attachment":[{"href":"https:\/\/www.sport4club.be\/index.php\/wp-json\/wp\/v2\/media?parent=114965"}],"wp:term":[{"taxonomy":"product_cat","embeddable":true,"href":"https:\/\/www.sport4club.be\/index.php\/wp-json\/wp\/v2\/product_cat?post=114965"},{"taxonomy":"product_tag","embeddable":true,"href":"https:\/\/www.sport4club.be\/index.php\/wp-json\/wp\/v2\/product_tag?post=114965"}],"curies":[{"name":"wp","href":"https:\/\/api.w.org\/{rel}","templated":true}]}}