{"id":114901,"date":"2025-04-22T09:33:51","date_gmt":"2025-04-22T07:33:51","guid":{"rendered":"https:\/\/www.sport4club.be\/?post_type=product&#038;p=114901"},"modified":"2026-04-23T22:50:00","modified_gmt":"2026-04-23T20:50:00","slug":"merco-clay-arenga-200-broom-for-clay-courts","status":"publish","type":"product","link":"https:\/\/www.sport4club.be\/index.php\/product\/merco-clay-arenga-200-broom-for-clay-courts\/","title":{"rendered":"Merco Clay Arenga 200 broom for clay courts"},"content":{"rendered":"<p>Le balai Merco Clay Arenga 200 fait partie de l&#8217;\u00e9quipement de base de chaque club de tennis, de volley-ball ou de football-tennis pour l&#8217;entretien de leur terrain en terre battue. Le balai en bois d&#8217;une seule pi\u00e8ce avec des poils en fibres naturelles plus souples est livr\u00e9 avec un manche en aluminium en trois parties. L&#8217;assemblage lui-m\u00eame prend quelques minutes et le mat\u00e9riel de raccordement est inclus dans l&#8217;emballage.<\/p>\n<p>Avertissement : Ne laissez pas le balai expos\u00e9 aux intemp\u00e9ries pendant une longue p\u00e9riode. Stockez-le dans un environnement sec pour prolonger sa dur\u00e9e de vie.<\/p>\n<p>Argile Arenga 200 :<br \/>\n&#8211; mat\u00e9riau : aluminium, bois, fibre naturelle Arenga<br \/>\n&#8211; largeur : 198 cm<br \/>\n&#8211; poids : environ 7,6 kg<br \/>\n&#8211; livr\u00e9 d\u00e9pli\u00e9<\/p>\n","protected":false},"excerpt":{"rendered":"<p>Le balai Merco Clay Arenga 200 fait partie de l&#8217;\u00e9quipement de base de chaque club de tennis, de volley-ball ou de football-tennis pour l&#8217;entretien de leur terrain en terre battue. Le balai en bois d&#8217;une seule pi\u00e8ce avec des poils en fibres naturelles plus souples est livr\u00e9 avec un manche en aluminium en trois parties. [&hellip;]<\/p>\n","protected":false},"featured_media":114897,"comment_status":"open","ping_status":"closed","template":"","meta":[],"product_cat":[79],"product_tag":[],"_links":{"self":[{"href":"https:\/\/www.sport4club.be\/index.php\/wp-json\/wp\/v2\/product\/114901"}],"collection":[{"href":"https:\/\/www.sport4club.be\/index.php\/wp-json\/wp\/v2\/product"}],"about":[{"href":"https:\/\/www.sport4club.be\/index.php\/wp-json\/wp\/v2\/types\/product"}],"replies":[{"embeddable":true,"href":"https:\/\/www.sport4club.be\/index.php\/wp-json\/wp\/v2\/comments?post=114901"}],"wp:featuredmedia":[{"embeddable":true,"href":"https:\/\/www.sport4club.be\/index.php\/wp-json\/wp\/v2\/media\/114897"}],"wp:attachment":[{"href":"https:\/\/www.sport4club.be\/index.php\/wp-json\/wp\/v2\/media?parent=114901"}],"wp:term":[{"taxonomy":"product_cat","embeddable":true,"href":"https:\/\/www.sport4club.be\/index.php\/wp-json\/wp\/v2\/product_cat?post=114901"},{"taxonomy":"product_tag","embeddable":true,"href":"https:\/\/www.sport4club.be\/index.php\/wp-json\/wp\/v2\/product_tag?post=114901"}],"curies":[{"name":"wp","href":"https:\/\/api.w.org\/{rel}","templated":true}]}}