{"id":114893,"date":"2025-04-22T08:43:09","date_gmt":"2025-04-22T06:43:09","guid":{"rendered":"https:\/\/www.sport4club.be\/?post_type=product&#038;p=114893"},"modified":"2025-05-07T08:33:29","modified_gmt":"2025-05-07T06:33:29","slug":"merco-universal-200-broom-with-mesh-for-clay-courts","status":"publish","type":"product","link":"https:\/\/www.sport4club.be\/index.php\/product\/merco-universal-200-broom-with-mesh-for-clay-courts\/","title":{"rendered":"Merco Universal 200 broom with mesh for clay courts"},"content":{"rendered":"<p>Le balai Merco Universal 200 fait partie de l&#8217;\u00e9quipement de base de tout club de tennis, de volley-ball ou de football-tennis pour l&#8217;entretien de son terrain en terre battue. Ce mod\u00e8le unique est une combinaison d&#8217;une brosse en bois d&#8217;une seule pi\u00e8ce avec des poils durs en PET et des poils plus doux en Arenga faits de fibres naturelles et de mailles pour un traitement parfait de la surface en terre battue. Le pinceau est livr\u00e9 avec un manche en aluminium en trois parties. L&#8217;assemblage lui-m\u00eame prend quelques minutes et le mat\u00e9riel de raccordement est inclus dans l&#8217;emballage.<\/p>\n<p>Avertissement : Ne laissez pas le balai expos\u00e9 aux intemp\u00e9ries pendant une longue p\u00e9riode. Stockez-le dans un environnement sec pour prolonger sa dur\u00e9e de vie.<\/p>\n<p>Universal 200 :<br \/>\n&#8211; mat\u00e9riau : aluminium, bois, PET, fibre naturelle Arenga<br \/>\n&#8211; maille : 75 cm<br \/>\n&#8211; largeur : 200 cm<br \/>\n&#8211; poids : environ 6,9 kg<\/p>\n","protected":false},"excerpt":{"rendered":"<p>Le balai Merco Universal 200 fait partie de l&#8217;\u00e9quipement de base de tout club de tennis, de volley-ball ou de football-tennis pour l&#8217;entretien de son terrain en terre battue. Ce mod\u00e8le unique est une combinaison d&#8217;une brosse en bois d&#8217;une seule pi\u00e8ce avec des poils durs en PET et des poils plus doux en Arenga [&hellip;]<\/p>\n","protected":false},"featured_media":114894,"comment_status":"open","ping_status":"closed","template":"","meta":[],"product_cat":[79],"product_tag":[],"_links":{"self":[{"href":"https:\/\/www.sport4club.be\/index.php\/wp-json\/wp\/v2\/product\/114893"}],"collection":[{"href":"https:\/\/www.sport4club.be\/index.php\/wp-json\/wp\/v2\/product"}],"about":[{"href":"https:\/\/www.sport4club.be\/index.php\/wp-json\/wp\/v2\/types\/product"}],"replies":[{"embeddable":true,"href":"https:\/\/www.sport4club.be\/index.php\/wp-json\/wp\/v2\/comments?post=114893"}],"wp:featuredmedia":[{"embeddable":true,"href":"https:\/\/www.sport4club.be\/index.php\/wp-json\/wp\/v2\/media\/114894"}],"wp:attachment":[{"href":"https:\/\/www.sport4club.be\/index.php\/wp-json\/wp\/v2\/media?parent=114893"}],"wp:term":[{"taxonomy":"product_cat","embeddable":true,"href":"https:\/\/www.sport4club.be\/index.php\/wp-json\/wp\/v2\/product_cat?post=114893"},{"taxonomy":"product_tag","embeddable":true,"href":"https:\/\/www.sport4club.be\/index.php\/wp-json\/wp\/v2\/product_tag?post=114893"}],"curies":[{"name":"wp","href":"https:\/\/api.w.org\/{rel}","templated":true}]}}