{"id":114878,"date":"2025-04-18T12:48:40","date_gmt":"2025-04-18T10:48:40","guid":{"rendered":"https:\/\/www.sport4club.be\/?post_type=product&#038;p=114878"},"modified":"2026-01-17T12:48:45","modified_gmt":"2026-01-17T11:48:45","slug":"nox-short-men-pro-mock-orange-degraded","status":"publish","type":"product","link":"https:\/\/www.sport4club.be\/index.php\/product\/nox-short-men-pro-mock-orange-degraded\/","title":{"rendered":"Nox Short Pro Mock Orange Degraded"},"content":{"rendered":"<p dir=\"ltr\">Short technique NOX pour homme en d\u00e9grad\u00e9 d&#8217;orange, un design innovant qui ajoute une touche unique \u00e0 votre \u00e9quipement sur le terrain. Avec ses poches lat\u00e9rales contrast\u00e9es et sa doublure en maille, ce short offre un grand confort et un soutien pour chaque mouvement. La taille \u00e9lastiqu\u00e9e \u00e0 cordon de serrage assure un ajustement optimal, tandis que la petite poche arri\u00e8re ajoute un aspect pratique.<\/p>\n<p dir=\"ltr\">Fabriqu\u00e9 dans un tissu l\u00e9ger et respirant, il int\u00e8gre la technologie Balance Fresh, qui favorise l&#8217;\u00e9vaporation rapide de la sueur pour vous garder au frais tout au long du match ou de la s\u00e9ance d&#8217;entra\u00eenement.<\/p>\n<h3 dir=\"ltr\">Caract\u00e9ristiques techniques<\/h3>\n<ul>\n<li style=\"list-style-type: none;\">\n<ul>\n<li style=\"list-style-type: none;\">\n<ul>\n<li dir=\"ltr\" aria-level=\"1\">\n<p dir=\"ltr\" role=\"presentation\"><strong>Technologie Balance Fresh <\/strong>Fabriqu\u00e9<strong>\u00a0avec la<\/strong>\u00a0technologie avanc\u00e9e de NOX, ce short garantit une respirabilit\u00e9 sup\u00e9rieure, vous permettant de rester au frais et \u00e0 l&#8217;aise pendant les matchs les plus intenses. La technologie Balance Fresh aide \u00e0 r\u00e9guler la temp\u00e9rature corporelle, pour des performances optimales.<\/p>\n<\/li>\n<li dir=\"ltr\" aria-level=\"1\">\n<p dir=\"ltr\" role=\"presentation\"><strong>Mati\u00e8re de haute qualit\u00e9 <\/strong>Fabriqu\u00e9 \u00e0 partir d&#8217;<strong>un<\/strong>\u00a0m\u00e9lange de 92 % de polyester et de 8 % d&#8217;\u00e9lasthanne, le PRO Mock Orange Degraded Short est l\u00e9ger, extensible et durable. Ces mat\u00e9riaux permettent une libert\u00e9 de mouvement totale, essentielle pour les mouvements rapides et dynamiques sur le terrain.<\/p>\n<\/li>\n<li dir=\"ltr\" aria-level=\"1\">\n<p dir=\"ltr\" role=\"presentation\"><strong>Taille \u00e9lastiqu\u00e9e avec cordon de serrage ajustable <\/strong><strong>La\u00a0<\/strong>taille \u00e9lastiqu\u00e9e de ce short assure un ajustement s\u00fbr et confortable, tandis que le cordon de serrage ajustable vous permet de personnaliser l&#8217;ajustement selon vos pr\u00e9f\u00e9rences.<\/p>\n<\/li>\n<li dir=\"ltr\" aria-level=\"1\">\n<p dir=\"ltr\" role=\"presentation\"><strong>Poches lat\u00e9rales pratiques <\/strong><strong>Le\u00a0<\/strong>short est dot\u00e9 de grandes poches lat\u00e9rales, id\u00e9ales pour ranger les balles de padel ou d&#8217;autres petits accessoires, ce qui vous permet de toujours avoir ce dont vous avez besoin \u00e0 port\u00e9e de main.<\/p>\n<\/li>\n<li dir=\"ltr\" aria-level=\"1\">\n<p dir=\"ltr\" role=\"presentation\"><strong>Entretien facile <\/strong><strong>La<\/strong>\u00a0mati\u00e8re durable est facile \u00e0 entretenir, conservant sa forme et sa couleur lavage apr\u00e8s lavage, pour un v\u00eatement qui dure longtemps.<\/p>\n<\/li>\n<\/ul>\n<\/li>\n<\/ul>\n<\/li>\n<\/ul>\n<h3 dir=\"ltr\">Avantages de choisir le short de padel d\u00e9grad\u00e9 PRO Mock Orange<\/h3>\n<ul>\n<li style=\"list-style-type: none;\">\n<ul>\n<li style=\"list-style-type: none;\">\n<ul>\n<li dir=\"ltr\" aria-level=\"1\">\n<p dir=\"ltr\" role=\"presentation\"><strong>Confort et fonctionnalit\u00e9 <\/strong>Ce short a \u00e9t\u00e9 con\u00e7u<strong>\u00a0pour<\/strong>\u00a0offrir une coupe confortable sans sacrifier la fonctionnalit\u00e9, ce qui le rend id\u00e9al pour tous les niveaux de jeu.<\/p>\n<\/li>\n<li dir=\"ltr\" aria-level=\"1\">\n<p dir=\"ltr\" role=\"presentation\"><strong>Style sportif et moderne <\/strong><strong>Avec son<\/strong>\u00a0design minimaliste et sophistiqu\u00e9, ce short vous permettra d&#8217;avoir une belle allure et de vous sentir en confiance sur le terrain.<\/p>\n<\/li>\n<li dir=\"ltr\" aria-level=\"1\">\n<p dir=\"ltr\" role=\"presentation\"><strong>Polyvalence dans le jeu <\/strong>Parfait<strong>\u00a0pour l&#8217;<\/strong>\u00a0entra\u00eenement et la comp\u00e9tition, les poches lat\u00e9rales et la ceinture ajustable rendent ce short tr\u00e8s pratique pour le padel.<\/p>\n<\/li>\n<\/ul>\n<\/li>\n<\/ul>\n<\/li>\n<\/ul>\n<h3 dir=\"ltr\">Sp\u00e9cifications du produit<\/h3>\n<ul>\n<li style=\"list-style-type: none;\">\n<ul>\n<li dir=\"ltr\" aria-level=\"1\">\n<p dir=\"ltr\" role=\"presentation\"><strong>Composition <\/strong>Polyester 92% &#8211; Spandex 8%<strong>.<\/strong><\/p>\n<\/li>\n<li dir=\"ltr\" aria-level=\"1\"><\/li>\n<\/ul>\n<\/li>\n<\/ul>\n","protected":false},"excerpt":{"rendered":"<p>Short technique NOX pour homme en d\u00e9grad\u00e9 d&#8217;orange, un design innovant qui ajoute une touche unique \u00e0 votre \u00e9quipement sur le terrain. Avec ses poches lat\u00e9rales contrast\u00e9es et sa doublure en maille, ce short offre un grand confort et un soutien pour chaque mouvement. La taille \u00e9lastiqu\u00e9e \u00e0 cordon de serrage assure un ajustement optimal, [&hellip;]<\/p>\n","protected":false},"featured_media":114879,"comment_status":"open","ping_status":"closed","template":"","meta":[],"product_cat":[85,786],"product_tag":[],"_links":{"self":[{"href":"https:\/\/www.sport4club.be\/index.php\/wp-json\/wp\/v2\/product\/114878"}],"collection":[{"href":"https:\/\/www.sport4club.be\/index.php\/wp-json\/wp\/v2\/product"}],"about":[{"href":"https:\/\/www.sport4club.be\/index.php\/wp-json\/wp\/v2\/types\/product"}],"replies":[{"embeddable":true,"href":"https:\/\/www.sport4club.be\/index.php\/wp-json\/wp\/v2\/comments?post=114878"}],"wp:featuredmedia":[{"embeddable":true,"href":"https:\/\/www.sport4club.be\/index.php\/wp-json\/wp\/v2\/media\/114879"}],"wp:attachment":[{"href":"https:\/\/www.sport4club.be\/index.php\/wp-json\/wp\/v2\/media?parent=114878"}],"wp:term":[{"taxonomy":"product_cat","embeddable":true,"href":"https:\/\/www.sport4club.be\/index.php\/wp-json\/wp\/v2\/product_cat?post=114878"},{"taxonomy":"product_tag","embeddable":true,"href":"https:\/\/www.sport4club.be\/index.php\/wp-json\/wp\/v2\/product_tag?post=114878"}],"curies":[{"name":"wp","href":"https:\/\/api.w.org\/{rel}","templated":true}]}}