{"id":114847,"date":"2025-04-18T10:04:40","date_gmt":"2025-04-18T08:04:40","guid":{"rendered":"https:\/\/www.sport4club.be\/?post_type=product&#038;p=114847"},"modified":"2025-12-27T18:00:21","modified_gmt":"2025-12-27T17:00:21","slug":"nox-tshirt-men-pro-mock-orange-degraded","status":"publish","type":"product","link":"https:\/\/www.sport4club.be\/index.php\/product\/nox-tshirt-men-pro-mock-orange-degraded\/","title":{"rendered":"Nox Tshirt Pro Mock Orange Degraded"},"content":{"rendered":"<p dir=\"ltr\">L&#8217;\u00e9quilibre parfait entre design, technologie et performance. Le nouveau t-shirt NOX PRO mock orange degraded pour homme combine un coloris d\u00e9grad\u00e9 orange et blanc avec un tissu haute performance pour un confort maximal sur le court.<\/p>\n<p dir=\"ltr\">Gr\u00e2ce \u00e0 la technologie Balance Fresh, ce t-shirt garantit une excellente respirabilit\u00e9 et une absorption rapide de la transpiration, vous gardant au sec et l\u00e9ger \u00e0 chaque point. Sa construction \u00e0 manches courtes et sa\u00a0coupe r\u00e9guli\u00e8re\u00a0offre une sensation de libert\u00e9 totale pour se d\u00e9placer avec agilit\u00e9 sur chaque coup.<\/p>\n<p dir=\"ltr\">Con\u00e7u pour les joueurs exigeants, il pr\u00e9sente des coutures ergonomiques et des d\u00e9tails r\u00e9fl\u00e9chissants qui renforcent son esth\u00e9tique moderne et sportive.<\/p>\n<h3 dir=\"ltr\">Caract\u00e9ristiques techniques<\/h3>\n<ul>\n<li dir=\"ltr\" aria-level=\"1\">\n<p dir=\"ltr\" role=\"presentation\"><strong>Technologie Balance Fresh<\/strong>Ce maillot int\u00e8gre la technologie exclusive de NOX, con\u00e7ue pour offrir une excellente respirabilit\u00e9 et un grand confort. Le tissu avanc\u00e9 aide \u00e0 maintenir une temp\u00e9rature corporelle optimale pendant les matchs intenses.<\/p>\n<\/li>\n<li dir=\"ltr\" aria-level=\"1\">\n<p dir=\"ltr\" role=\"presentation\"><strong>Mati\u00e8re de haute qualit\u00e9 <\/strong>Fabriqu\u00e9 \u00e0 partir d&#8217;un m\u00e9lange de 92 % de polyester et de 8 % d&#8217;\u00e9lasthanne, le PRO Mock Orange Degraded<strong>\u00a0T-Shirt<\/strong>\u00a0est r\u00e9sistant, extensible et durable. Ces mat\u00e9riaux permettent une libert\u00e9 de mouvement totale sans compromettre la durabilit\u00e9, ce qui le rend id\u00e9al pour le jeu de padel dynamique.<\/p>\n<\/li>\n<li dir=\"ltr\" aria-level=\"1\">\n<p dir=\"ltr\" role=\"presentation\"><strong>Coupe ergonomique <\/strong><strong>Le<\/strong>\u00a0design a \u00e9t\u00e9 soigneusement \u00e9tudi\u00e9 pour s&#8217;adapter au corps du joueur, offrant une coupe confortable et naturelle. Les coutures plates minimisent les frottements, ce qui vous permet de vous concentrer pleinement sur votre jeu.<\/p>\n<\/li>\n<li dir=\"ltr\" aria-level=\"1\">\n<p dir=\"ltr\" role=\"presentation\"><strong>Entretien facile <\/strong><strong>Ce<\/strong>\u00a0v\u00eatement est facile \u00e0 entretenir et conserve sa forme et sa couleur apr\u00e8s de nombreux lavages, ce qui lui assure une longue dur\u00e9e de vie.<\/p>\n<\/li>\n<\/ul>\n<h3 dir=\"ltr\">Avantages de choisir le maillot de padel PRO Mock Orange D\u00e9grad\u00e9<\/h3>\n<ul>\n<li dir=\"ltr\" aria-level=\"1\">\n<p dir=\"ltr\" role=\"presentation\"><strong>Confort sup\u00e9rieur <\/strong>Con\u00e7u<strong>\u00a0pour les<\/strong>\u00a0longues s\u00e9ances d&#8217;entra\u00eenement, ce maillot vous garde au frais et \u00e0 l&#8217;aise, ce qui vous permet de donner le meilleur de vous-m\u00eame.<\/p>\n<\/li>\n<li dir=\"ltr\" aria-level=\"1\">\n<p dir=\"ltr\" role=\"presentation\"><strong>Style et fonctionnalit\u00e9 <\/strong><strong>Le<\/strong>\u00a0design gris brumeux est \u00e0 la fois \u00e9l\u00e9gant et pratique, id\u00e9al pour toutes les situations sur le terrain.<\/p>\n<\/li>\n<li dir=\"ltr\" aria-level=\"1\">\n<p dir=\"ltr\" role=\"presentation\"><strong>Adaptabilit\u00e9 en jeu <\/strong>Parfait<strong>\u00a0pour les<\/strong>\u00a0joueurs \u00e0 la recherche d&#8217;un v\u00eatement qui les accompagne aussi bien \u00e0 l&#8217;entra\u00eenement qu&#8217;en comp\u00e9tition, avec une coupe qui s&#8217;adapte \u00e0 tous les mouvements.<\/p>\n<\/li>\n<\/ul>\n<h3 dir=\"ltr\">Caract\u00e9ristiques du produit<\/h3>\n<ul>\n<li dir=\"ltr\" aria-level=\"1\">\n<p dir=\"ltr\" role=\"presentation\"><strong>Composition<\/strong>Polyester 92% &#8211; Spandex 8%.<\/p>\n<\/li>\n<\/ul>\n","protected":false},"excerpt":{"rendered":"<p>L&#8217;\u00e9quilibre parfait entre design, technologie et performance. Le nouveau t-shirt NOX PRO mock orange degraded pour homme combine un coloris d\u00e9grad\u00e9 orange et blanc avec un tissu haute performance pour un confort maximal sur le court. Gr\u00e2ce \u00e0 la technologie Balance Fresh, ce t-shirt garantit une excellente respirabilit\u00e9 et une absorption rapide de la transpiration, [&hellip;]<\/p>\n","protected":false},"featured_media":114854,"comment_status":"open","ping_status":"closed","template":"","meta":[],"product_cat":[85,786],"product_tag":[],"_links":{"self":[{"href":"https:\/\/www.sport4club.be\/index.php\/wp-json\/wp\/v2\/product\/114847"}],"collection":[{"href":"https:\/\/www.sport4club.be\/index.php\/wp-json\/wp\/v2\/product"}],"about":[{"href":"https:\/\/www.sport4club.be\/index.php\/wp-json\/wp\/v2\/types\/product"}],"replies":[{"embeddable":true,"href":"https:\/\/www.sport4club.be\/index.php\/wp-json\/wp\/v2\/comments?post=114847"}],"wp:featuredmedia":[{"embeddable":true,"href":"https:\/\/www.sport4club.be\/index.php\/wp-json\/wp\/v2\/media\/114854"}],"wp:attachment":[{"href":"https:\/\/www.sport4club.be\/index.php\/wp-json\/wp\/v2\/media?parent=114847"}],"wp:term":[{"taxonomy":"product_cat","embeddable":true,"href":"https:\/\/www.sport4club.be\/index.php\/wp-json\/wp\/v2\/product_cat?post=114847"},{"taxonomy":"product_tag","embeddable":true,"href":"https:\/\/www.sport4club.be\/index.php\/wp-json\/wp\/v2\/product_tag?post=114847"}],"curies":[{"name":"wp","href":"https:\/\/api.w.org\/{rel}","templated":true}]}}