{"id":114836,"date":"2025-04-18T09:55:34","date_gmt":"2025-04-18T07:55:34","guid":{"rendered":"https:\/\/www.sport4club.be\/?post_type=product&#038;p=114836"},"modified":"2026-01-17T12:51:14","modified_gmt":"2026-01-17T11:51:14","slug":"nox-tshirt-men-pro-dusty-turquoise","status":"publish","type":"product","link":"https:\/\/www.sport4club.be\/index.php\/product\/nox-tshirt-men-pro-dusty-turquoise\/","title":{"rendered":"Nox Tshirt Pro Dusty Turquoise"},"content":{"rendered":"<p dir=\"ltr\">\u00c9levez votre jeu avec le nouveau t-shirt PRO Dusty Turquoise pour hommes de NOX. Son design turquoise apporte un style moderne et sophistiqu\u00e9 sur et en dehors du court.<\/p>\n<p dir=\"ltr\">Fabriqu\u00e9 avec un tissu l\u00e9ger et la technologie Balance Fresh de NOX, il assure une respirabilit\u00e9 et un confort maximum, vous permettant de rester au frais m\u00eame lors des matchs les plus intenses. Sa coupe r\u00e9guli\u00e8re\u00a0coupe r\u00e9guli\u00e8re\u00a0et ses manches courtes offrent une libert\u00e9 de mouvement optimale pour des performances maximales \u00e0 chaque coup.<\/p>\n<p dir=\"ltr\">Il est dot\u00e9 de d\u00e9tails r\u00e9fl\u00e9chissants au dos pour une visibilit\u00e9 accrue et d&#8217;une finition premium avec logo contrast\u00e9.<\/p>\n<h3 dir=\"ltr\">Caract\u00e9ristiques techniques<\/h3>\n<ul>\n<li dir=\"ltr\" aria-level=\"1\">\n<p dir=\"ltr\" role=\"presentation\">Technologie Balance Fresh Ce maillot int\u00e8gre la technologie exclusive de NOX, con\u00e7ue pour offrir une excellente respirabilit\u00e9 et un grand confort. Le tissu avanc\u00e9 aide \u00e0 maintenir une temp\u00e9rature corporelle optimale pendant les matchs intenses.<\/p>\n<\/li>\n<li dir=\"ltr\" aria-level=\"1\">\n<p dir=\"ltr\" role=\"presentation\"><strong>Mati\u00e8re de haute qualit\u00e9 <\/strong>Fabriqu\u00e9 \u00e0 partir d&#8217;un m\u00e9lange de 92 % de polyester et de 8 % d&#8217;\u00e9lasthanne, le<strong>\u00a0tee-shirt<\/strong>\u00a0PRO Dusty Turquoise est r\u00e9sistant, extensible et durable. Ces mat\u00e9riaux permettent une libert\u00e9 de mouvement totale sans compromettre la durabilit\u00e9, ce qui le rend id\u00e9al pour le jeu de padel dynamique.<\/p>\n<\/li>\n<li dir=\"ltr\" aria-level=\"1\">\n<p dir=\"ltr\" role=\"presentation\"><strong>Coupe ergonomique <\/strong><strong>La<\/strong>\u00a0conception a \u00e9t\u00e9 soigneusement \u00e9tudi\u00e9e pour s&#8217;adapter au corps du joueur, offrant une coupe confortable et naturelle. Les coutures plates minimisent les frottements, ce qui vous permet de vous concentrer pleinement sur votre jeu.<\/p>\n<\/li>\n<li dir=\"ltr\" aria-level=\"1\">\n<p dir=\"ltr\" role=\"presentation\"><strong>Entretien facile <\/strong><strong>Ce<\/strong>\u00a0v\u00eatement est facile \u00e0 entretenir et conserve sa forme et sa couleur apr\u00e8s de nombreux lavages, ce qui lui assure une longue dur\u00e9e de vie.<\/p>\n<\/li>\n<\/ul>\n<h3 dir=\"ltr\">Avantages de choisir le maillot de padel PRO Dusty Turquoise<\/h3>\n<ul>\n<li dir=\"ltr\" aria-level=\"1\">\n<p dir=\"ltr\" role=\"presentation\"><strong>Confort sup\u00e9rieur <\/strong>Con\u00e7u<strong>\u00a0pour les\u00a0<\/strong>longues s\u00e9ances d&#8217;entra\u00eenement, ce maillot vous garde au frais et \u00e0 l&#8217;aise, ce qui vous permet de donner le meilleur de vous-m\u00eame.<\/p>\n<\/li>\n<li dir=\"ltr\" aria-level=\"1\">\n<p dir=\"ltr\" role=\"presentation\"><strong>Style et fonctionnalit\u00e9 <\/strong><strong>Le<\/strong>\u00a0design gris brumeux est \u00e0 la fois \u00e9l\u00e9gant et pratique, id\u00e9al pour toutes les situations sur le court.<\/p>\n<\/li>\n<li dir=\"ltr\" aria-level=\"1\">\n<p dir=\"ltr\" role=\"presentation\"><strong>Adaptabilit\u00e9 en jeu <\/strong>Parfait<strong>\u00a0pour les<\/strong>\u00a0joueurs \u00e0 la recherche d&#8217;un v\u00eatement qui les accompagne aussi bien \u00e0 l&#8217;entra\u00eenement qu&#8217;en comp\u00e9tition, avec une coupe qui s&#8217;adapte \u00e0 tous les mouvements.<\/p>\n<\/li>\n<\/ul>\n<h3 dir=\"ltr\">Caract\u00e9ristiques du produit<\/h3>\n<ul>\n<li dir=\"ltr\" aria-level=\"1\">\n<p dir=\"ltr\" role=\"presentation\">Composition Polyester 92% &#8211; Spandex 8%<\/p>\n<\/li>\n<\/ul>\n","protected":false},"excerpt":{"rendered":"<p>\u00c9levez votre jeu avec le nouveau t-shirt PRO Dusty Turquoise pour hommes de NOX. Son design turquoise apporte un style moderne et sophistiqu\u00e9 sur et en dehors du court. Fabriqu\u00e9 avec un tissu l\u00e9ger et la technologie Balance Fresh de NOX, il assure une respirabilit\u00e9 et un confort maximum, vous permettant de rester au frais [&hellip;]<\/p>\n","protected":false},"featured_media":114838,"comment_status":"open","ping_status":"closed","template":"","meta":[],"product_cat":[85,786],"product_tag":[],"_links":{"self":[{"href":"https:\/\/www.sport4club.be\/index.php\/wp-json\/wp\/v2\/product\/114836"}],"collection":[{"href":"https:\/\/www.sport4club.be\/index.php\/wp-json\/wp\/v2\/product"}],"about":[{"href":"https:\/\/www.sport4club.be\/index.php\/wp-json\/wp\/v2\/types\/product"}],"replies":[{"embeddable":true,"href":"https:\/\/www.sport4club.be\/index.php\/wp-json\/wp\/v2\/comments?post=114836"}],"wp:featuredmedia":[{"embeddable":true,"href":"https:\/\/www.sport4club.be\/index.php\/wp-json\/wp\/v2\/media\/114838"}],"wp:attachment":[{"href":"https:\/\/www.sport4club.be\/index.php\/wp-json\/wp\/v2\/media?parent=114836"}],"wp:term":[{"taxonomy":"product_cat","embeddable":true,"href":"https:\/\/www.sport4club.be\/index.php\/wp-json\/wp\/v2\/product_cat?post=114836"},{"taxonomy":"product_tag","embeddable":true,"href":"https:\/\/www.sport4club.be\/index.php\/wp-json\/wp\/v2\/product_tag?post=114836"}],"curies":[{"name":"wp","href":"https:\/\/api.w.org\/{rel}","templated":true}]}}