{"id":114783,"date":"2025-03-27T08:09:27","date_gmt":"2025-03-27T07:09:27","guid":{"rendered":"https:\/\/www.sport4club.be\/?post_type=product&#038;p=114783"},"modified":"2025-03-27T08:09:27","modified_gmt":"2025-03-27T07:09:27","slug":"nox-shoes-lux-tempo-white-grey","status":"publish","type":"product","link":"https:\/\/www.sport4club.be\/index.php\/product\/nox-shoes-lux-tempo-white-grey\/","title":{"rendered":"Nox Shoes Lux Tempo White\/Grey"},"content":{"rendered":"<p>La premi\u00e8re<strong>\u00a0chaussure de pickleball<\/strong>\u00a0qui am\u00e9liore votre\u00a0<strong>performance<\/strong>\u00a0tout en pr\u00e9servant votre sant\u00e9, cliniquement approuv\u00e9e et certifi\u00e9e par des laboratoires de podologie.<\/p>\n<p>Pr\u00e9parez-vous \u00e0 r\u00e9volutionner votre jeu avec la\u00a0<strong>nouvelle chaussure de Pickleball<\/strong>\u00a0LUX TEMPO Blanc\/Gris ! Cette chaussure a \u00e9t\u00e9 con\u00e7ue dans les moindres d\u00e9tails pour garantir un maximum de performance et de confort sur le terrain. Sa technologie avanc\u00e9e permet non seulement d&#8217;optimiser vos performances en tout point, mais aussi de prot\u00e9ger vos articulations gr\u00e2ce \u00e0 un\u00a0<strong>soutien exceptionnel<\/strong>.<\/p>\n<p>En plus de son design \u00e9pur\u00e9 blanc\/gris, cette chaussure se distingue par sa durabilit\u00e9 et son adh\u00e9rence sur les\u00a0<strong>surfaces sp\u00e9cifiques du pickleball<\/strong>, ce qui vous permet de vous d\u00e9placer avec confiance et style \u00e0 chaque match.<\/p>\n<div class=\"p1\"><strong>Approuv\u00e9e cliniquement par Marta Rueda, <\/strong>podologue au Centro de Estudios del Pie Mart\u00edn Rueda, conseill\u00e8re du Centro de Alto Rendimiento Deportivo de Sant Cugat (Espagne) et de centaines d&#8217;athl\u00e8tes de haut niveau.<\/div>\n<div class=\"p1\"><\/div>\n<p><img decoding=\"async\" style=\"float: left;\" src=\"https:\/\/cdn.shopify.com\/s\/files\/1\/2232\/3715\/files\/Diseno_sin_titulo_3_480x480.jpg?v=1644404943\" alt=\"\" width=\"352\" height=\"143\" data-ly-processed=\"1743058846817\" \/><\/p>\n<p>&nbsp;<\/p>\n<p>&nbsp;<\/p>\n<p>&nbsp;<\/p>\n<p>&nbsp;<\/p>\n<p><strong>Test\u00e9 en laboratoire<\/strong>\u00a0et certifi\u00e9 par le Centre technologique de la chaussure\u00a0<strong>INESCOP<\/strong>\u00a0\u00e0 Alicante (Espagne).<\/p>\n<table width=\"141\">\n<tbody>\n<tr>\n<td><\/td>\n<td><img decoding=\"async\" style=\"margin-right: auto; margin-left: auto; float: none; display: block;\" src=\"https:\/\/cdn.shopify.com\/s\/files\/1\/2232\/3715\/files\/INESCOP_FUNCTIONAL_160x160.png?v=1614166020\" alt=\"\" width=\"76\" height=\"71\" data-ly-processed=\"1743058846817\" \/><\/td>\n<td><\/td>\n<\/tr>\n<\/tbody>\n<\/table>\n<h4><strong>Technologie AGG (Advanced Gravity Geometry)<\/strong><\/h4>\n<p>Cette technologie offre un &#8220;drop&#8221; plus \u00e9lev\u00e9 (diff\u00e9rence de hauteur entre le talon et l\u2019avant-pied), facilitant la position d\u2019attente et les d\u00e9marrages en course, r\u00e9duisant la surcharge des mollets et minimisant le risque de blessures musculaires.<\/p>\n<h4><strong>Lateral Support<\/strong><\/h4>\n<p>Elle procure une stabilit\u00e9 accrue gr\u00e2ce \u00e0 une augmentation de la surface de contact de la semelle avec le sol, r\u00e9duisant ainsi le risque d&#8217;entorses lors des d\u00e9placements lat\u00e9raux.<\/p>\n<h4><strong>Semelle \u00e0 Adh\u00e9rence Optimale<\/strong><\/h4>\n<p>Elle combine un motif en forme de chevrons avec de petits crampons, garantissant une adh\u00e9rence exceptionnelle sur toute surface de terrain.<\/p>\n<h4><strong>Amorti Maximum<\/strong><\/h4>\n<p>Elle int\u00e8gre un montage Strobel avec une semelle int\u00e9rieure en EVA popcorn et une semelle interm\u00e9diaire en phylon inject\u00e9 \u00e0 faible densit\u00e9, offrant un excellent retour d\u2019\u00e9nergie. Le renfort lat\u00e9ral int\u00e9rieur (AbraXone) am\u00e9liore la r\u00e9sistance \u00e0 l\u2019abrasion et conf\u00e8re \u00e0 la chaussure une stabilit\u00e9 accrue.<\/p>\n<h4><strong>Semelle int\u00e9rieure Ortholite<\/strong><\/h4>\n<p>Elle assure un confort maximal pendant le jeu, avec un excellent amorti r\u00e9duisant la sensation de fatigue. Son action antimicrobienne emp\u00eache l\u2019accumulation de bact\u00e9ries et les mauvaises odeurs, garantissant des performances optimales sans ajouter de poids suppl\u00e9mentaire \u00e0 la chaussure.<\/p>\n<h4><strong>Cadre du talon<\/strong><\/h4>\n<p>La technologie HEEL FRAME consiste en deux pi\u00e8ces strat\u00e9giquement plac\u00e9es de chaque c\u00f4t\u00e9 du pied, offrant un soutien optimal dans la zone du talon. Ce design innovant am\u00e9liore la stabilit\u00e9, rendant chaque pas plus s\u00fbr et plus confortable.<\/p>\n","protected":false},"excerpt":{"rendered":"<p>La premi\u00e8re\u00a0chaussure de pickleball\u00a0qui am\u00e9liore votre\u00a0performance\u00a0tout en pr\u00e9servant votre sant\u00e9, cliniquement approuv\u00e9e et certifi\u00e9e par des laboratoires de podologie. Pr\u00e9parez-vous \u00e0 r\u00e9volutionner votre jeu avec la\u00a0nouvelle chaussure de Pickleball\u00a0LUX TEMPO Blanc\/Gris ! Cette chaussure a \u00e9t\u00e9 con\u00e7ue dans les moindres d\u00e9tails pour garantir un maximum de performance et de confort sur le terrain. Sa technologie [&hellip;]<\/p>\n","protected":false},"featured_media":114784,"comment_status":"open","ping_status":"closed","template":"","meta":[],"product_cat":[935],"product_tag":[],"_links":{"self":[{"href":"https:\/\/www.sport4club.be\/index.php\/wp-json\/wp\/v2\/product\/114783"}],"collection":[{"href":"https:\/\/www.sport4club.be\/index.php\/wp-json\/wp\/v2\/product"}],"about":[{"href":"https:\/\/www.sport4club.be\/index.php\/wp-json\/wp\/v2\/types\/product"}],"replies":[{"embeddable":true,"href":"https:\/\/www.sport4club.be\/index.php\/wp-json\/wp\/v2\/comments?post=114783"}],"wp:featuredmedia":[{"embeddable":true,"href":"https:\/\/www.sport4club.be\/index.php\/wp-json\/wp\/v2\/media\/114784"}],"wp:attachment":[{"href":"https:\/\/www.sport4club.be\/index.php\/wp-json\/wp\/v2\/media?parent=114783"}],"wp:term":[{"taxonomy":"product_cat","embeddable":true,"href":"https:\/\/www.sport4club.be\/index.php\/wp-json\/wp\/v2\/product_cat?post=114783"},{"taxonomy":"product_tag","embeddable":true,"href":"https:\/\/www.sport4club.be\/index.php\/wp-json\/wp\/v2\/product_tag?post=114783"}],"curies":[{"name":"wp","href":"https:\/\/api.w.org\/{rel}","templated":true}]}}