{"id":114769,"date":"2025-03-27T07:52:07","date_gmt":"2025-03-27T06:52:07","guid":{"rendered":"https:\/\/www.sport4club.be\/?post_type=product&#038;p=114769"},"modified":"2025-03-27T07:52:07","modified_gmt":"2025-03-27T06:52:07","slug":"nox-pickleball-supra-backpack","status":"publish","type":"product","link":"https:\/\/www.sport4club.be\/index.php\/product\/nox-pickleball-supra-backpack\/","title":{"rendered":"Nox Pickleball Supra Backpack"},"content":{"rendered":"<p>D\u00e9couvrez le<strong>\u00a0sac \u00e0 dos de pickleball SUPRA<\/strong>, fabriqu\u00e9 \u00e0 partir de mat\u00e9riaux de haute qualit\u00e9 pour transporter tout ce dont vous avez besoin pour vos matchs et tournois avec style. Son design offre une grande capacit\u00e9 de rangement, ce qui en fait un sac \u00e0 dos incroyablement pratique.<\/p>\n<h3><strong>Caract\u00e9ristiques :<\/strong><\/h3>\n<ul>\n<li>Compartiment principal #1 avec ouverture lat\u00e9rale pour les pagaies, l&#8217;\u00e9quipement, l&#8217;ordinateur portable, etc.<\/li>\n<li>Compartiment principal thermique #2 (technologie NOX ThermoTech) avec de la place pour 2 pagaies de pickleball, des bouteilles, etc.<\/li>\n<li>Compartiment s\u00e9par\u00e9 pour les chaussures \u00e0 l&#8217;avant avec syst\u00e8me de ventilation.<\/li>\n<li>Compartiments lat\u00e9raux s\u00e9par\u00e9s pour les accessoires, le portefeuille, le t\u00e9l\u00e9phone portable, etc.<\/li>\n<li>Petites poches en filet pour les effets personnels.<\/li>\n<li>Petite poche sur le devant et sur le dessus pour les objets personnels.<\/li>\n<li>Bretelles et sangles dorsales ergonomiques et matelass\u00e9es avec prise en main optimis\u00e9e.<\/li>\n<\/ul>\n<p>D<strong>imensions :\u00a0<\/strong>500 x 300 x 250 mm<\/p>\n<p><strong>Capacit\u00e9 :\u00a0<\/strong>35 litres<\/p>\n","protected":false},"excerpt":{"rendered":"<p>D\u00e9couvrez le\u00a0sac \u00e0 dos de pickleball SUPRA, fabriqu\u00e9 \u00e0 partir de mat\u00e9riaux de haute qualit\u00e9 pour transporter tout ce dont vous avez besoin pour vos matchs et tournois avec style. Son design offre une grande capacit\u00e9 de rangement, ce qui en fait un sac \u00e0 dos incroyablement pratique. Caract\u00e9ristiques : Compartiment principal #1 avec ouverture [&hellip;]<\/p>\n","protected":false},"featured_media":114770,"comment_status":"open","ping_status":"closed","template":"","meta":[],"product_cat":[935],"product_tag":[],"_links":{"self":[{"href":"https:\/\/www.sport4club.be\/index.php\/wp-json\/wp\/v2\/product\/114769"}],"collection":[{"href":"https:\/\/www.sport4club.be\/index.php\/wp-json\/wp\/v2\/product"}],"about":[{"href":"https:\/\/www.sport4club.be\/index.php\/wp-json\/wp\/v2\/types\/product"}],"replies":[{"embeddable":true,"href":"https:\/\/www.sport4club.be\/index.php\/wp-json\/wp\/v2\/comments?post=114769"}],"wp:featuredmedia":[{"embeddable":true,"href":"https:\/\/www.sport4club.be\/index.php\/wp-json\/wp\/v2\/media\/114770"}],"wp:attachment":[{"href":"https:\/\/www.sport4club.be\/index.php\/wp-json\/wp\/v2\/media?parent=114769"}],"wp:term":[{"taxonomy":"product_cat","embeddable":true,"href":"https:\/\/www.sport4club.be\/index.php\/wp-json\/wp\/v2\/product_cat?post=114769"},{"taxonomy":"product_tag","embeddable":true,"href":"https:\/\/www.sport4club.be\/index.php\/wp-json\/wp\/v2\/product_tag?post=114769"}],"curies":[{"name":"wp","href":"https:\/\/api.w.org\/{rel}","templated":true}]}}