{"id":114761,"date":"2025-03-27T07:46:27","date_gmt":"2025-03-27T06:46:27","guid":{"rendered":"https:\/\/www.sport4club.be\/?post_type=product&#038;p=114761"},"modified":"2025-03-27T07:46:27","modified_gmt":"2025-03-27T06:46:27","slug":"nox-pickleball-pro-backpack","status":"publish","type":"product","link":"https:\/\/www.sport4club.be\/index.php\/product\/nox-pickleball-pro-backpack\/","title":{"rendered":"Nox Pickleball Pro Backpack"},"content":{"rendered":"<p>D\u00e9couvrez le\u00a0<strong>sac \u00e0 dos de pickleball\u00a0<\/strong>PRO de haute qualit\u00e9 et \u00e0 grande capacit\u00e9 de stockage. Con\u00e7u pour transporter tout ce dont vous avez besoin lors de vos matchs et tournois avec style et praticit\u00e9.<\/p>\n<h3>Caract\u00e9ristiques :<\/h3>\n<ul>\n<li>Compartiment principal #1 pour la raquette ou l&#8217;ordinateur portable.<\/li>\n<li>Compartiment principal thermique #2 (technologie NOX ThermoTech) pour 2 pagaies de pickleball, bouteilles, etc.<\/li>\n<li>Compartiment lat\u00e9ral s\u00e9par\u00e9 pour les chaussures avec syst\u00e8me de ventilation.<\/li>\n<li>Compartiments avant pour t\u00e9l\u00e9phone portable, lunettes, portefeuille, etc.<\/li>\n<li>Poche frontale pour les accessoires, le portefeuille, le t\u00e9l\u00e9phone portable, etc.<\/li>\n<li>Petite poche lat\u00e9rale pour les cl\u00e9s, la carte de club, la bouteille, etc.<\/li>\n<li>Bretelles et dos ergonomiques rembourr\u00e9s avec un tissu qui optimise la prise en main et la circulation de l&#8217;air.<\/li>\n<\/ul>\n<p>D<strong>imensions :\u00a0<\/strong>450 x 300 x 230 mm<\/p>\n<p><strong>Capacit\u00e9 :\u00a0<\/strong>28 litres<\/p>\n","protected":false},"excerpt":{"rendered":"<p>D\u00e9couvrez le\u00a0sac \u00e0 dos de pickleball\u00a0PRO de haute qualit\u00e9 et \u00e0 grande capacit\u00e9 de stockage. Con\u00e7u pour transporter tout ce dont vous avez besoin lors de vos matchs et tournois avec style et praticit\u00e9. Caract\u00e9ristiques : Compartiment principal #1 pour la raquette ou l&#8217;ordinateur portable. Compartiment principal thermique #2 (technologie NOX ThermoTech) pour 2 pagaies [&hellip;]<\/p>\n","protected":false},"featured_media":114762,"comment_status":"open","ping_status":"closed","template":"","meta":[],"product_cat":[935],"product_tag":[],"_links":{"self":[{"href":"https:\/\/www.sport4club.be\/index.php\/wp-json\/wp\/v2\/product\/114761"}],"collection":[{"href":"https:\/\/www.sport4club.be\/index.php\/wp-json\/wp\/v2\/product"}],"about":[{"href":"https:\/\/www.sport4club.be\/index.php\/wp-json\/wp\/v2\/types\/product"}],"replies":[{"embeddable":true,"href":"https:\/\/www.sport4club.be\/index.php\/wp-json\/wp\/v2\/comments?post=114761"}],"wp:featuredmedia":[{"embeddable":true,"href":"https:\/\/www.sport4club.be\/index.php\/wp-json\/wp\/v2\/media\/114762"}],"wp:attachment":[{"href":"https:\/\/www.sport4club.be\/index.php\/wp-json\/wp\/v2\/media?parent=114761"}],"wp:term":[{"taxonomy":"product_cat","embeddable":true,"href":"https:\/\/www.sport4club.be\/index.php\/wp-json\/wp\/v2\/product_cat?post=114761"},{"taxonomy":"product_tag","embeddable":true,"href":"https:\/\/www.sport4club.be\/index.php\/wp-json\/wp\/v2\/product_tag?post=114761"}],"curies":[{"name":"wp","href":"https:\/\/api.w.org\/{rel}","templated":true}]}}