{"id":114755,"date":"2025-03-27T07:37:15","date_gmt":"2025-03-27T06:37:15","guid":{"rendered":"https:\/\/www.sport4club.be\/?post_type=product&#038;p=114755"},"modified":"2025-03-27T07:37:59","modified_gmt":"2025-03-27T06:37:59","slug":"nox-bandolier","status":"publish","type":"product","link":"https:\/\/www.sport4club.be\/index.php\/product\/nox-bandolier\/","title":{"rendered":"Nox Pickleball Sling"},"content":{"rendered":"<p>D\u00e9couvrez le\u00a0<strong>sac de pickleball<\/strong>\u00a0NOX de haute qualit\u00e9 et de grande capacit\u00e9 de stockage. Le sac est con\u00e7u pour que vous puissiez transporter tout ce dont vous avez besoin lors de vos matchs et tournois avec un maximum de style et de praticit\u00e9.<\/p>\n<h3>Caract\u00e9ristiques :<\/h3>\n<ul>\n<li>Deux compartiments principaux pour : pagaies de pickleball, \u00e9quipement, ordinateur portable, balles, etc.<\/li>\n<li>Deux compartiments frontaux pour : accessoires, portefeuille, t\u00e9l\u00e9phone portable, etc.<\/li>\n<li>Poche lat\u00e9rale en filet pour les objets personnels.<\/li>\n<li>Poche arri\u00e8re pour les objets personnels.<\/li>\n<li>Dos et bretelles ergonomiques et matelass\u00e9s avec un mat\u00e9riau textile qui optimise la prise en main et la circulation de l&#8217;air.<\/li>\n<\/ul>\n<p>&nbsp;<\/p>\n<p>D<strong>imensions :\u00a0<\/strong>450 x 330 x 200 mm<\/p>\n<p><strong>Capacit\u00e9 :\u00a0<\/strong>28 litres<\/p>\n","protected":false},"excerpt":{"rendered":"<p>D\u00e9couvrez le\u00a0sac de pickleball\u00a0NOX de haute qualit\u00e9 et de grande capacit\u00e9 de stockage. Le sac est con\u00e7u pour que vous puissiez transporter tout ce dont vous avez besoin lors de vos matchs et tournois avec un maximum de style et de praticit\u00e9. Caract\u00e9ristiques : Deux compartiments principaux pour : pagaies de pickleball, \u00e9quipement, ordinateur portable, [&hellip;]<\/p>\n","protected":false},"featured_media":114756,"comment_status":"open","ping_status":"closed","template":"","meta":[],"product_cat":[935],"product_tag":[],"_links":{"self":[{"href":"https:\/\/www.sport4club.be\/index.php\/wp-json\/wp\/v2\/product\/114755"}],"collection":[{"href":"https:\/\/www.sport4club.be\/index.php\/wp-json\/wp\/v2\/product"}],"about":[{"href":"https:\/\/www.sport4club.be\/index.php\/wp-json\/wp\/v2\/types\/product"}],"replies":[{"embeddable":true,"href":"https:\/\/www.sport4club.be\/index.php\/wp-json\/wp\/v2\/comments?post=114755"}],"wp:featuredmedia":[{"embeddable":true,"href":"https:\/\/www.sport4club.be\/index.php\/wp-json\/wp\/v2\/media\/114756"}],"wp:attachment":[{"href":"https:\/\/www.sport4club.be\/index.php\/wp-json\/wp\/v2\/media?parent=114755"}],"wp:term":[{"taxonomy":"product_cat","embeddable":true,"href":"https:\/\/www.sport4club.be\/index.php\/wp-json\/wp\/v2\/product_cat?post=114755"},{"taxonomy":"product_tag","embeddable":true,"href":"https:\/\/www.sport4club.be\/index.php\/wp-json\/wp\/v2\/product_tag?post=114755"}],"curies":[{"name":"wp","href":"https:\/\/api.w.org\/{rel}","templated":true}]}}