{"id":114719,"date":"2025-02-22T12:23:52","date_gmt":"2025-02-22T11:23:52","guid":{"rendered":"https:\/\/www.sport4club.be\/?post_type=product&#038;p=114719"},"modified":"2025-09-16T16:24:17","modified_gmt":"2025-09-16T14:24:17","slug":"nox-at10-genius-junior-25","status":"publish","type":"product","link":"https:\/\/www.sport4club.be\/index.php\/product\/nox-at10-genius-junior-25\/","title":{"rendered":"Nox AT10 Genius Junior 25"},"content":{"rendered":"<h2 data-end=\"173\" data-start=\"103\">AT10 GENIUS JR by Agust\u00edn Tapia &#8211; La raquette des jeunes espoirs<\/h2>\n<p data-end=\"579\" data-start=\"233\">Les petits fans d&#8217;Agust\u00edn Tapia peuvent d\u00e9sormais profiter de leur propre version de l&#8217;<strong data-end=\"337\" data-start=\"315\">AT10 Luxury Genius<\/strong>, une raquette con\u00e7ue sp\u00e9cialement pour les jeunes joueurs de padel prometteurs. Tout en conservant l&#8217;essence du mod\u00e8le original, cette version\u00a0<strong data-end=\"524\" data-start=\"463\">s&#8217;adapte aux besoins des plus jeunes<\/strong>, facilitant la manipulation et l&#8217;apprentissage sur le terrain.<\/p>\n<h3 data-end=\"640\" data-start=\"581\">Design adapt\u00e9 pour un meilleur contr\u00f4le et une meilleure maniabilit\u00e9.<\/h3>\n<ul data-end=\"996\" data-start=\"642\">\n<li data-end=\"789\" data-start=\"642\"><strong data-end=\"669\" data-start=\"644\">Dimensions adapt\u00e9es<\/strong>\u00a0avec un\u00a0<strong data-end=\"695\" data-start=\"677\">manche plus court<\/strong>\u00a0et un\u00a0<strong data-end=\"732\" data-start=\"701\">poids r\u00e9duit (300 &#8211; 325 g)<\/strong>, id\u00e9al pour faciliter le contr\u00f4le et la maniabilit\u00e9.<\/li>\n<li data-end=\"913\" data-start=\"790\"><strong data-end=\"829\" data-start=\"792\">Forme arrondie et \u00e9paisseur de 30 mm<\/strong>, offrant une sensation \u00e9quilibr\u00e9e et une grande pr\u00e9cision \u00e0 chaque impact.<\/li>\n<li data-end=\"996\" data-start=\"914\"><strong data-end=\"932\" data-start=\"916\">Finition mate<\/strong>\u00a0pour une meilleure sensation et un meilleur contr\u00f4le \u00e0 l&#8217;impact.<\/li>\n<\/ul>\n<h3 data-end=\"1059\" data-start=\"998\">Mat\u00e9riaux de haute qualit\u00e9 pour des performances sup\u00e9rieures<\/h3>\n<ul data-end=\"1281\" data-start=\"1061\">\n<li data-end=\"1167\" data-start=\"1061\"><strong data-end=\"1114\" data-start=\"1063\">Construction en carbone et en fibre de verre<\/strong>, la combinaison parfaite entre solidit\u00e9 et confort.<\/li>\n<li data-end=\"1281\" data-start=\"1168\"><strong data-end=\"1192\" data-start=\"1170\">Noyau en caoutchouc HR3<\/strong>, optimisant la sortie de balle et offrant une excellente r\u00e9ponse \u00e0 chaque coup.<\/li>\n<\/ul>\n<h3 data-end=\"1352\" data-start=\"1283\">La raquette qui inspire la nouvelle g\u00e9n\u00e9ration de g\u00e9nies du padel.<\/h3>\n<p data-end=\"1552\" data-start=\"1354\">Avec l&#8217;<strong data-end=\"1396\" data-start=\"1361\">AT10 GENIUS JR d&#8217;Agust\u00edn Tapia<\/strong>, les plus jeunes joueurs peuvent\u00a0<strong data-end=\"1454\" data-start=\"1422\">suivre les traces de leur idole<\/strong>\u00a0et am\u00e9liorer leur jeu avec une raquette con\u00e7ue pour accompagner leur croissance et leur \u00e9volution sur le terrain.<\/p>\n","protected":false},"excerpt":{"rendered":"<p>AT10 GENIUS JR by Agust\u00edn Tapia &#8211; La raquette des jeunes espoirs Les petits fans d&#8217;Agust\u00edn Tapia peuvent d\u00e9sormais profiter de leur propre version de l&#8217;AT10 Luxury Genius, une raquette con\u00e7ue sp\u00e9cialement pour les jeunes joueurs de padel prometteurs. Tout en conservant l&#8217;essence du mod\u00e8le original, cette version\u00a0s&#8217;adapte aux besoins des plus jeunes, facilitant la [&hellip;]<\/p>\n","protected":false},"featured_media":114720,"comment_status":"open","ping_status":"closed","template":"","meta":[],"product_cat":[84],"product_tag":[],"_links":{"self":[{"href":"https:\/\/www.sport4club.be\/index.php\/wp-json\/wp\/v2\/product\/114719"}],"collection":[{"href":"https:\/\/www.sport4club.be\/index.php\/wp-json\/wp\/v2\/product"}],"about":[{"href":"https:\/\/www.sport4club.be\/index.php\/wp-json\/wp\/v2\/types\/product"}],"replies":[{"embeddable":true,"href":"https:\/\/www.sport4club.be\/index.php\/wp-json\/wp\/v2\/comments?post=114719"}],"wp:featuredmedia":[{"embeddable":true,"href":"https:\/\/www.sport4club.be\/index.php\/wp-json\/wp\/v2\/media\/114720"}],"wp:attachment":[{"href":"https:\/\/www.sport4club.be\/index.php\/wp-json\/wp\/v2\/media?parent=114719"}],"wp:term":[{"taxonomy":"product_cat","embeddable":true,"href":"https:\/\/www.sport4club.be\/index.php\/wp-json\/wp\/v2\/product_cat?post=114719"},{"taxonomy":"product_tag","embeddable":true,"href":"https:\/\/www.sport4club.be\/index.php\/wp-json\/wp\/v2\/product_tag?post=114719"}],"curies":[{"name":"wp","href":"https:\/\/api.w.org\/{rel}","templated":true}]}}