{"id":114714,"date":"2025-02-22T12:03:47","date_gmt":"2025-02-22T11:03:47","guid":{"rendered":"https:\/\/www.sport4club.be\/?post_type=product&#038;p=114714"},"modified":"2025-11-29T10:14:43","modified_gmt":"2025-11-29T09:14:43","slug":"nox-x-one-25","status":"publish","type":"product","link":"https:\/\/www.sport4club.be\/index.php\/product\/nox-x-one-25\/","title":{"rendered":"Nox X-One 25"},"content":{"rendered":"<h2 data-start=\"400\" data-end=\"453\"><strong data-start=\"404\" data-end=\"451\">La raquette polyvalente pour tous les joueurs<\/strong><\/h2>\n<p data-start=\"454\" data-end=\"728\">La\u00a0<strong data-start=\"457\" data-end=\"471\">X-ONE 2025<\/strong>\u00a0est le choix id\u00e9al pour les joueurs de tous niveaux \u00e0 la recherche d&#8217;un \u00e9quilibre parfait entre\u00a0<strong data-start=\"567\" data-end=\"606\">r\u00e9gularit\u00e9, confort et jouabilit\u00e9<\/strong>. Sa conception optimise le\u00a0<strong data-start=\"630\" data-end=\"666\">contr\u00f4le et l&#8217;adaptation au jeu<\/strong>, offrant une exp\u00e9rience fluide et agr\u00e9able sur le court.<\/p>\n<h2 data-start=\"730\" data-end=\"798\"><strong data-start=\"734\" data-end=\"796\">Technologie haut de gamme pour des performances maximales<\/strong><\/h2>\n<p data-start=\"799\" data-end=\"885\">Incorpore des technologies avanc\u00e9es pour offrir une raquette solide, stable et puissante.<\/p>\n<h3 data-start=\"887\" data-end=\"948\"><strong data-start=\"892\" data-end=\"946\">Noyau en caoutchouc HR3 pour plus de puissance et de sensations.<\/strong><\/h3>\n<p data-start=\"949\" data-end=\"1029\">Plus de r\u00e9activit\u00e9 \u00e0 la frappe, pour une sensation de fermet\u00e9 et de contr\u00f4le.<\/p>\n<h3 data-start=\"1031\" data-end=\"1097\"><strong data-start=\"1036\" data-end=\"1095\">Cadre en carbone pour la solidit\u00e9 et la stabilit\u00e9<\/strong><\/h3>\n<p data-start=\"1098\" data-end=\"1175\">Conception structurelle solide pour plus de durabilit\u00e9 et de s\u00e9curit\u00e9 \u00e0 chaque coup.<\/p>\n<h3 data-start=\"1177\" data-end=\"1253\"><strong data-start=\"1182\" data-end=\"1251\">Plats en fibre de verre 3K pour une distribution optimis\u00e9e de la balle.<\/strong><\/h3>\n<p data-start=\"1254\" data-end=\"1298\">Vitesse et dynamisme accrus \u00e0 chaque point.<\/p>\n<h2 data-start=\"1300\" data-end=\"1358\"><strong data-start=\"1304\" data-end=\"1356\">Qualit\u00e9 et performance \u00e0 un prix abordable<\/strong><\/h2>\n<p data-start=\"1359\" data-end=\"1468\">La\u00a0<strong data-start=\"1362\" data-end=\"1376\">X-ONE 2025<\/strong>\u00a0allie technologie et confort, ce qui en fait une raquette abordable sans compromis sur les performances.<\/p>\n<p data-start=\"1470\" data-end=\"1563\" data-is-last-node=\"\" data-is-only-node=\"\">D\u00e9couvrez la raquette avec laquelle vous pouvez \u00e9lever votre niveau de jeu sans sacrifier le contr\u00f4le et la stabilit\u00e9.<\/p>\n","protected":false},"excerpt":{"rendered":"<p>La raquette polyvalente pour tous les joueurs La\u00a0X-ONE 2025\u00a0est le choix id\u00e9al pour les joueurs de tous niveaux \u00e0 la recherche d&#8217;un \u00e9quilibre parfait entre\u00a0r\u00e9gularit\u00e9, confort et jouabilit\u00e9. Sa conception optimise le\u00a0contr\u00f4le et l&#8217;adaptation au jeu, offrant une exp\u00e9rience fluide et agr\u00e9able sur le court. Technologie haut de gamme pour des performances maximales Incorpore des [&hellip;]<\/p>\n","protected":false},"featured_media":114715,"comment_status":"open","ping_status":"closed","template":"","meta":[],"product_cat":[786,84],"product_tag":[],"_links":{"self":[{"href":"https:\/\/www.sport4club.be\/index.php\/wp-json\/wp\/v2\/product\/114714"}],"collection":[{"href":"https:\/\/www.sport4club.be\/index.php\/wp-json\/wp\/v2\/product"}],"about":[{"href":"https:\/\/www.sport4club.be\/index.php\/wp-json\/wp\/v2\/types\/product"}],"replies":[{"embeddable":true,"href":"https:\/\/www.sport4club.be\/index.php\/wp-json\/wp\/v2\/comments?post=114714"}],"wp:featuredmedia":[{"embeddable":true,"href":"https:\/\/www.sport4club.be\/index.php\/wp-json\/wp\/v2\/media\/114715"}],"wp:attachment":[{"href":"https:\/\/www.sport4club.be\/index.php\/wp-json\/wp\/v2\/media?parent=114714"}],"wp:term":[{"taxonomy":"product_cat","embeddable":true,"href":"https:\/\/www.sport4club.be\/index.php\/wp-json\/wp\/v2\/product_cat?post=114714"},{"taxonomy":"product_tag","embeddable":true,"href":"https:\/\/www.sport4club.be\/index.php\/wp-json\/wp\/v2\/product_tag?post=114714"}],"curies":[{"name":"wp","href":"https:\/\/api.w.org\/{rel}","templated":true}]}}