{"id":114708,"date":"2025-02-22T11:54:50","date_gmt":"2025-02-22T10:54:50","guid":{"rendered":"https:\/\/www.sport4club.be\/?post_type=product&#038;p=114708"},"modified":"2025-12-31T18:19:40","modified_gmt":"2025-12-31T17:19:40","slug":"nox-ml10-pro-cup-silver-25","status":"publish","type":"product","link":"https:\/\/www.sport4club.be\/index.php\/product\/nox-ml10-pro-cup-silver-25\/","title":{"rendered":"Nox ML10 Pro Cup Silver 25"},"content":{"rendered":"<h2 data-start=\"394\" data-end=\"439\"><strong data-start=\"398\" data-end=\"437\">L\u00e9g\u00e8ret\u00e9 sans compromis sur la stabilit\u00e9<\/strong><\/h2>\n<p data-start=\"440\" data-end=\"694\">La ML10 Pro Cup Silver 2025 est le choix id\u00e9al pour les joueurs \u00e0 la recherche d&#8217;une raquette plus l\u00e9g\u00e8re sans compromis sur la stabilit\u00e9 et les sensations. Avec un poids compris entre 350 et 365 g, elle vous permet de r\u00e9agir plus rapidement et plus confortablement sur chaque point.<\/p>\n<h2 data-start=\"696\" data-end=\"740\"><strong data-start=\"700\" data-end=\"738\">Contr\u00f4le et effets \u00e0 chaque coup<\/strong><\/h2>\n<p data-start=\"741\" data-end=\"915\">Sa structure en carbone et ses plans en Glass Silver garantissent une r\u00e9sistance et une excellente sortie de balle, en conservant l&#8217;ADN de l&#8217;une des raquettes les plus vendues de l&#8217;histoire.<\/p>\n<h3 data-start=\"917\" data-end=\"975\"><strong data-start=\"922\" data-end=\"973\">Finition ponc\u00e9e pour plus de pr\u00e9cision<\/strong><\/h3>\n<p data-start=\"976\" data-end=\"1043\">Maximise les effets et offre un contr\u00f4le accru \u00e0 chaque coup.<\/p>\n<h3 data-start=\"1045\" data-end=\"1086\"><strong data-start=\"1050\" data-end=\"1084\">Maniabilit\u00e9 optimis\u00e9e<\/strong><\/h3>\n<p data-start=\"1087\" data-end=\"1172\">Son design plus l\u00e9ger permet des mouvements plus rapides sans perdre en fermet\u00e9.<\/p>\n<h2 data-start=\"1174\" data-end=\"1225\"><strong data-start=\"1178\" data-end=\"1223\">Smartstrap : hygi\u00e8ne et personnalisation<\/strong><\/h2>\n<p data-start=\"1226\" data-end=\"1398\">Cette nouvelle version int\u00e8gre le syst\u00e8me Smartstrap, qui permet de remplacer le cordon de s\u00e9curit\u00e9 pour am\u00e9liorer l&#8217;hygi\u00e8ne et adapter la raquette aux pr\u00e9f\u00e9rences du joueur.<\/p>\n<p data-start=\"1400\" data-end=\"1497\" data-is-last-node=\"\" data-is-only-node=\"\">D\u00e9couvrez la ML10 Pro Cup Silver 2025 et faites l&#8217;exp\u00e9rience d&#8217;une raquette agile et adaptable \u00e0 votre style de jeu.<\/p>\n","protected":false},"excerpt":{"rendered":"<p>L\u00e9g\u00e8ret\u00e9 sans compromis sur la stabilit\u00e9 La ML10 Pro Cup Silver 2025 est le choix id\u00e9al pour les joueurs \u00e0 la recherche d&#8217;une raquette plus l\u00e9g\u00e8re sans compromis sur la stabilit\u00e9 et les sensations. Avec un poids compris entre 350 et 365 g, elle vous permet de r\u00e9agir plus rapidement et plus confortablement sur chaque [&hellip;]<\/p>\n","protected":false},"featured_media":114709,"comment_status":"open","ping_status":"closed","template":"","meta":[],"product_cat":[786,84],"product_tag":[],"_links":{"self":[{"href":"https:\/\/www.sport4club.be\/index.php\/wp-json\/wp\/v2\/product\/114708"}],"collection":[{"href":"https:\/\/www.sport4club.be\/index.php\/wp-json\/wp\/v2\/product"}],"about":[{"href":"https:\/\/www.sport4club.be\/index.php\/wp-json\/wp\/v2\/types\/product"}],"replies":[{"embeddable":true,"href":"https:\/\/www.sport4club.be\/index.php\/wp-json\/wp\/v2\/comments?post=114708"}],"wp:featuredmedia":[{"embeddable":true,"href":"https:\/\/www.sport4club.be\/index.php\/wp-json\/wp\/v2\/media\/114709"}],"wp:attachment":[{"href":"https:\/\/www.sport4club.be\/index.php\/wp-json\/wp\/v2\/media?parent=114708"}],"wp:term":[{"taxonomy":"product_cat","embeddable":true,"href":"https:\/\/www.sport4club.be\/index.php\/wp-json\/wp\/v2\/product_cat?post=114708"},{"taxonomy":"product_tag","embeddable":true,"href":"https:\/\/www.sport4club.be\/index.php\/wp-json\/wp\/v2\/product_tag?post=114708"}],"curies":[{"name":"wp","href":"https:\/\/api.w.org\/{rel}","templated":true}]}}