{"id":114702,"date":"2025-02-22T11:47:57","date_gmt":"2025-02-22T10:47:57","guid":{"rendered":"https:\/\/www.sport4club.be\/?post_type=product&#038;p=114702"},"modified":"2026-05-09T14:06:42","modified_gmt":"2026-05-09T12:06:42","slug":"nox-ml10-pro-cup-rogh-surface-edition-25","status":"publish","type":"product","link":"https:\/\/www.sport4club.be\/index.php\/product\/nox-ml10-pro-cup-rogh-surface-edition-25\/","title":{"rendered":"Nox ML10 Pro Cup Rogh Surface Edition 25"},"content":{"rendered":"<h3 data-end=\"439\" data-start=\"393\"><strong data-end=\"437\" data-start=\"397\">Contr\u00f4le et puissance \u00e0 chaque coup<\/strong><\/h3>\n<p data-end=\"740\" data-start=\"440\">La\u00a0<strong data-end=\"478\" data-start=\"443\">ML10 Pro Cup Rough Surface 2025<\/strong>\u00a0est la raquette l\u00e9gendaire con\u00e7ue pour les joueurs qui recherchent la performance \u00e0 chaque coup. Sa\u00a0<strong data-end=\"583\" data-start=\"566\">forme ronde<\/strong>\u00a0et sa\u00a0<strong data-end=\"608\" data-start=\"586\">large zone de frappe<\/strong>\u00a0assurent un contr\u00f4le exceptionnel, tandis que son\u00a0<strong data-end=\"682\" data-start=\"660\">noyau en caoutchouc HR3<\/strong>\u00a0procure une sensation de fermet\u00e9 et de r\u00e9activit\u00e9 en jeu.<\/p>\n<h2 data-end=\"808\" data-start=\"742\"><strong data-end=\"806\" data-start=\"746\">Construction de haute qualit\u00e9 pour des performances maximales<\/strong><\/h2>\n<p data-end=\"954\" data-start=\"809\">Fabriqu\u00e9e avec\u00a0<strong data-end=\"877\" data-start=\"827\">une structure en carbone et des plateaux en Glass Silver<\/strong>, cette raquette offre une r\u00e9sistance sup\u00e9rieure et une excellente prise de balle.<\/p>\n<h3 data-end=\"993\" data-start=\"956\"><strong data-end=\"991\" data-start=\"961\">Finition rugueuse sablonneuse<\/strong><\/h3>\n<p data-end=\"1078\" data-start=\"994\">La finition sabl\u00e9e augmente les effets, ce qui permet de mieux contr\u00f4ler les topspins et les coups slic\u00e9s.<\/p>\n<h3 data-end=\"1120\" data-start=\"1080\"><strong data-end=\"1118\" data-start=\"1085\">Equilibre et polyvalence<\/strong><\/h3>\n<p data-end=\"1218\" data-start=\"1121\">Avec un poids de\u00a0<strong data-end=\"1151\" data-start=\"1136\">360 \u00e0 375 g<\/strong>\u00a0et une \u00e9paisseur de\u00a0<strong data-end=\"1176\" data-start=\"1167\">38 mm<\/strong>, elle s&#8217;adapte \u00e0 tous les styles de jeu.<\/p>\n<h2 data-end=\"1275\" data-start=\"1220\"><strong data-end=\"1273\" data-start=\"1224\">Smartstrap : s\u00e9curit\u00e9 et hygi\u00e8ne am\u00e9lior\u00e9es<\/strong><\/h2>\n<p data-end=\"1434\" data-start=\"1276\">La ML10 Pro Cup Rough Surface 2025 est \u00e9quip\u00e9e du syst\u00e8me\u00a0<strong data-end=\"1348\" data-start=\"1332\">Smartstrap\u00ae<\/strong>, qui permet de remplacer le cordon de s\u00e9curit\u00e9 pour plus d&#8217;hygi\u00e8ne et de personnalisation.<\/p>\n<p data-is-only-node=\"\" data-is-last-node=\"\" data-end=\"1516\" data-start=\"1436\">D\u00e9couvrez la raquette embl\u00e9matique de Miguel Lamperti et passez au niveau sup\u00e9rieur.<\/p>\n","protected":false},"excerpt":{"rendered":"<p>Contr\u00f4le et puissance \u00e0 chaque coup La\u00a0ML10 Pro Cup Rough Surface 2025\u00a0est la raquette l\u00e9gendaire con\u00e7ue pour les joueurs qui recherchent la performance \u00e0 chaque coup. Sa\u00a0forme ronde\u00a0et sa\u00a0large zone de frappe\u00a0assurent un contr\u00f4le exceptionnel, tandis que son\u00a0noyau en caoutchouc HR3\u00a0procure une sensation de fermet\u00e9 et de r\u00e9activit\u00e9 en jeu. Construction de haute qualit\u00e9 pour [&hellip;]<\/p>\n","protected":false},"featured_media":114703,"comment_status":"open","ping_status":"closed","template":"","meta":[],"product_cat":[786,84],"product_tag":[],"_links":{"self":[{"href":"https:\/\/www.sport4club.be\/index.php\/wp-json\/wp\/v2\/product\/114702"}],"collection":[{"href":"https:\/\/www.sport4club.be\/index.php\/wp-json\/wp\/v2\/product"}],"about":[{"href":"https:\/\/www.sport4club.be\/index.php\/wp-json\/wp\/v2\/types\/product"}],"replies":[{"embeddable":true,"href":"https:\/\/www.sport4club.be\/index.php\/wp-json\/wp\/v2\/comments?post=114702"}],"wp:featuredmedia":[{"embeddable":true,"href":"https:\/\/www.sport4club.be\/index.php\/wp-json\/wp\/v2\/media\/114703"}],"wp:attachment":[{"href":"https:\/\/www.sport4club.be\/index.php\/wp-json\/wp\/v2\/media?parent=114702"}],"wp:term":[{"taxonomy":"product_cat","embeddable":true,"href":"https:\/\/www.sport4club.be\/index.php\/wp-json\/wp\/v2\/product_cat?post=114702"},{"taxonomy":"product_tag","embeddable":true,"href":"https:\/\/www.sport4club.be\/index.php\/wp-json\/wp\/v2\/product_tag?post=114702"}],"curies":[{"name":"wp","href":"https:\/\/api.w.org\/{rel}","templated":true}]}}