{"id":114696,"date":"2025-02-22T11:40:34","date_gmt":"2025-02-22T10:40:34","guid":{"rendered":"https:\/\/www.sport4club.be\/?post_type=product&#038;p=114696"},"modified":"2026-04-20T22:22:00","modified_gmt":"2026-04-20T20:22:00","slug":"nox-ml10-pro-cup-25","status":"publish","type":"product","link":"https:\/\/www.sport4club.be\/index.php\/product\/nox-ml10-pro-cup-25\/","title":{"rendered":"Nox ML10 Pro Cup 25"},"content":{"rendered":"<h2 data-start=\"366\" data-end=\"406\"><strong data-start=\"370\" data-end=\"404\">L&#8217;\u00e9volution d&#8217;un classique<\/strong><\/h2>\n<p data-start=\"407\" data-end=\"702\">La ML10 Pro Cup 2025 est la raquette qui a tout chang\u00e9. Con\u00e7ue par Miguel Lamperti, elle conserve l&#8217;essence qui a fait d&#8217;elle l&#8217;une des raquettes les plus vendues de l&#8217;histoire. Son \u00e9quilibre entre confort, puissance et durabilit\u00e9 en fait un choix infaillible pour les joueurs de tout niveau.<\/p>\n<h2 data-start=\"704\" data-end=\"750\"><strong data-start=\"708\" data-end=\"748\">Des sensations uniques \u00e0 chaque coup<\/strong><\/h2>\n<p data-start=\"751\" data-end=\"898\">La ML10 Pro Cup 2025 offre un contr\u00f4le exceptionnel et une prise de balle optimale, gr\u00e2ce \u00e0 sa construction soign\u00e9e avec des mat\u00e9riaux de haute qualit\u00e9.<\/p>\n<h3 data-start=\"900\" data-end=\"953\"><strong data-start=\"905\" data-end=\"951\">Construction en carbone et en verre argent\u00e9<\/strong><\/h3>\n<p data-start=\"954\" data-end=\"1040\">Les mat\u00e9riaux de premi\u00e8re qualit\u00e9 garantissent la solidit\u00e9 et une meilleure sensation sur la balle.<\/p>\n<h3 data-start=\"1042\" data-end=\"1092\"><strong data-start=\"1047\" data-end=\"1090\">Design rond et large sweet spot<\/strong><\/h3>\n<p data-start=\"1093\" data-end=\"1181\">Pr\u00e9cision maximale \u00e0 chaque impact pour un jeu solide et fiable dans toutes les situations.<\/p>\n<h3 data-start=\"1183\" data-end=\"1238\"><strong data-start=\"1187\" data-end=\"1236\">Smartstrap : plus d&#8217;hygi\u00e8ne et de personnalisation<\/strong><\/h3>\n<p data-start=\"1239\" data-end=\"1386\">Cette nouvelle version int\u00e8gre le syst\u00e8me Smartstrap, qui permet de remplacer le cordon de s\u00e9curit\u00e9 pour am\u00e9liorer l&#8217;hygi\u00e8ne, la s\u00e9curit\u00e9 et la personnalisation.<\/p>\n<p data-start=\"1388\" data-end=\"1453\" data-is-last-node=\"\" data-is-only-node=\"\">D\u00e9couvrez la ML10 Pro Cup 2025 et faites passer votre jeu au niveau sup\u00e9rieur.<\/p>\n","protected":false},"excerpt":{"rendered":"<p>L&#8217;\u00e9volution d&#8217;un classique La ML10 Pro Cup 2025 est la raquette qui a tout chang\u00e9. Con\u00e7ue par Miguel Lamperti, elle conserve l&#8217;essence qui a fait d&#8217;elle l&#8217;une des raquettes les plus vendues de l&#8217;histoire. Son \u00e9quilibre entre confort, puissance et durabilit\u00e9 en fait un choix infaillible pour les joueurs de tout niveau. Des sensations uniques [&hellip;]<\/p>\n","protected":false},"featured_media":114697,"comment_status":"open","ping_status":"closed","template":"","meta":[],"product_cat":[786,84],"product_tag":[],"_links":{"self":[{"href":"https:\/\/www.sport4club.be\/index.php\/wp-json\/wp\/v2\/product\/114696"}],"collection":[{"href":"https:\/\/www.sport4club.be\/index.php\/wp-json\/wp\/v2\/product"}],"about":[{"href":"https:\/\/www.sport4club.be\/index.php\/wp-json\/wp\/v2\/types\/product"}],"replies":[{"embeddable":true,"href":"https:\/\/www.sport4club.be\/index.php\/wp-json\/wp\/v2\/comments?post=114696"}],"wp:featuredmedia":[{"embeddable":true,"href":"https:\/\/www.sport4club.be\/index.php\/wp-json\/wp\/v2\/media\/114697"}],"wp:attachment":[{"href":"https:\/\/www.sport4club.be\/index.php\/wp-json\/wp\/v2\/media?parent=114696"}],"wp:term":[{"taxonomy":"product_cat","embeddable":true,"href":"https:\/\/www.sport4club.be\/index.php\/wp-json\/wp\/v2\/product_cat?post=114696"},{"taxonomy":"product_tag","embeddable":true,"href":"https:\/\/www.sport4club.be\/index.php\/wp-json\/wp\/v2\/product_tag?post=114696"}],"curies":[{"name":"wp","href":"https:\/\/api.w.org\/{rel}","templated":true}]}}