{"id":114690,"date":"2025-02-22T11:29:23","date_gmt":"2025-02-22T10:29:23","guid":{"rendered":"https:\/\/www.sport4club.be\/?post_type=product&#038;p=114690"},"modified":"2025-11-29T10:00:27","modified_gmt":"2025-11-29T09:00:27","slug":"nox-nextgen-pro-hybrid-3k-25","status":"publish","type":"product","link":"https:\/\/www.sport4club.be\/index.php\/product\/nox-nextgen-pro-hybrid-3k-25\/","title":{"rendered":"Nox Nextgen Pro Hybrid 3K 25"},"content":{"rendered":"<h2 data-start=\"366\" data-end=\"440\"><strong data-start=\"368\" data-end=\"438\">NextGen Pro Hybrid 3K &#8211; La raquette des futures stars du padel<\/strong><\/h2>\n<p data-start=\"442\" data-end=\"647\">La\u00a0<strong data-start=\"448\" data-end=\"476\">Nox Future Academy (NFA)<\/strong>\u00a0est le terrain d&#8217;entra\u00eenement de stars internationales prometteuses du padel comme\u00a0<strong data-start=\"550\" data-end=\"584\">Rama Valenzuela et Dylan Cuello<\/strong>, qui se font d\u00e9j\u00e0 remarquer sur le circuit professionnel.<\/p>\n<p data-start=\"649\" data-end=\"881\">Pour eux, la\u00a0<strong data-start=\"664\" data-end=\"689\">NextGen Pro Hybrid 3K<\/strong>\u00a0est le\u00a0<strong data-start=\"696\" data-end=\"733\">partenaire id\u00e9al en comp\u00e9tition<\/strong>, con\u00e7ue pour ceux qui recherchent un \u00e9quilibre pr\u00e9cis entre\u00a0<strong data-start=\"797\" data-end=\"819\">puissance et contr\u00f4le<\/strong>, leur permettant de s&#8217;adapter \u00e0 chaque point en toute confiance.<\/p>\n<h2 data-start=\"888\" data-end=\"943\"><strong data-start=\"891\" data-end=\"941\">La raquette parfaite pour un jeu \u00e9quilibr\u00e9<\/strong><\/h2>\n<h3 data-start=\"945\" data-end=\"998\"><strong data-start=\"949\" data-end=\"996\">Forme en goutte d&#8217;eau pour un \u00e9quilibre optimal.<\/strong><\/h3>\n<ul>\n<li data-start=\"999\" data-end=\"1120\">Combinaison id\u00e9ale d&#8217;<strong data-start=\"1025\" data-end=\"1045\">attaque et de d\u00e9fense<\/strong>.<\/li>\n<li data-start=\"999\" data-end=\"1120\">Transitions douces entre les coups agressifs et les jeux strat\u00e9giques.<\/li>\n<\/ul>\n<h3 data-start=\"1122\" data-end=\"1186\"><strong data-start=\"1126\" data-end=\"1184\">Mat\u00e9riaux de haute qualit\u00e9 pour une performance maximale<\/strong><\/h3>\n<ul>\n<li data-start=\"1187\" data-end=\"1349\"><strong data-start=\"1189\" data-end=\"1213\">Noyau HR3 Black Eva<\/strong>, offrant une grande sortie de balle sans perdre en stabilit\u00e9.<\/li>\n<li data-start=\"1187\" data-end=\"1349\"><strong data-start=\"1282\" data-end=\"1302\">Cadre en carbone<\/strong>, pour plus de solidit\u00e9 et de durabilit\u00e9.<\/li>\n<\/ul>\n<h3 data-start=\"1351\" data-end=\"1414\"><strong data-start=\"1355\" data-end=\"1412\">Surface rugueuse et carbone 3K pour plus de domination.<\/strong><\/h3>\n<ul>\n<li data-start=\"1415\" data-end=\"1579\"><strong data-start=\"1417\" data-end=\"1447\">Surface rugueuse en sable<\/strong>, parfaite pour augmenter les effets sur chaque coup.<\/li>\n<li data-start=\"1415\" data-end=\"1579\"><strong data-start=\"1504\" data-end=\"1526\">Face en carbone 3K<\/strong>, garantissant pr\u00e9cision et contr\u00f4le \u00e0 chaque impact.<\/li>\n<\/ul>\n<h2 data-start=\"1586\" data-end=\"1665\"><strong data-start=\"1589\" data-end=\"1663\">La nouvelle g\u00e9n\u00e9ration de bois pour la nouvelle g\u00e9n\u00e9ration de joueurs<\/strong><\/h2>\n<p data-start=\"1667\" data-end=\"1832\">La\u00a0<strong data-start=\"1670\" data-end=\"1695\">NextGen Pro Hybrid 3K<\/strong>\u00a0est con\u00e7ue pour les joueurs qui cherchent \u00e0\u00a0<strong data-start=\"1740\" data-end=\"1774\">dominer chaque coup<\/strong>\u00a0avec une combinaison parfaite de\u00a0<strong data-start=\"1807\" data-end=\"1829\">puissance et de contr\u00f4le<\/strong>.<\/p>\n","protected":false},"excerpt":{"rendered":"<p>NextGen Pro Hybrid 3K &#8211; La raquette des futures stars du padel La\u00a0Nox Future Academy (NFA)\u00a0est le terrain d&#8217;entra\u00eenement de stars internationales prometteuses du padel comme\u00a0Rama Valenzuela et Dylan Cuello, qui se font d\u00e9j\u00e0 remarquer sur le circuit professionnel. Pour eux, la\u00a0NextGen Pro Hybrid 3K\u00a0est le\u00a0partenaire id\u00e9al en comp\u00e9tition, con\u00e7ue pour ceux qui recherchent un [&hellip;]<\/p>\n","protected":false},"featured_media":114691,"comment_status":"open","ping_status":"closed","template":"","meta":[],"product_cat":[786,84],"product_tag":[],"_links":{"self":[{"href":"https:\/\/www.sport4club.be\/index.php\/wp-json\/wp\/v2\/product\/114690"}],"collection":[{"href":"https:\/\/www.sport4club.be\/index.php\/wp-json\/wp\/v2\/product"}],"about":[{"href":"https:\/\/www.sport4club.be\/index.php\/wp-json\/wp\/v2\/types\/product"}],"replies":[{"embeddable":true,"href":"https:\/\/www.sport4club.be\/index.php\/wp-json\/wp\/v2\/comments?post=114690"}],"wp:featuredmedia":[{"embeddable":true,"href":"https:\/\/www.sport4club.be\/index.php\/wp-json\/wp\/v2\/media\/114691"}],"wp:attachment":[{"href":"https:\/\/www.sport4club.be\/index.php\/wp-json\/wp\/v2\/media?parent=114690"}],"wp:term":[{"taxonomy":"product_cat","embeddable":true,"href":"https:\/\/www.sport4club.be\/index.php\/wp-json\/wp\/v2\/product_cat?post=114690"},{"taxonomy":"product_tag","embeddable":true,"href":"https:\/\/www.sport4club.be\/index.php\/wp-json\/wp\/v2\/product_tag?post=114690"}],"curies":[{"name":"wp","href":"https:\/\/api.w.org\/{rel}","templated":true}]}}