{"id":114684,"date":"2025-02-22T11:21:11","date_gmt":"2025-02-22T10:21:11","guid":{"rendered":"https:\/\/www.sport4club.be\/?post_type=product&#038;p=114684"},"modified":"2026-01-02T12:32:41","modified_gmt":"2026-01-02T11:32:41","slug":"nox-nextgen-pro-attack-3k-25","status":"publish","type":"product","link":"https:\/\/www.sport4club.be\/index.php\/product\/nox-nextgen-pro-attack-3k-25\/","title":{"rendered":"Nox Nextgen Pro Attack 3K 25"},"content":{"rendered":"<h2 data-start=\"0\" data-end=\"74\"><strong data-start=\"3\" data-end=\"72\">NextGen PRO Attack 3K &#8211; La raquette des jeunes promesses du padel<\/strong><\/h2>\n<p data-start=\"76\" data-end=\"276\">Con\u00e7ue pour les futures stars de la\u00a0<strong data-start=\"118\" data-end=\"146\">Nox Future Academy (NFA)<\/strong>, la\u00a0<strong data-start=\"151\" data-end=\"176\">NextGen PRO Attack 3K<\/strong>\u00a0est le choix parfait pour les joueurs \u00e0 la recherche de\u00a0<strong data-start=\"231\" data-end=\"273\">puissance, de pr\u00e9cision et de haute performance.<\/strong><\/p>\n<p data-start=\"278\" data-end=\"507\">Ce mod\u00e8le a \u00e9t\u00e9 choisi par de jeunes talents qui ont d\u00e9j\u00e0 commenc\u00e9 \u00e0 se distinguer sur le circuit\u00a0<strong data-start=\"365\" data-end=\"391\">Premier Padel<\/strong>, tels que\u00a0<strong data-start=\"398\" data-end=\"446\">Rama Valenzuela, Dylan Cuello et Facu Dehnike<\/strong>, qui se sont fait un nom dans leurs pays respectifs.<\/p>\n<h3 data-start=\"514\" data-end=\"574\"><strong data-start=\"518\" data-end=\"572\">Puissance et technologie pour les joueurs offensifs<\/strong><\/h3>\n<p data-start=\"576\" data-end=\"844\">La\u00a0<strong data-start=\"579\" data-end=\"604\">NextGen PRO Attack 3K<\/strong>\u00a0appartient \u00e0 la\u00a0<strong data-start=\"620\" data-end=\"633\">s\u00e9rie NFA<\/strong>, con\u00e7ue pour les joueurs ayant un style de jeu\u00a0<strong data-start=\"681\" data-end=\"704\">agressif et offensif<\/strong>. Sa construction et ses technologies avanc\u00e9es en font le meilleur alli\u00e9 pour ceux qui cherchent \u00e0\u00a0<strong data-start=\"799\" data-end=\"841\">dominer le filet et \u00e0 finir avec autorit\u00e9<\/strong>.<\/p>\n<h3 data-start=\"846\" data-end=\"913\"><strong data-start=\"850\" data-end=\"911\">Mat\u00e9riaux de haute qualit\u00e9 pour une performance maximale<\/strong><\/h3>\n<ul>\n<li data-start=\"914\" data-end=\"1065\"><strong data-start=\"916\" data-end=\"936\">Cadre en carbone<\/strong>\u00a0pour la solidit\u00e9 et la durabilit\u00e9.<\/li>\n<li data-start=\"914\" data-end=\"1065\"><strong data-start=\"979\" data-end=\"1003\">Noyau HR3 Black Eva<\/strong>\u00a0pour une sortie de balle explosive et du contr\u00f4le.<\/li>\n<\/ul>\n<h3 data-start=\"1067\" data-end=\"1116\"><strong data-start=\"1071\" data-end=\"1114\">Surface rugueuse pour plus d&#8217;effets<\/strong><\/h3>\n<ul>\n<li data-start=\"1117\" data-end=\"1274\"><strong data-start=\"1119\" data-end=\"1146\">Finition rugueuse<\/strong>\u00a0pour plus d&#8217;effets et de pr\u00e9cision.<\/li>\n<li data-start=\"1117\" data-end=\"1274\"><strong data-start=\"1202\" data-end=\"1227\">Carbone 3K sur la face<\/strong>\u00a0pour plus de force et de puissance \u00e0 chaque coup.<\/li>\n<\/ul>\n<h3 data-start=\"1276\" data-end=\"1325\"><strong data-start=\"1280\" data-end=\"1323\">Forme de diamant pour une puissance maximale<\/strong><\/h3>\n<ul>\n<li data-start=\"1326\" data-end=\"1490\"><strong data-start=\"1328\" data-end=\"1344\">Equilibre \u00e9lev\u00e9<\/strong>, parfait pour les joueurs qui recherchent de la puissance dans leurs coups.<\/li>\n<li data-start=\"1326\" data-end=\"1490\"><strong data-start=\"1408\" data-end=\"1449\">Id\u00e9ale pour dominer le jeu au filet<\/strong>, en maximisant l&#8217;impact sur chaque coup.<\/li>\n<\/ul>\n<h2 data-start=\"1497\" data-end=\"1545\"><strong data-start=\"1500\" data-end=\"1543\">La raquette des champions de demain<\/strong><\/h2>\n<p data-start=\"1547\" data-end=\"1771\">La\u00a0<strong data-start=\"1550\" data-end=\"1575\">NextGen PRO Attack 3K<\/strong>\u00a0offre des\u00a0<strong data-start=\"1583\" data-end=\"1612\">performances haut de gamme<\/strong>\u00a0\u00e0 un prix plus abordable, ce qui en fait l&#8217;outil id\u00e9al pour les joueurs qui cherchent \u00e0\u00a0<strong data-start=\"1709\" data-end=\"1744\">passer au niveau sup\u00e9rieur<\/strong>\u00a0dans le padel de comp\u00e9tition.<\/p>\n","protected":false},"excerpt":{"rendered":"<p>NextGen PRO Attack 3K &#8211; La raquette des jeunes promesses du padel Con\u00e7ue pour les futures stars de la\u00a0Nox Future Academy (NFA), la\u00a0NextGen PRO Attack 3K\u00a0est le choix parfait pour les joueurs \u00e0 la recherche de\u00a0puissance, de pr\u00e9cision et de haute performance. Ce mod\u00e8le a \u00e9t\u00e9 choisi par de jeunes talents qui ont d\u00e9j\u00e0 commenc\u00e9 [&hellip;]<\/p>\n","protected":false},"featured_media":114685,"comment_status":"open","ping_status":"closed","template":"","meta":[],"product_cat":[786,84],"product_tag":[],"_links":{"self":[{"href":"https:\/\/www.sport4club.be\/index.php\/wp-json\/wp\/v2\/product\/114684"}],"collection":[{"href":"https:\/\/www.sport4club.be\/index.php\/wp-json\/wp\/v2\/product"}],"about":[{"href":"https:\/\/www.sport4club.be\/index.php\/wp-json\/wp\/v2\/types\/product"}],"replies":[{"embeddable":true,"href":"https:\/\/www.sport4club.be\/index.php\/wp-json\/wp\/v2\/comments?post=114684"}],"wp:featuredmedia":[{"embeddable":true,"href":"https:\/\/www.sport4club.be\/index.php\/wp-json\/wp\/v2\/media\/114685"}],"wp:attachment":[{"href":"https:\/\/www.sport4club.be\/index.php\/wp-json\/wp\/v2\/media?parent=114684"}],"wp:term":[{"taxonomy":"product_cat","embeddable":true,"href":"https:\/\/www.sport4club.be\/index.php\/wp-json\/wp\/v2\/product_cat?post=114684"},{"taxonomy":"product_tag","embeddable":true,"href":"https:\/\/www.sport4club.be\/index.php\/wp-json\/wp\/v2\/product_tag?post=114684"}],"curies":[{"name":"wp","href":"https:\/\/api.w.org\/{rel}","templated":true}]}}