{"id":114672,"date":"2025-02-22T10:49:26","date_gmt":"2025-02-22T09:49:26","guid":{"rendered":"https:\/\/www.sport4club.be\/?post_type=product&#038;p=114672"},"modified":"2025-11-29T09:53:58","modified_gmt":"2025-11-29T08:53:58","slug":"nox-future-hybrid-12k-alum-25","status":"publish","type":"product","link":"https:\/\/www.sport4club.be\/index.php\/product\/nox-future-hybrid-12k-alum-25\/","title":{"rendered":"Nox Future Hybrid 12K Alum 25"},"content":{"rendered":"<h2 data-end=\"238\" data-start=\"157\">\u00a0<strong data-end=\"236\" data-start=\"160\">Future Hybrid 12K Alum &#8211; Polyvalence et \u00e9quilibre pour dominer le jeu<\/strong><\/h2>\n<p data-end=\"663\" data-start=\"302\">Au padel, la capacit\u00e9 d&#8217;adaptation fait toute la diff\u00e9rence. La\u00a0<strong data-end=\"391\" data-start=\"365\">Future Hybrid 12K Alum<\/strong>\u00a0a \u00e9t\u00e9 con\u00e7ue pour les joueurs polyvalents de la\u00a0<strong data-end=\"481\" data-start=\"453\">Nox Future Academy (NFA)<\/strong>, o\u00f9 s&#8217;entra\u00eenent les jeunes joueurs prometteurs et les futurs num\u00e9ros un du circuit professionnel.\u00a0<strong data-end=\"661\" data-start=\"567\">Si vous savez quand d\u00e9fendre avec pr\u00e9cision et quand attaquer avec d\u00e9cision, cette raquette est faite pour vous.<\/strong><\/p>\n<h3 data-end=\"719\" data-start=\"665\"><strong data-end=\"717\" data-start=\"669\">Equilibre parfait entre puissance et contr\u00f4le<\/strong><\/h3>\n<ul data-end=\"1052\" data-start=\"721\">\n<li data-end=\"810\" data-start=\"721\"><strong data-end=\"740\" data-start=\"723\">Forme en goutte d&#8217;eau<\/strong>, id\u00e9ale pour les joueurs qui recherchent un \u00e9quilibre entre l&#8217;attaque et la d\u00e9fense.<\/li>\n<li data-end=\"918\" data-start=\"811\"><strong data-end=\"860\" data-start=\"813\">Transitions douces entre la d\u00e9fense et l&#8217;attaque<\/strong>, permettant de s&#8217;adapter \u00e0 toutes les situations.<\/li>\n<li data-end=\"1052\" data-start=\"919\"><strong data-end=\"972\" data-start=\"921\">Construction du cadre en carbone avec noyau EV50<\/strong>, garantissant une sortie de balle explosive avec une r\u00e9ponse ferme et stable.<\/li>\n<\/ul>\n<h3 data-end=\"1107\" data-start=\"1054\"><strong data-end=\"1105\" data-start=\"1058\">Technologie avanc\u00e9e pour une efficacit\u00e9 maximale<\/strong><\/h3>\n<ul data-end=\"1418\" data-start=\"1109\">\n<li data-end=\"1197\" data-start=\"1109\"><strong data-end=\"1138\" data-start=\"1111\">Face en carbone alum 12K<\/strong>, optimisant la frappe et assurant un contr\u00f4le de la puissance.<\/li>\n<li data-end=\"1300\" data-start=\"1198\"><strong data-end=\"1242\" data-start=\"1200\">Surface rugueuse SPIN 3D<\/strong>, permettant de g\u00e9n\u00e9rer des effets facilement et avec pr\u00e9cision.<\/li>\n<\/ul>\n<h3 data-end=\"1477\" data-start=\"1420\"><strong data-end=\"1475\" data-start=\"1424\">Jouez sans limites, dominez chaque phase du jeu.<\/strong><\/h3>\n<p data-end=\"1679\" data-start=\"1479\">Avec une\u00a0<strong data-end=\"1522\" data-start=\"1483\">grande puissance et un contr\u00f4le exceptionnel<\/strong>, la\u00a0<strong data-end=\"1553\" data-start=\"1527\">Future Hybrid 12K Alum<\/strong>\u00a0est la raquette id\u00e9ale pour ceux qui recherchent la\u00a0<strong data-end=\"1642\" data-start=\"1596\">performance dans toutes les facettes du jeu<\/strong>, sans renoncer \u00e0 aucune d&#8217;entre elles.<\/p>\n<p>&nbsp;<\/p>\n","protected":false},"excerpt":{"rendered":"<p>\u00a0Future Hybrid 12K Alum &#8211; Polyvalence et \u00e9quilibre pour dominer le jeu Au padel, la capacit\u00e9 d&#8217;adaptation fait toute la diff\u00e9rence. La\u00a0Future Hybrid 12K Alum\u00a0a \u00e9t\u00e9 con\u00e7ue pour les joueurs polyvalents de la\u00a0Nox Future Academy (NFA), o\u00f9 s&#8217;entra\u00eenent les jeunes joueurs prometteurs et les futurs num\u00e9ros un du circuit professionnel.\u00a0Si vous savez quand d\u00e9fendre avec [&hellip;]<\/p>\n","protected":false},"featured_media":114673,"comment_status":"open","ping_status":"closed","template":"","meta":[],"product_cat":[84],"product_tag":[],"_links":{"self":[{"href":"https:\/\/www.sport4club.be\/index.php\/wp-json\/wp\/v2\/product\/114672"}],"collection":[{"href":"https:\/\/www.sport4club.be\/index.php\/wp-json\/wp\/v2\/product"}],"about":[{"href":"https:\/\/www.sport4club.be\/index.php\/wp-json\/wp\/v2\/types\/product"}],"replies":[{"embeddable":true,"href":"https:\/\/www.sport4club.be\/index.php\/wp-json\/wp\/v2\/comments?post=114672"}],"wp:featuredmedia":[{"embeddable":true,"href":"https:\/\/www.sport4club.be\/index.php\/wp-json\/wp\/v2\/media\/114673"}],"wp:attachment":[{"href":"https:\/\/www.sport4club.be\/index.php\/wp-json\/wp\/v2\/media?parent=114672"}],"wp:term":[{"taxonomy":"product_cat","embeddable":true,"href":"https:\/\/www.sport4club.be\/index.php\/wp-json\/wp\/v2\/product_cat?post=114672"},{"taxonomy":"product_tag","embeddable":true,"href":"https:\/\/www.sport4club.be\/index.php\/wp-json\/wp\/v2\/product_tag?post=114672"}],"curies":[{"name":"wp","href":"https:\/\/api.w.org\/{rel}","templated":true}]}}