{"id":114639,"date":"2025-02-18T16:16:28","date_gmt":"2025-02-18T15:16:28","guid":{"rendered":"https:\/\/www.sport4club.be\/?post_type=product&#038;p=114639"},"modified":"2025-02-18T16:16:28","modified_gmt":"2025-02-18T15:16:28","slug":"nox-softshell-team-red","status":"publish","type":"product","link":"https:\/\/www.sport4club.be\/index.php\/product\/nox-softshell-team-red\/","title":{"rendered":"Nox Softshell Team Red"},"content":{"rendered":"<h2>\u00a0 \u00a0 \u00a0 \u00a0 \u00a0 \u00a0 \u00a0 \u00a0 \u00a0 \u00a0 !! Bient\u00f4t disponible !!<\/h2>\n<h2><strong>NOX Team Softshell Jacket Red : Protection et confort par tous les temps<\/strong><\/h2>\n<p>La\u00a0<strong>veste softshell NOX Team pour homme,\u00a0<\/strong>d&#8217;un rouge \u00e9l\u00e9gant, a \u00e9t\u00e9 con\u00e7ue pour offrir des<strong>performances maximales par tous les temps<\/strong>. Fabriqu\u00e9e avec des\u00a0<strong>mat\u00e9riaux techniques de haute qualit\u00e9<\/strong>, elle offre une combinaison parfaite de\u00a0<strong>l\u00e9g\u00e8ret\u00e9, de respirabilit\u00e9 et de r\u00e9sistance au vent<\/strong>, garantissant confort et protection lors de chaque entra\u00eenement ou comp\u00e9tition.<\/p>\n<h3><strong>Conception ergonomique pour une libert\u00e9 de mouvement maximale<\/strong><\/h3>\n<p>Gr\u00e2ce \u00e0 sa\u00a0<strong>coupe ergonomique<\/strong>, cette veste s&#8217;adapte au corps sans limiter la mobilit\u00e9, permettant une totale libert\u00e9 de mouvement sur et en dehors de la piste.<\/p>\n<h3><strong>Mat\u00e9riaux techniques performants<\/strong><\/h3>\n<ul>\n<li><strong>L\u00e9g\u00e8ret\u00e9 et respirabilit\u00e9<\/strong>\u00a0pour un confort tout au long de la journ\u00e9e.<\/li>\n<li><strong>Coupe-vent<\/strong>, id\u00e9al pour les entra\u00eenements en ext\u00e9rieur.<\/li>\n<li><strong>Couleur rouge vif<\/strong>, id\u00e9ale pour un style sportif et accrocheur.<\/li>\n<\/ul>\n<p>Dominez toutes les conditions m\u00e9t\u00e9orologiques avec la\u00a0<strong>veste softshell NOX Team Red\u00a0<\/strong>et profitez des meilleures performances \u00e0 chaque match.<\/p>\n","protected":false},"excerpt":{"rendered":"<p>\u00a0 \u00a0 \u00a0 \u00a0 \u00a0 \u00a0 \u00a0 \u00a0 \u00a0 \u00a0 !! Bient\u00f4t disponible !! NOX Team Softshell Jacket Red : Protection et confort par tous les temps La\u00a0veste softshell NOX Team pour homme,\u00a0d&#8217;un rouge \u00e9l\u00e9gant, a \u00e9t\u00e9 con\u00e7ue pour offrir desperformances maximales par tous les temps. Fabriqu\u00e9e avec des\u00a0mat\u00e9riaux techniques de haute qualit\u00e9, elle offre [&hellip;]<\/p>\n","protected":false},"featured_media":114640,"comment_status":"open","ping_status":"closed","template":"","meta":[],"product_cat":[85],"product_tag":[],"_links":{"self":[{"href":"https:\/\/www.sport4club.be\/index.php\/wp-json\/wp\/v2\/product\/114639"}],"collection":[{"href":"https:\/\/www.sport4club.be\/index.php\/wp-json\/wp\/v2\/product"}],"about":[{"href":"https:\/\/www.sport4club.be\/index.php\/wp-json\/wp\/v2\/types\/product"}],"replies":[{"embeddable":true,"href":"https:\/\/www.sport4club.be\/index.php\/wp-json\/wp\/v2\/comments?post=114639"}],"wp:featuredmedia":[{"embeddable":true,"href":"https:\/\/www.sport4club.be\/index.php\/wp-json\/wp\/v2\/media\/114640"}],"wp:attachment":[{"href":"https:\/\/www.sport4club.be\/index.php\/wp-json\/wp\/v2\/media?parent=114639"}],"wp:term":[{"taxonomy":"product_cat","embeddable":true,"href":"https:\/\/www.sport4club.be\/index.php\/wp-json\/wp\/v2\/product_cat?post=114639"},{"taxonomy":"product_tag","embeddable":true,"href":"https:\/\/www.sport4club.be\/index.php\/wp-json\/wp\/v2\/product_tag?post=114639"}],"curies":[{"name":"wp","href":"https:\/\/api.w.org\/{rel}","templated":true}]}}