{"id":11461,"date":"2018-12-15T08:06:23","date_gmt":"2018-12-15T07:06:23","guid":{"rendered":"https:\/\/www.sport4club.be\/?post_type=product&#038;p=11461"},"modified":"2020-03-15T16:16:10","modified_gmt":"2020-03-15T15:16:10","slug":"babolat-core-club-polo-garcons","status":"publish","type":"product","link":"https:\/\/www.sport4club.be\/index.php\/product\/babolat-core-club-polo-garcons\/","title":{"rendered":"Babolat Core Club polo Gar\u00e7ons"},"content":{"rendered":"<h4 class=\"fs16 none fbold color3\"><em>LE CLASSIQUE DU POLO, ALLI\u00c9 AU CONFORT DU T-SHIRT DE SPORT.<\/em><\/h4>\n<div class=\"grid_12 omega\">\n<em>Polo de tennis en mailles piqu\u00e9es. <\/em><\/div>\n<div class=\"grid_12 omega\"><em>Gr\u00e2ce \u00e0 son design et sa technologie Fiberdry permettant une \u00e9vacuation acc\u00e9l\u00e9r\u00e9e de la transpiration ce produit peut \u00eatre utilis\u00e9 en toutes circonstances.<\/em><br \/>\n<em>Existe en adulte et en junior<\/em><\/div>\n","protected":false},"excerpt":{"rendered":"<p>LE CLASSIQUE DU POLO, ALLI\u00c9 AU CONFORT DU T-SHIRT DE SPORT. Polo de tennis en mailles piqu\u00e9es. Gr\u00e2ce \u00e0 son design et sa technologie Fiberdry permettant une \u00e9vacuation acc\u00e9l\u00e9r\u00e9e de la transpiration ce produit peut \u00eatre utilis\u00e9 en toutes circonstances. Existe en adulte et en junior<\/p>\n","protected":false},"featured_media":11462,"comment_status":"open","ping_status":"closed","template":"","meta":[],"product_cat":[483],"product_tag":[],"_links":{"self":[{"href":"https:\/\/www.sport4club.be\/index.php\/wp-json\/wp\/v2\/product\/11461"}],"collection":[{"href":"https:\/\/www.sport4club.be\/index.php\/wp-json\/wp\/v2\/product"}],"about":[{"href":"https:\/\/www.sport4club.be\/index.php\/wp-json\/wp\/v2\/types\/product"}],"replies":[{"embeddable":true,"href":"https:\/\/www.sport4club.be\/index.php\/wp-json\/wp\/v2\/comments?post=11461"}],"wp:featuredmedia":[{"embeddable":true,"href":"https:\/\/www.sport4club.be\/index.php\/wp-json\/wp\/v2\/media\/11462"}],"wp:attachment":[{"href":"https:\/\/www.sport4club.be\/index.php\/wp-json\/wp\/v2\/media?parent=11461"}],"wp:term":[{"taxonomy":"product_cat","embeddable":true,"href":"https:\/\/www.sport4club.be\/index.php\/wp-json\/wp\/v2\/product_cat?post=11461"},{"taxonomy":"product_tag","embeddable":true,"href":"https:\/\/www.sport4club.be\/index.php\/wp-json\/wp\/v2\/product_tag?post=11461"}],"curies":[{"name":"wp","href":"https:\/\/api.w.org\/{rel}","templated":true}]}}