{"id":114608,"date":"2025-02-18T15:56:16","date_gmt":"2025-02-18T14:56:16","guid":{"rendered":"https:\/\/www.sport4club.be\/?post_type=product&#038;p=114608"},"modified":"2025-12-22T10:42:44","modified_gmt":"2025-12-22T09:42:44","slug":"nox-padded-jacket-team","status":"publish","type":"product","link":"https:\/\/www.sport4club.be\/index.php\/product\/nox-padded-jacket-team\/","title":{"rendered":"Nox Padded Jacket Team"},"content":{"rendered":"<h2><strong>NOX Team Black Quilted Jacket : Style et chaleur pour le temps froid<\/strong><\/h2>\n<p>La\u00a0<strong>nouvelle veste matelass\u00e9e NOX Team Black Men&#8217;s Quilted Jacket<\/strong>\u00a0allie\u00a0<strong>design, confort et protection thermique<\/strong>\u00a0pour vous garder au chaud les jours les plus froids. Fabriqu\u00e9e \u00e0 partir de\u00a0<strong>mat\u00e9riaux de haute qualit\u00e9<\/strong>, elle offre une excellente\u00a0<strong>isolation sans ajouter de poids inutile<\/strong>, ce qui en fait le v\u00eatement id\u00e9al pour l&#8217;entra\u00eenement, les matchs et l&#8217;utilisation quotidienne.<\/p>\n<h3><strong>Isolation thermique sans compromis sur la mobilit\u00e9<\/strong><\/h3>\n<p>Gr\u00e2ce \u00e0 sa l\u00e9g\u00e8ret\u00e9 et \u00e0 sa conception ergonomique, cette veste offre\u00a0<strong>chaleur et confort sans entraver les mouvements<\/strong>, ce qui vous permet de garder le rythme sur le terrain ou dans la vie de tous les jours.<\/p>\n<h3><strong>D\u00e9tails fonctionnels pour une utilisation polyvalente<\/strong><\/h3>\n<ul>\n<li><strong>Poches zipp\u00e9es<\/strong>, id\u00e9ales pour ranger les petits objets en toute s\u00e9curit\u00e9.<\/li>\n<li><strong>Conception moderne et polyvalente<\/strong>, parfaite sur et en dehors de la piste.<\/li>\n<li><strong>Coupe ergonomique<\/strong>, assurant un ajustement confortable et une grande libert\u00e9 de mouvement.<\/li>\n<\/ul>\n<p>Affrontez le froid avec style et confort gr\u00e2ce \u00e0 la\u00a0<strong>veste matelass\u00e9e NOX Team Black<\/strong>, le choix id\u00e9al pour les joueurs \u00e0 la recherche de performance et de design dans un seul v\u00eatement.<\/p>\n","protected":false},"excerpt":{"rendered":"<p>NOX Team Black Quilted Jacket : Style et chaleur pour le temps froid La\u00a0nouvelle veste matelass\u00e9e NOX Team Black Men&#8217;s Quilted Jacket\u00a0allie\u00a0design, confort et protection thermique\u00a0pour vous garder au chaud les jours les plus froids. Fabriqu\u00e9e \u00e0 partir de\u00a0mat\u00e9riaux de haute qualit\u00e9, elle offre une excellente\u00a0isolation sans ajouter de poids inutile, ce qui en fait [&hellip;]<\/p>\n","protected":false},"featured_media":114609,"comment_status":"open","ping_status":"closed","template":"","meta":[],"product_cat":[85],"product_tag":[],"_links":{"self":[{"href":"https:\/\/www.sport4club.be\/index.php\/wp-json\/wp\/v2\/product\/114608"}],"collection":[{"href":"https:\/\/www.sport4club.be\/index.php\/wp-json\/wp\/v2\/product"}],"about":[{"href":"https:\/\/www.sport4club.be\/index.php\/wp-json\/wp\/v2\/types\/product"}],"replies":[{"embeddable":true,"href":"https:\/\/www.sport4club.be\/index.php\/wp-json\/wp\/v2\/comments?post=114608"}],"wp:featuredmedia":[{"embeddable":true,"href":"https:\/\/www.sport4club.be\/index.php\/wp-json\/wp\/v2\/media\/114609"}],"wp:attachment":[{"href":"https:\/\/www.sport4club.be\/index.php\/wp-json\/wp\/v2\/media?parent=114608"}],"wp:term":[{"taxonomy":"product_cat","embeddable":true,"href":"https:\/\/www.sport4club.be\/index.php\/wp-json\/wp\/v2\/product_cat?post=114608"},{"taxonomy":"product_tag","embeddable":true,"href":"https:\/\/www.sport4club.be\/index.php\/wp-json\/wp\/v2\/product_tag?post=114608"}],"curies":[{"name":"wp","href":"https:\/\/api.w.org\/{rel}","templated":true}]}}