{"id":114594,"date":"2025-02-13T12:56:50","date_gmt":"2025-02-13T11:56:50","guid":{"rendered":"https:\/\/www.sport4club.be\/?post_type=product&#038;p=114594"},"modified":"2026-01-02T13:42:24","modified_gmt":"2026-01-02T12:42:24","slug":"nox-pack-at10-genius-limited-edition-25","status":"publish","type":"product","link":"https:\/\/www.sport4club.be\/index.php\/product\/nox-pack-at10-genius-limited-edition-25\/","title":{"rendered":"Nox Pack AT10 Genius Limited Edition 25"},"content":{"rendered":"<p>D\u00e9couvrez le pack impressionnant\u00a0<strong>AT10 Genius LTD Edition 2025<\/strong>Le joyau de la couronne de la collection de raquette NOX 2025 ! Ce pack exclusif est limit\u00e9 \u00e0 seulement\u00a0<strong>8 000 unit\u00e9s<\/strong>\u00a0est un tr\u00e9sor que vous ne voudrez pas laisser passer.<\/p>\n<h2 style=\"font-weight: 600;\">D\u00e9couvrez ce que contient le set le plus avanc\u00e9 de NOX<\/h2>\n<ul style=\"font-weight: 400;\">\n<li><b><strong style=\"font-style: inherit;\">Raquette AT10 Genius LTD Edition 2025<\/strong><\/b>\u00a0: C\u2019est la plus innovante du march\u00e9, d\u00e9velopp\u00e9e avec un nouveau moule qui combine du\u00a0<b><strong style=\"font-style: inherit;\">Carbone 18K<\/strong><\/b>\u00a0et de la gomme multicouche\u00a0<b><strong style=\"font-style: inherit;\">MLD Black EVA<\/strong><\/b>\u00a0avec une densit\u00e9 diff\u00e9rente sur chaque face. Cette configuration unique offre une sensation de frappe dure sur une face et interm\u00e9diaire sur l\u2019autre, en faisant la raquette parfaite pour maximiser vos performances sur le court.<\/li>\n<li><b><strong style=\"font-style: inherit;\">Technologie\u00a0<\/strong><\/b><b><strong style=\"font-style: inherit;\">Innovante\u00a0<\/strong><\/b>: DUAL DENSITY CORE.\u00a0Profitez de la combinaison parfaite entre une sensation de frappe dure, id\u00e9ale pour g\u00e9n\u00e9rer de la puissance dans les smashs, et une sensation interm\u00e9diaire, parfaite pour les revers et les coups n\u00e9cessitant une meilleure sortie de balle. Cette technologie avanc\u00e9e vous offre un contr\u00f4le exceptionnel et une puissance in\u00e9gal\u00e9e \u00e0 chaque coup.<\/li>\n<li><b><strong style=\"font-style: inherit;\">Nouveau capuchon octogonal<\/strong><\/b>\u00a0: Con\u00e7u pour am\u00e9liorer la prise, quel que soit le type d\u2019emprise que vous utilisez.<\/li>\n<li><b><strong style=\"font-style: inherit;\">Grip Am\u00e9lior\u00e9<\/strong><\/b>\u00a0: Notre technologie brevet\u00e9e\u00a0<b><strong style=\"font-style: inherit;\">NOX Custom Grip\u00ae<\/strong><\/b>, certifi\u00e9e par Testea Padel, am\u00e9liore la prise et r\u00e9duit les vibrations, permettant une personnalisation totale selon les dimensions de votre main.<\/li>\n<li><b><strong style=\"font-style: inherit;\">Accessoires Exclusifs<\/strong><\/b>\u00a0:\n<ul style=\"font-style: inherit; font-weight: inherit;\">\n<li>Deux \u00e9l\u00e9gants poignets noirs NOX avec le logo en argent.<\/li>\n<li>Deux overgrips et deux\u00a0<b><strong style=\"font-style: inherit;\">Smartstrap\u00ae<\/strong><\/b>\u00a0au design exclusif, pour que vous puissiez personnaliser votre raquette selon vos go\u00fbts.<\/li>\n<li>Un porte-cl\u00e9s r\u00e9plique de la raquette\u00a0<b><strong style=\"font-style: inherit;\">AT10 Genius LTD Edition 2025<\/strong><\/b>, con\u00e7u exclusivement pour ce pack.<\/li>\n<\/ul>\n<\/li>\n<\/ul>\n","protected":false},"excerpt":{"rendered":"<p>D\u00e9couvrez le pack impressionnant\u00a0AT10 Genius LTD Edition 2025Le joyau de la couronne de la collection de raquette NOX 2025 ! Ce pack exclusif est limit\u00e9 \u00e0 seulement\u00a08 000 unit\u00e9s\u00a0est un tr\u00e9sor que vous ne voudrez pas laisser passer. D\u00e9couvrez ce que contient le set le plus avanc\u00e9 de NOX Raquette AT10 Genius LTD Edition 2025\u00a0: [&hellip;]<\/p>\n","protected":false},"featured_media":114596,"comment_status":"open","ping_status":"closed","template":"","meta":[],"product_cat":[786,84],"product_tag":[],"_links":{"self":[{"href":"https:\/\/www.sport4club.be\/index.php\/wp-json\/wp\/v2\/product\/114594"}],"collection":[{"href":"https:\/\/www.sport4club.be\/index.php\/wp-json\/wp\/v2\/product"}],"about":[{"href":"https:\/\/www.sport4club.be\/index.php\/wp-json\/wp\/v2\/types\/product"}],"replies":[{"embeddable":true,"href":"https:\/\/www.sport4club.be\/index.php\/wp-json\/wp\/v2\/comments?post=114594"}],"wp:featuredmedia":[{"embeddable":true,"href":"https:\/\/www.sport4club.be\/index.php\/wp-json\/wp\/v2\/media\/114596"}],"wp:attachment":[{"href":"https:\/\/www.sport4club.be\/index.php\/wp-json\/wp\/v2\/media?parent=114594"}],"wp:term":[{"taxonomy":"product_cat","embeddable":true,"href":"https:\/\/www.sport4club.be\/index.php\/wp-json\/wp\/v2\/product_cat?post=114594"},{"taxonomy":"product_tag","embeddable":true,"href":"https:\/\/www.sport4club.be\/index.php\/wp-json\/wp\/v2\/product_tag?post=114594"}],"curies":[{"name":"wp","href":"https:\/\/api.w.org\/{rel}","templated":true}]}}