{"id":114391,"date":"2024-12-29T10:56:00","date_gmt":"2024-12-29T09:56:00","guid":{"rendered":"https:\/\/www.sport4club.be\/?post_type=product&#038;p=114391"},"modified":"2025-03-27T08:12:58","modified_gmt":"2025-03-27T07:12:58","slug":"nox-pro-evo-25","status":"publish","type":"product","link":"https:\/\/www.sport4club.be\/index.php\/product\/nox-pro-evo-25\/","title":{"rendered":"Nox Pro Evo 25"},"content":{"rendered":"<p>Pr\u00e9sentation de la raquette de pickleball Pro Evo pour la saison 2025, con\u00e7ue pour les joueurs \u00e0 la recherche d&#8217;un maximum de contr\u00f4le sans perdre en puissance.<\/p>\n<p>La raquette Pickleball Pro Evo 2025 est con\u00e7ue pour les joueurs recherchant l&#8217;\u00e9quilibre parfait entre contr\u00f4le et puissance. Gr\u00e2ce \u00e0 la combinaison de la fibre de carbone 3K et de l&#8217;Ultra Power Core, cette raquette offre une sensation de confort, de solidit\u00e9 et de pr\u00e9cision \u00e0 chaque coup.<\/p>\n<p><strong>Structure renforc\u00e9e et durabilit\u00e9<\/strong><br \/>\nLe cadre en carbone renforce la rigidit\u00e9 et la durabilit\u00e9 de la raquette, assurant sa r\u00e9sistance lors d&#8217;une utilisation prolong\u00e9e. Id\u00e9ale pour les joueurs les plus exigeants \u00e0 la recherche d&#8217;une raquette durable.<\/p>\n<p><strong>Technologie Exclusive Spin<\/strong><br \/>\nNotre technologie Exclusive Spin appliqu\u00e9e aux faces de la raquette permet d&#8217;obtenir des effets, un contr\u00f4le et une pr\u00e9cision in\u00e9gal\u00e9s, en conformit\u00e9 avec les r\u00e9glementations du Pickleball aux USA.<\/p>\n<p><strong>Maniabilit\u00e9 optimale avec Airflow Dynamics<\/strong><br \/>\nLa technologie Airflow Dynamics, pr\u00e9sente dans le noyau, am\u00e9liore la maniabilit\u00e9, facilitant les mouvements rapides et pr\u00e9cis. Cette caract\u00e9ristique est essentielle pour les joueurs qui recherchent plus d&#8217;agilit\u00e9 dans leur jeu.<\/p>\n<p><strong>Poign\u00e9e NOX Custom Grip<\/strong><br \/>\nLe NOX Custom Grip offre une connexion parfaite entre le joueur et la raquette, am\u00e9liorant l&#8217;adh\u00e9rence et r\u00e9duisant les vibrations, ce qui offre un plus grand confort et un meilleur contr\u00f4le lors des matchs les plus intenses.<\/p>\n<p style=\"text-align: center;\"><strong>Approuv\u00e9 par l&#8217;USAP<\/strong><\/p>\n","protected":false},"excerpt":{"rendered":"<p>Pr\u00e9sentation de la raquette de pickleball Pro Evo pour la saison 2025, con\u00e7ue pour les joueurs \u00e0 la recherche d&#8217;un maximum de contr\u00f4le sans perdre en puissance. La raquette Pickleball Pro Evo 2025 est con\u00e7ue pour les joueurs recherchant l&#8217;\u00e9quilibre parfait entre contr\u00f4le et puissance. Gr\u00e2ce \u00e0 la combinaison de la fibre de carbone 3K [&hellip;]<\/p>\n","protected":false},"featured_media":114392,"comment_status":"open","ping_status":"closed","template":"","meta":[],"product_cat":[935],"product_tag":[],"_links":{"self":[{"href":"https:\/\/www.sport4club.be\/index.php\/wp-json\/wp\/v2\/product\/114391"}],"collection":[{"href":"https:\/\/www.sport4club.be\/index.php\/wp-json\/wp\/v2\/product"}],"about":[{"href":"https:\/\/www.sport4club.be\/index.php\/wp-json\/wp\/v2\/types\/product"}],"replies":[{"embeddable":true,"href":"https:\/\/www.sport4club.be\/index.php\/wp-json\/wp\/v2\/comments?post=114391"}],"wp:featuredmedia":[{"embeddable":true,"href":"https:\/\/www.sport4club.be\/index.php\/wp-json\/wp\/v2\/media\/114392"}],"wp:attachment":[{"href":"https:\/\/www.sport4club.be\/index.php\/wp-json\/wp\/v2\/media?parent=114391"}],"wp:term":[{"taxonomy":"product_cat","embeddable":true,"href":"https:\/\/www.sport4club.be\/index.php\/wp-json\/wp\/v2\/product_cat?post=114391"},{"taxonomy":"product_tag","embeddable":true,"href":"https:\/\/www.sport4club.be\/index.php\/wp-json\/wp\/v2\/product_tag?post=114391"}],"curies":[{"name":"wp","href":"https:\/\/api.w.org\/{rel}","templated":true}]}}