{"id":114379,"date":"2024-12-29T10:09:48","date_gmt":"2024-12-29T09:09:48","guid":{"rendered":"https:\/\/www.sport4club.be\/?post_type=product&#038;p=114379"},"modified":"2025-03-27T08:13:45","modified_gmt":"2025-03-27T07:13:45","slug":"nox-pro-shot-25","status":"publish","type":"product","link":"https:\/\/www.sport4club.be\/index.php\/product\/nox-pro-shot-25\/","title":{"rendered":"Nox Pro Shot 25"},"content":{"rendered":"<p>Pr\u00e9sentation de la raquette de pickleball Pro Shot pour la saison 2025, con\u00e7ue pour les joueurs \u00e0 la recherche de la meilleure combinaison de puissance et de contr\u00f4le.<\/p>\n<p>La raquette Pickleball Pro Shot 2025 est con\u00e7ue pour les joueurs \u00e0 la recherche d&#8217;un \u00e9quilibre parfait entre puissance et contr\u00f4le. Avec une construction en fibre de carbone 12K combin\u00e9e au noyau Enhanced Comfort, cette raquette offre une sensation de confort, de pr\u00e9cision et d&#8217;\u00e9quilibre \u00e0 chaque coup.<\/p>\n<p><strong>Structure renforc\u00e9e et durabilit\u00e9<\/strong><br \/>\nLe cadre en carbone am\u00e9liore la rigidit\u00e9 et la durabilit\u00e9, garantissant une raquette solide pour un usage intensif. Cette structure est id\u00e9ale pour les joueurs qui recherchent des performances \u00e0 long terme.<\/p>\n<p><strong>Technologie Exclusive Spin<\/strong><br \/>\nNotre technologie Exclusive Spin, appliqu\u00e9e sur les faces de la raquette, permet d&#8217;obtenir des effets, un contr\u00f4le et une pr\u00e9cision in\u00e9gal\u00e9s, r\u00e9pondant aux normes approuv\u00e9es par l&#8217;USA Pickleball.<\/p>\n<p><strong>Maniabilit\u00e9 optimale avec Airflow Dynamics<\/strong><br \/>\nLa technologie Airflow Dynamics int\u00e9gr\u00e9e dans le noyau optimise la maniabilit\u00e9, permettant des mouvements rapides et pr\u00e9cis avec facilit\u00e9. Id\u00e9al pour les joueurs qui ont besoin d&#8217;agilit\u00e9 dans leur jeu.<\/p>\n<p><strong>Poign\u00e9e NOX Custom Grip<\/strong><br \/>\nLe NOX Custom Grip offre une connexion parfaite entre le joueur et la raquette, am\u00e9liorant l&#8217;adh\u00e9rence et r\u00e9duisant les vibrations, ce qui offre un plus grand confort et un meilleur contr\u00f4le lors des matchs les plus intenses.<\/p>\n<p style=\"text-align: center;\"><strong>Approuv\u00e9 par l&#8217;USAP<\/strong><\/p>\n<p>&nbsp;<\/p>\n","protected":false},"excerpt":{"rendered":"<p>Pr\u00e9sentation de la raquette de pickleball Pro Shot pour la saison 2025, con\u00e7ue pour les joueurs \u00e0 la recherche de la meilleure combinaison de puissance et de contr\u00f4le. La raquette Pickleball Pro Shot 2025 est con\u00e7ue pour les joueurs \u00e0 la recherche d&#8217;un \u00e9quilibre parfait entre puissance et contr\u00f4le. Avec une construction en fibre de [&hellip;]<\/p>\n","protected":false},"featured_media":114380,"comment_status":"open","ping_status":"closed","template":"","meta":[],"product_cat":[935],"product_tag":[],"_links":{"self":[{"href":"https:\/\/www.sport4club.be\/index.php\/wp-json\/wp\/v2\/product\/114379"}],"collection":[{"href":"https:\/\/www.sport4club.be\/index.php\/wp-json\/wp\/v2\/product"}],"about":[{"href":"https:\/\/www.sport4club.be\/index.php\/wp-json\/wp\/v2\/types\/product"}],"replies":[{"embeddable":true,"href":"https:\/\/www.sport4club.be\/index.php\/wp-json\/wp\/v2\/comments?post=114379"}],"wp:featuredmedia":[{"embeddable":true,"href":"https:\/\/www.sport4club.be\/index.php\/wp-json\/wp\/v2\/media\/114380"}],"wp:attachment":[{"href":"https:\/\/www.sport4club.be\/index.php\/wp-json\/wp\/v2\/media?parent=114379"}],"wp:term":[{"taxonomy":"product_cat","embeddable":true,"href":"https:\/\/www.sport4club.be\/index.php\/wp-json\/wp\/v2\/product_cat?post=114379"},{"taxonomy":"product_tag","embeddable":true,"href":"https:\/\/www.sport4club.be\/index.php\/wp-json\/wp\/v2\/product_tag?post=114379"}],"curies":[{"name":"wp","href":"https:\/\/api.w.org\/{rel}","templated":true}]}}