{"id":114374,"date":"2024-12-29T09:54:03","date_gmt":"2024-12-29T08:54:03","guid":{"rendered":"https:\/\/www.sport4club.be\/?post_type=product&#038;p=114374"},"modified":"2025-03-27T08:12:14","modified_gmt":"2025-03-27T07:12:14","slug":"luxury-nerbo-25","status":"publish","type":"product","link":"https:\/\/www.sport4club.be\/index.php\/product\/luxury-nerbo-25\/","title":{"rendered":"Nox Luxury Nerbo 25"},"content":{"rendered":"<p>Voici la raquette de pickleball Luxury Nerbo pour la saison 2025, con\u00e7ue pour les joueurs qui recherchent un maximum d&#8217;agressivit\u00e9 dans leurs coups d&#8217;attaque.<\/p>\n<p>La raquette de pickleball NERBO combine la fibre de carbone alumin\u00e9e 18K avec le noyau exclusif Ultra Power Core, offrant une exp\u00e9rience de frappe confortable, solide et ferme. La fibre de carbone alumin\u00e9e am\u00e9liore la r\u00e9sistance aux changements de temp\u00e9rature, garantissant des performances optimales dans toutes les conditions m\u00e9t\u00e9orologiques.<\/p>\n<p><strong>Durabilit\u00e9 et solidit\u00e9 accrues gr\u00e2ce au cadre en carbone<\/strong><br \/>\nLe cadre en carbone renforce la rigidit\u00e9 et la durabilit\u00e9 de la raquette, garantissant sa forme et sa solidit\u00e9 m\u00eame apr\u00e8s une utilisation intensive. Id\u00e9al pour les joueurs \u00e0 la recherche d&#8217;une raquette qui conserve sa qualit\u00e9 au fil du temps.<\/p>\n<p><strong>Technologie Exclusive Spin<\/strong><br \/>\nNotre technologie Exclusive Spin, appliqu\u00e9e sur les faces de la raquette, permet d&#8217;obtenir des effets, un contr\u00f4le et une pr\u00e9cision in\u00e9gal\u00e9s, r\u00e9pondant aux normes approuv\u00e9es par USA Pickleball.<\/p>\n<p><strong>Manipulation optimale avec Airflow Dynamics<\/strong><br \/>\nLa technologie Airflow Dynamics, int\u00e9gr\u00e9e dans le noyau, am\u00e9liore la maniabilit\u00e9 de la raquette, facilitant les mouvements rapides et pr\u00e9cis, id\u00e9ale pour les joueurs recherchant une plus grande agilit\u00e9 dans leur jeu.<\/p>\n<p><strong>Poign\u00e9e NOX Custom Grip<\/strong><br \/>\nLe NOX Custom Grip assure une connexion parfaite entre le joueur et la raquette, am\u00e9liorant l&#8217;adh\u00e9rence et r\u00e9duisant les vibrations, ce qui apporte plus de confort et de contr\u00f4le pendant les matchs.<\/p>\n<p style=\"text-align: center;\"><strong>Approuv\u00e9 par l&#8217;USAP<\/strong><\/p>\n","protected":false},"excerpt":{"rendered":"<p>Voici la raquette de pickleball Luxury Nerbo pour la saison 2025, con\u00e7ue pour les joueurs qui recherchent un maximum d&#8217;agressivit\u00e9 dans leurs coups d&#8217;attaque. La raquette de pickleball NERBO combine la fibre de carbone alumin\u00e9e 18K avec le noyau exclusif Ultra Power Core, offrant une exp\u00e9rience de frappe confortable, solide et ferme. La fibre de [&hellip;]<\/p>\n","protected":false},"featured_media":114371,"comment_status":"open","ping_status":"closed","template":"","meta":[],"product_cat":[935],"product_tag":[],"_links":{"self":[{"href":"https:\/\/www.sport4club.be\/index.php\/wp-json\/wp\/v2\/product\/114374"}],"collection":[{"href":"https:\/\/www.sport4club.be\/index.php\/wp-json\/wp\/v2\/product"}],"about":[{"href":"https:\/\/www.sport4club.be\/index.php\/wp-json\/wp\/v2\/types\/product"}],"replies":[{"embeddable":true,"href":"https:\/\/www.sport4club.be\/index.php\/wp-json\/wp\/v2\/comments?post=114374"}],"wp:featuredmedia":[{"embeddable":true,"href":"https:\/\/www.sport4club.be\/index.php\/wp-json\/wp\/v2\/media\/114371"}],"wp:attachment":[{"href":"https:\/\/www.sport4club.be\/index.php\/wp-json\/wp\/v2\/media?parent=114374"}],"wp:term":[{"taxonomy":"product_cat","embeddable":true,"href":"https:\/\/www.sport4club.be\/index.php\/wp-json\/wp\/v2\/product_cat?post=114374"},{"taxonomy":"product_tag","embeddable":true,"href":"https:\/\/www.sport4club.be\/index.php\/wp-json\/wp\/v2\/product_tag?post=114374"}],"curies":[{"name":"wp","href":"https:\/\/api.w.org\/{rel}","templated":true}]}}