{"id":114364,"date":"2024-12-29T09:33:59","date_gmt":"2024-12-29T08:33:59","guid":{"rendered":"https:\/\/www.sport4club.be\/?post_type=product&#038;p=114364"},"modified":"2025-03-27T08:12:37","modified_gmt":"2025-03-27T07:12:37","slug":"luxury-tempo-25","status":"publish","type":"product","link":"https:\/\/www.sport4club.be\/index.php\/product\/luxury-tempo-25\/","title":{"rendered":"Nox Luxury Tempo 25"},"content":{"rendered":"<p>Pr\u00e9sentation de la raquette de pickleball Luxury Tempo pour la saison 2025, con\u00e7ue pour les joueurs qui recherchent de l&#8217;agressivit\u00e9 dans leurs coups tout en conservant un bon contr\u00f4le.<\/p>\n<p>La raquette de pickleball TEMPO combine la fibre de carbone alumin\u00e9e 18K avec le noyau Enhanced Comfort unique, offrant une sensation de confort, de pr\u00e9cision et d&#8217;\u00e9quilibre \u00e0 chaque coup.<\/p>\n<p><strong>Meilleure r\u00e9sistance \u00e0 la temp\u00e9rature<\/strong><br \/>\nLa fibre de carbone alumin\u00e9e offre une r\u00e9sistance sup\u00e9rieure aux variations de temp\u00e9rature, garantissant des performances constantes quelles que soient les conditions m\u00e9t\u00e9orologiques.<\/p>\n<p><strong>Structure du cadre en carbone renforc\u00e9<\/strong><br \/>\nLe cadre en carbone renforce la rigidit\u00e9 et la durabilit\u00e9, garantissant que la lame conserve sa forme et sa force apr\u00e8s une utilisation prolong\u00e9e.<\/p>\n<p><strong>Technologie Spin<\/strong><br \/>\nGr\u00e2ce \u00e0 notre technologie Spin appliqu\u00e9e aux faces de la raquette, vous serez en mesure d&#8217;ex\u00e9cuter des coups avec une rotation, un contr\u00f4le et une pr\u00e9cision in\u00e9gal\u00e9s, toujours dans le respect des r\u00e8gles approuv\u00e9es par USA Pickleball.<\/p>\n<p><strong>Technologie Airflow Dynamics pour une meilleure maniabilit\u00e9<\/strong><br \/>\nLe syst\u00e8me Airflow Dynamics dans le noyau optimise la maniabilit\u00e9 de la raquette, vous permettant d&#8217;effectuer des mouvements rapides et pr\u00e9cis avec facilit\u00e9, am\u00e9liorant ainsi votre jeu \u00e0 chaque point.<\/p>\n<p><strong>Grip NOX Custom<\/strong><br \/>\nLe NOX Custom Grip offre une connexion parfaite entre le joueur et la raquette. Ce grip am\u00e9liore l&#8217;adh\u00e9rence et r\u00e9duit les vibrations, offrant un plus grand confort et un meilleur contr\u00f4le \u00e0 chaque match.<\/p>\n<p style=\"text-align: center;\"><strong>Approuv\u00e9 par l&#8217;USAP\u00a0<\/strong><\/p>\n<p>&nbsp;<\/p>\n<p>&nbsp;<\/p>\n","protected":false},"excerpt":{"rendered":"<p>Pr\u00e9sentation de la raquette de pickleball Luxury Tempo pour la saison 2025, con\u00e7ue pour les joueurs qui recherchent de l&#8217;agressivit\u00e9 dans leurs coups tout en conservant un bon contr\u00f4le. La raquette de pickleball TEMPO combine la fibre de carbone alumin\u00e9e 18K avec le noyau Enhanced Comfort unique, offrant une sensation de confort, de pr\u00e9cision et [&hellip;]<\/p>\n","protected":false},"featured_media":114365,"comment_status":"open","ping_status":"closed","template":"","meta":[],"product_cat":[935],"product_tag":[],"_links":{"self":[{"href":"https:\/\/www.sport4club.be\/index.php\/wp-json\/wp\/v2\/product\/114364"}],"collection":[{"href":"https:\/\/www.sport4club.be\/index.php\/wp-json\/wp\/v2\/product"}],"about":[{"href":"https:\/\/www.sport4club.be\/index.php\/wp-json\/wp\/v2\/types\/product"}],"replies":[{"embeddable":true,"href":"https:\/\/www.sport4club.be\/index.php\/wp-json\/wp\/v2\/comments?post=114364"}],"wp:featuredmedia":[{"embeddable":true,"href":"https:\/\/www.sport4club.be\/index.php\/wp-json\/wp\/v2\/media\/114365"}],"wp:attachment":[{"href":"https:\/\/www.sport4club.be\/index.php\/wp-json\/wp\/v2\/media?parent=114364"}],"wp:term":[{"taxonomy":"product_cat","embeddable":true,"href":"https:\/\/www.sport4club.be\/index.php\/wp-json\/wp\/v2\/product_cat?post=114364"},{"taxonomy":"product_tag","embeddable":true,"href":"https:\/\/www.sport4club.be\/index.php\/wp-json\/wp\/v2\/product_tag?post=114364"}],"curies":[{"name":"wp","href":"https:\/\/api.w.org\/{rel}","templated":true}]}}