{"id":114282,"date":"2024-11-27T08:39:57","date_gmt":"2024-11-27T07:39:57","guid":{"rendered":"https:\/\/www.sport4club.be\/?post_type=product&#038;p=114282"},"modified":"2024-11-27T08:41:02","modified_gmt":"2024-11-27T07:41:02","slug":"babolat-syn-gut-natural-200m","status":"publish","type":"product","link":"https:\/\/www.sport4club.be\/index.php\/product\/babolat-syn-gut-natural-200m\/","title":{"rendered":"Babolat Syn Gut Natural 200M"},"content":{"rendered":"<p>Le cordage Babolat Synthetic Gut est un cordage \u00e9conomique proposant un excellent rapport qualit\u00e9\/prix. Il offre puissance et confort \u00e0 la frappe.<\/p>\n<p>Les cordes auront tendance \u00e0 bouger si vous \u00eates un lifteur. Par contre, pour les joueurs loisirs ou encore les jeunes, ce cordage sera id\u00e9al pour son \u00e9quilibre entre\u00a0<strong>puissance et confort<\/strong>.<\/p>\n","protected":false},"excerpt":{"rendered":"<p>Le cordage Babolat Synthetic Gut est un cordage \u00e9conomique proposant un excellent rapport qualit\u00e9\/prix. Il offre puissance et confort \u00e0 la frappe. Les cordes auront tendance \u00e0 bouger si vous \u00eates un lifteur. Par contre, pour les joueurs loisirs ou encore les jeunes, ce cordage sera id\u00e9al pour son \u00e9quilibre entre\u00a0puissance et confort.<\/p>\n","protected":false},"featured_media":114283,"comment_status":"open","ping_status":"closed","template":"","meta":[],"product_cat":[108],"product_tag":[],"_links":{"self":[{"href":"https:\/\/www.sport4club.be\/index.php\/wp-json\/wp\/v2\/product\/114282"}],"collection":[{"href":"https:\/\/www.sport4club.be\/index.php\/wp-json\/wp\/v2\/product"}],"about":[{"href":"https:\/\/www.sport4club.be\/index.php\/wp-json\/wp\/v2\/types\/product"}],"replies":[{"embeddable":true,"href":"https:\/\/www.sport4club.be\/index.php\/wp-json\/wp\/v2\/comments?post=114282"}],"wp:featuredmedia":[{"embeddable":true,"href":"https:\/\/www.sport4club.be\/index.php\/wp-json\/wp\/v2\/media\/114283"}],"wp:attachment":[{"href":"https:\/\/www.sport4club.be\/index.php\/wp-json\/wp\/v2\/media?parent=114282"}],"wp:term":[{"taxonomy":"product_cat","embeddable":true,"href":"https:\/\/www.sport4club.be\/index.php\/wp-json\/wp\/v2\/product_cat?post=114282"},{"taxonomy":"product_tag","embeddable":true,"href":"https:\/\/www.sport4club.be\/index.php\/wp-json\/wp\/v2\/product_tag?post=114282"}],"curies":[{"name":"wp","href":"https:\/\/api.w.org\/{rel}","templated":true}]}}