{"id":114212,"date":"2024-10-14T09:29:09","date_gmt":"2024-10-14T07:29:09","guid":{"rendered":"https:\/\/www.sport4club.be\/?post_type=product&#038;p=114212"},"modified":"2025-05-21T15:39:51","modified_gmt":"2025-05-21T13:39:51","slug":"nox-pack-ng17-beach-tennis-limited-edition-2024","status":"publish","type":"product","link":"https:\/\/www.sport4club.be\/index.php\/product\/nox-pack-ng17-beach-tennis-limited-edition-2024\/","title":{"rendered":"Nox Pack NG17 Beach Tennis Limited Edition"},"content":{"rendered":"<p>D\u00e9couvrez le nouveau pack NG17 Beach Tennis LTD 2024, le must-have pour les plus grands fans de Nico Gianotti et de la marque NOX. Un pack unique pour cette nouvelle saison de comp\u00e9tition.<\/p>\n<p>Le pack se compose de :<\/p>\n<ul>\n<li><strong>Raquette NG17 Beach Tennis LTD 2024.<\/strong><\/li>\n<li><strong>Deux \u00e9l\u00e9gants bracelets NOX<\/strong>\u00a0noirs avec le logo en couleur argent.<\/li>\n<li><strong>Deux surgrips\u00a0<\/strong>(noir et blanc).<\/li>\n<li><strong>Un porte-cl\u00e9s r\u00e9plique de la raquette<\/strong>\u00a0NG17 Beach Tennis LTD 2024 exclusivement con\u00e7u pour le pack LTD.<\/li>\n<\/ul>\n<p>Ne manquez pas le joyau de la couronne de notre nouvelle collection de raquettes de beach tennis !<\/p>\n<p>Une raquette qui r\u00e9pond aux attentes du\u00a0<strong>num\u00e9ro 1 mondial du beach tennis, le<\/strong>\u00a0Fran\u00e7ais Nico Gianotti. Maniabilit\u00e9 et puissance maximales \u00e0 chaque coup, sans oublier un contr\u00f4le exceptionnel sur le sable.<\/p>\n<p>Cette \u00e9dition limit\u00e9e partage les m\u00eames caract\u00e9ristiques qui ont fait de sa s\u0153ur NG17 Luxury l&#8217;une des raquettes de r\u00e9f\u00e9rence dans ce sport. Nous avons incorpor\u00e9 du\u00a0<strong>carbone alumin\u00e9 18K<\/strong>\u00a0dans ses faces afin d&#8217;apporter la rigidit\u00e9 n\u00e9cessaire pour que vous vous sentiez comme un joueur d&#8217;\u00e9lite, agressif dans votre jeu et s\u00fbr en d\u00e9fense.<\/p>\n<p>Le c\u0153ur de la balle est le caoutchouc\u00a0<strong>HR3 Black Eva Hard<\/strong>, un caoutchouc de haute densit\u00e9 qui facilite le contr\u00f4le lors des blocages.<\/p>\n<p>La NG17 Beach Tennis LTD 2024 a une esth\u00e9tique \u00e9l\u00e9gante qui vous fera briller \u00e0 chaque match. Tout comme le fid\u00e8le alli\u00e9 qui a conduit Nico en t\u00eate du classement mondial, elle poss\u00e8de un sch\u00e9ma de trous sp\u00e9cialement con\u00e7u pour maintenir un \u00e9quilibre interm\u00e9diaire qui en fait une raquette facile \u00e0 utiliser pour les joueurs de tous niveaux.<\/p>\n","protected":false},"excerpt":{"rendered":"<p>D\u00e9couvrez le nouveau pack NG17 Beach Tennis LTD 2024, le must-have pour les plus grands fans de Nico Gianotti et de la marque NOX. Un pack unique pour cette nouvelle saison de comp\u00e9tition. Le pack se compose de : Raquette NG17 Beach Tennis LTD 2024. Deux \u00e9l\u00e9gants bracelets NOX\u00a0noirs avec le logo en couleur argent. [&hellip;]<\/p>\n","protected":false},"featured_media":114213,"comment_status":"open","ping_status":"closed","template":"","meta":[],"product_cat":[770],"product_tag":[],"_links":{"self":[{"href":"https:\/\/www.sport4club.be\/index.php\/wp-json\/wp\/v2\/product\/114212"}],"collection":[{"href":"https:\/\/www.sport4club.be\/index.php\/wp-json\/wp\/v2\/product"}],"about":[{"href":"https:\/\/www.sport4club.be\/index.php\/wp-json\/wp\/v2\/types\/product"}],"replies":[{"embeddable":true,"href":"https:\/\/www.sport4club.be\/index.php\/wp-json\/wp\/v2\/comments?post=114212"}],"wp:featuredmedia":[{"embeddable":true,"href":"https:\/\/www.sport4club.be\/index.php\/wp-json\/wp\/v2\/media\/114213"}],"wp:attachment":[{"href":"https:\/\/www.sport4club.be\/index.php\/wp-json\/wp\/v2\/media?parent=114212"}],"wp:term":[{"taxonomy":"product_cat","embeddable":true,"href":"https:\/\/www.sport4club.be\/index.php\/wp-json\/wp\/v2\/product_cat?post=114212"},{"taxonomy":"product_tag","embeddable":true,"href":"https:\/\/www.sport4club.be\/index.php\/wp-json\/wp\/v2\/product_tag?post=114212"}],"curies":[{"name":"wp","href":"https:\/\/api.w.org\/{rel}","templated":true}]}}